{"id":164269,"date":"2026-04-08T16:17:13","date_gmt":"2026-04-08T14:17:13","guid":{"rendered":"https:\/\/secureus.se\/magicard-300-duo-id-kortsskrivare-med-elatec-smartkortkodning-dubbelsidig\/"},"modified":"2026-04-23T12:28:42","modified_gmt":"2026-04-23T10:28:42","slug":"magicard-300-duo-id-kortsskrivare-med-elatec-smartkortkodning-dubbelsidig","status":"publish","type":"product","link":"https:\/\/secureus.se\/de\/magicard-300-duo-id-kortsskrivare-med-elatec-smartkortkodning-dubbelsidig\/","title":{"rendered":"Magicard 300 DUO Ausweisdrucker mit Elatec Smartcard-Kodierung \u2013 Doppelseitig"},"content":{"rendered":"<h3 data-section-id=\"1eqca0g\" data-start=\"794\" data-end=\"856\">Magicard 300 DUO \u2013 Ausweisdrucker mit Smartcard-Encoder (Elatec)<\/h3>\n<p data-start=\"858\" data-end=\"1152\">Der Magicard 300 DUO (P-MAG-3300-0023) ist ein benutzerfreundlicher und kosteng\u00fcnstiger Ausweisdrucker mit integrierter Smartcard-Codierung \u00fcber Elatec. Er eignet sich ideal f\u00fcr Unternehmen, Schulen und Organisationen, die moderne Ausweise mit RFID- oder Chip-Funktionalit\u00e4t f\u00fcr Zutrittskontrollsysteme und andere Anwendungen ben\u00f6tigen.<\/p>\n<p data-start=\"1154\" data-end=\"1341\">Dieses Modell vereint Benutzerfreundlichkeit mit der Unterst\u00fctzung fortschrittlicher Kartenl\u00f6sungen und ist damit der perfekte n\u00e4chste Schritt von einfacheren Druckern, ohne gleich auf Enterprise-Niveau gehen zu m\u00fcssen.<\/p>\n<hr data-start=\"1343\" data-end=\"1346\" \/>\n<h3 data-section-id=\"7rvy8a\" data-start=\"1348\" data-end=\"1387\">Smartcard-Codierung f\u00fcr moderne Systeme<\/h3>\n<p data-start=\"1389\" data-end=\"1465\">Dank der Unterst\u00fctzung mehrerer Smartcard-Technologien k\u00f6nnen Sie funktionale Karten erstellen f\u00fcr:<\/p>\n<ul data-start=\"1467\" data-end=\"1588\">\n<li data-section-id=\"1hskxmw\" data-start=\"1467\" data-end=\"1502\">Zutrittskontrollsysteme<\/li>\n<li data-section-id=\"59wxmx\" data-start=\"1503\" data-end=\"1535\">Firmen-ID mit Berechtigungen<\/li>\n<li data-section-id=\"tiy3qr\" data-start=\"1536\" data-end=\"1563\">Studenten- und Campusausweise<\/li>\n<li data-section-id=\"1wdrb5w\" data-start=\"1564\" data-end=\"1588\">Mitgliedskarte mit RFID<\/li>\n<\/ul>\n<p data-start=\"1590\" data-end=\"1615\">Unterst\u00fctzung f\u00fcr Technologien wie:<\/p>\n<ul data-start=\"1617\" data-end=\"1694\">\n<li data-section-id=\"o133mk\" data-start=\"1617\" data-end=\"1627\">MIFARE<\/li>\n<li data-section-id=\"1hjdjxe\" data-start=\"1628\" data-end=\"1639\">DESFire<\/li>\n<li data-section-id=\"1bfu70v\" data-start=\"1640\" data-end=\"1650\">iClass<\/li>\n<li data-section-id=\"y8o3k6\" data-start=\"1651\" data-end=\"1694\">Kontaktchip (je nach Konfiguration)<\/li>\n<\/ul>\n<p data-start=\"1696\" data-end=\"1777\">Bietet eine zukunftssichere L\u00f6sung f\u00fcr Organisationen, die mit kontaktlosen Karten arbeiten.<\/p>\n<hr data-start=\"1779\" data-end=\"1782\" \/>\n<h3 data-section-id=\"vxhmmy\" data-start=\"1784\" data-end=\"1819\">Professionelle Druckqualit\u00e4t<\/h3>\n<p data-start=\"1821\" data-end=\"1883\">Der Magicard 300 liefert Ausdrucke mit 300 x 300 dpi und bietet Folgendes:<\/p>\n<ul data-start=\"1885\" data-end=\"1953\">\n<li data-section-id=\"phpm8s\" data-start=\"1885\" data-end=\"1908\">Klare Fotos<\/li>\n<li data-section-id=\"w9cw7n\" data-start=\"1909\" data-end=\"1929\">Scharfe Logos<\/li>\n<li data-section-id=\"1u9ihby\" data-start=\"1930\" data-end=\"1953\">Gute Farbwiedergabe<\/li>\n<\/ul>\n<p data-start=\"1955\" data-end=\"2059\">Ideal f\u00fcr die t\u00e4gliche Kartenproduktion mit professionellem Ergebnis.<\/p>\n<hr data-start=\"2061\" data-end=\"2064\" \/>\n<h3 data-section-id=\"jeuuy4\" data-start=\"2066\" data-end=\"2107\">Doppelseitiger Druck f\u00fcr mehr Funktionalit\u00e4t<\/h3>\n<p data-start=\"2109\" data-end=\"2178\">Mit dem automatischen Duplexdruck k\u00f6nnen Sie die gesamte Kartenoberfl\u00e4che nutzen:<\/p>\n<ul data-start=\"2180\" data-end=\"2265\">\n<li data-section-id=\"hm56il\" data-start=\"2180\" data-end=\"2212\">Vorderseite: Foto und Identit\u00e4t<\/li>\n<li data-section-id=\"1fe1qeg\" data-start=\"2213\" data-end=\"2265\">Zur\u00fcck: Regeln, Codierung oder zus\u00e4tzliche Informationen<\/li>\n<\/ul>\n<p data-start=\"2267\" data-end=\"2305\">Bietet in der Praxis funktionalere Karten.<\/p>\n<hr data-start=\"2307\" data-end=\"2310\" \/>\n<h3 data-section-id=\"rnqd60\" data-start=\"2312\" data-end=\"2346\">Effiziente Produktion im Alltag<\/h3>\n<p data-start=\"2348\" data-end=\"2387\">Der Magicard 300 ist f\u00fcr einen stabilen Betrieb ausgelegt:<\/p>\n<ul data-start=\"2389\" data-end=\"2498\">\n<li data-section-id=\"78jwjh\" data-start=\"2389\" data-end=\"2424\">Bis zu 160 Farbkarten pro Stunde<\/li>\n<li data-section-id=\"1t4kpyp\" data-start=\"2425\" data-end=\"2466\">Bis zu 720 Schwarzwei\u00dfkarten pro Stunde<\/li>\n<li data-section-id=\"1n6agks\" data-start=\"2467\" data-end=\"2498\">Etwa 23 Sekunden pro Farbkarte<\/li>\n<\/ul>\n<p data-start=\"2500\" data-end=\"2595\">Ideal f\u00fcr Unternehmen mit kontinuierlicher Kartenproduktion.<\/p>\n<hr data-start=\"2597\" data-end=\"2600\" \/>\n<h3 data-section-id=\"6vgjf0\" data-start=\"2602\" data-end=\"2622\">Eingebaute Sicherheit<\/h3>\n<ul data-start=\"2624\" data-end=\"2754\">\n<li data-section-id=\"1hgdx4n\" data-start=\"2624\" data-end=\"2674\"><strong data-start=\"2626\" data-end=\"2653\">HoloKote\u00ae-Wasserzeichen<\/strong> zum visuellen Schutz<\/li>\n<li data-section-id=\"9zrpbc\" data-start=\"2675\" data-end=\"2700\">Anpassbares Design<\/li>\n<li data-section-id=\"16g0s5p\" data-start=\"2701\" data-end=\"2754\"><strong data-start=\"2703\" data-end=\"2724\">Digitale Aktenvernichtung<\/strong> L\u00f6scht Daten nach dem Drucken<\/li>\n<\/ul>\n<p data-start=\"2756\" data-end=\"2847\">Bietet sowohl sicherere Karten als auch einen besseren Schutz pers\u00f6nlicher Daten.<\/p>\n<hr data-start=\"2849\" data-end=\"2852\" \/>\n<h3 data-section-id=\"l8c361\" data-start=\"2854\" data-end=\"2892\">Einfache Installation und Integration<\/h3>\n<ul data-start=\"2894\" data-end=\"2974\">\n<li data-section-id=\"142d0jd\" data-start=\"2894\" data-end=\"2914\">USB und Ethernet<\/li>\n<li data-section-id=\"14vqazo\" data-start=\"2915\" data-end=\"2930\">Plug &amp; Play<\/li>\n<li data-section-id=\"1be31mw\" data-start=\"2931\" data-end=\"2974\">Einfache Integration in bestehende Systeme<\/li>\n<\/ul>\n<p data-start=\"2976\" data-end=\"3022\">Geeignet f\u00fcr Organisationen ohne hochentwickelte IT-Umgebung.<\/p>\n<hr data-start=\"3024\" data-end=\"3027\" \/>\n<h3 data-section-id=\"16h16n3\" data-start=\"3029\" data-end=\"3068\">Stabile und kosteng\u00fcnstige L\u00f6sung<\/h3>\n<p data-start=\"3070\" data-end=\"3118\">Der Magicard 300 ist f\u00fcr den Langzeiteinsatz konzipiert:<\/p>\n<ul data-start=\"3120\" data-end=\"3200\">\n<li data-section-id=\"j96c48\" data-start=\"3120\" data-end=\"3143\">Robuste Konstruktion<\/li>\n<li data-section-id=\"1itc5tk\" data-start=\"3144\" data-end=\"3179\">Effektive Verwendung von B\u00e4ndern<\/li>\n<li data-section-id=\"1j0twub\" data-start=\"3180\" data-end=\"3200\">Niedrige Betriebskosten<\/li>\n<\/ul>\n<p data-start=\"3202\" data-end=\"3303\">Der Drucker optimiert au\u00dferdem den Druckvorgang, um Abfall zu minimieren.<\/p>\n<hr data-start=\"3305\" data-end=\"3308\" \/>\n<h3 data-section-id=\"iwf276\" data-start=\"3310\" data-end=\"3334\">Garantie und Sicherheit<\/h3>\n<ul data-start=\"3336\" data-end=\"3403\">\n<li data-section-id=\"l98imx\" data-start=\"3336\" data-end=\"3353\">3 Jahre Garantie<\/li>\n<li data-section-id=\"qgpyvg\" data-start=\"3354\" data-end=\"3372\">Globale Unterst\u00fctzung<\/li>\n<li data-section-id=\"n39f82\" data-start=\"3373\" data-end=\"3403\">M\u00f6glichkeit der Erweiterung<\/li>\n<\/ul>\n<p data-start=\"3405\" data-end=\"3510\">Gilt bei Verwendung von Original-Verbrauchsmaterialien und ordnungsgem\u00e4\u00dfer Wartung.<\/p>\n<hr data-start=\"3512\" data-end=\"3515\" \/>\n<h3 data-section-id=\"12w8785\" data-start=\"3517\" data-end=\"3562\">Technische Spezifikationen (Zusammenfassung)<\/h3>\n<ul data-start=\"3564\" data-end=\"3866\">\n<li data-section-id=\"sei0c3\" data-start=\"3564\" data-end=\"3598\">Modell: Magicard 300 DUO Smart<\/li>\n<li data-section-id=\"1qqrznp\" data-start=\"3599\" data-end=\"3633\">Artikelnummer: P-MAG-3300-0023<\/li>\n<li data-section-id=\"1vn1bje\" data-start=\"3634\" data-end=\"3659\">Druck: Beidseitig<\/li>\n<li data-section-id=\"1nsuhxh\" data-start=\"3660\" data-end=\"3689\">Aufl\u00f6sung: 300 x 300 dpi<\/li>\n<li data-section-id=\"1c6m1mp\" data-start=\"3690\" data-end=\"3728\">Geschwindigkeit: bis zu 160 Karten\/Stunde<\/li>\n<li data-section-id=\"zw1en0\" data-start=\"3729\" data-end=\"3760\">Kodierung: Smartcard (Elatec)<\/li>\n<li data-section-id=\"6qlhy1\" data-start=\"3761\" data-end=\"3790\">Kapazit\u00e4t: 100 Einlass \/ 70 Auslass<\/li>\n<li data-section-id=\"1fr1ygq\" data-start=\"3791\" data-end=\"3818\">Kartenformat: CR80 \/ CR79<\/li>\n<li data-section-id=\"794tec\" data-start=\"3819\" data-end=\"3848\">Anschl\u00fcsse: USB, Ethernet<\/li>\n<li data-section-id=\"qnevs9\" data-start=\"3849\" data-end=\"3866\">Gewicht: ca. 5 kg<\/li>\n<\/ul>\n<hr data-start=\"3868\" data-end=\"3871\" \/>\n<h3 data-section-id=\"11hcs70\" data-start=\"3873\" data-end=\"3897\">Wichtig zu beachten<\/h3>\n<ul data-start=\"3899\" data-end=\"4000\">\n<li data-section-id=\"ddg5am\" data-start=\"3899\" data-end=\"3920\">Band nicht enthalten<\/li>\n<li data-section-id=\"ul3fqp\" data-start=\"3921\" data-end=\"3968\">Empfohlen werden Original Magicard Verbrauchsmaterialien.<\/li>\n<li data-section-id=\"1wxbumd\" data-start=\"3969\" data-end=\"4000\">Regelm\u00e4\u00dfige Reinigung erforderlich<\/li>\n<\/ul>\n<hr data-start=\"4002\" data-end=\"4005\" \/>\n<h3 data-section-id=\"ethgyn\" data-start=\"4007\" data-end=\"4022\">Perfekt f\u00fcr<\/h3>\n<ul data-start=\"4024\" data-end=\"4183\">\n<li data-section-id=\"1htqaue\" data-start=\"4024\" data-end=\"4057\">Unternehmen mit RFID-Zutrittskontrollsystemen<\/li>\n<li data-section-id=\"ei9hza\" data-start=\"4058\" data-end=\"4084\">Schulen und Universit\u00e4ten<\/li>\n<li data-section-id=\"nm32nw\" data-start=\"4085\" data-end=\"4112\">Mitglieds- und Zugangskarten<\/li>\n<li data-section-id=\"248698\" data-start=\"4113\" data-end=\"4153\">Organisationen, die Smartcards verwenden<\/li>\n<li data-section-id=\"ox6rg2\" data-start=\"4154\" data-end=\"4183\">T\u00e4gliche Ausweisproduktion<\/li>\n<\/ul>\n<hr data-start=\"4185\" data-end=\"4188\" \/>\n<h2 data-section-id=\"1nhgcqf\" data-start=\"4190\" data-end=\"4216\"><span role=\"text\"><strong data-start=\"4193\" data-end=\"4216\">Schnelle Positionierung<\/strong><\/span><\/h2>\n<p data-start=\"4218\" data-end=\"4253\">Dies ist das richtige Modell f\u00fcr Sie, wenn Sie:<\/p>\n<ul data-start=\"4254\" data-end=\"4380\">\n<li data-section-id=\"15hkcbh\" data-start=\"4254\" data-end=\"4286\">brauchen <strong data-start=\"4264\" data-end=\"4284\">Smartcard \/ RFID<\/strong><\/li>\n<li data-section-id=\"mzm5zp\" data-start=\"4287\" data-end=\"4333\">Ich will eins <strong data-start=\"4300\" data-end=\"4331\">kosteng\u00fcnstige und moderne L\u00f6sung<\/strong><\/li>\n<li data-section-id=\"njjjun\" data-start=\"4334\" data-end=\"4380\">auf der Suche nach einem <strong data-start=\"4345\" data-end=\"4380\">einfacher Drucker f\u00fcr den t\u00e4glichen Gebrauch<\/strong><\/li>\n<\/ul>","protected":false},"excerpt":{"rendered":"<p data-start=\"331\" data-end=\"552\">Der Magicard 300 DUO mit Elatec-Smartcard-Codierung ist ein flexibler und sicherer Ausweisdrucker f\u00fcr Organisationen, die mit RFID- und Chipkarten arbeiten. Er eignet sich ideal f\u00fcr Zutrittskontrollsysteme, Schulen und Unternehmen, die moderne Kartenl\u00f6sungen ben\u00f6tigen.<\/p>\n<ul data-start=\"554\" data-end=\"762\">\n<li data-section-id=\"1uls68x\" data-start=\"554\" data-end=\"587\">Doppelseitiger Druck (Duplex)<\/li>\n<li data-section-id=\"1qzgasc\" data-start=\"588\" data-end=\"633\">Smartcard-Codierung \u00fcber Elatec (RFID \/ Chip)<\/li>\n<li data-section-id=\"vguep3\" data-start=\"634\" data-end=\"668\">300 x 300 dpi f\u00fcr transparente Karten<\/li>\n<li data-section-id=\"78jwjh\" data-start=\"669\" data-end=\"704\">Bis zu 160 Farbkarten pro Stunde<\/li>\n<li data-section-id=\"sg0mgt\" data-start=\"705\" data-end=\"741\">HoloKote\u00ae Sicherheitswasserzeichen<\/li>\n<li data-section-id=\"142d0jd\" data-start=\"742\" data-end=\"762\">USB und Ethernet<\/li>\n<\/ul>","protected":false},"featured_media":164263,"template":"","meta":{"_acf_changed":false},"product_brand":[],"product_cat":[3208],"product_tag":[],"class_list":{"0":"post-164269","1":"product","2":"type-product","3":"status-publish","4":"has-post-thumbnail","6":"product_cat-magicard","7":"product_shipping_class-tunga-paket","8":"pa_brands-magicard","9":"tm-no-options","11":"first","12":"instock","13":"sale","14":"taxable","15":"shipping-taxable","16":"purchasable","17":"product-type-simple"},"acf":[],"_links":{"self":[{"href":"https:\/\/secureus.se\/de\/wp-json\/wp\/v2\/product\/164269","targetHints":{"allow":["GET"]}}],"collection":[{"href":"https:\/\/secureus.se\/de\/wp-json\/wp\/v2\/product"}],"about":[{"href":"https:\/\/secureus.se\/de\/wp-json\/wp\/v2\/types\/product"}],"wp:featuredmedia":[{"embeddable":true,"href":"https:\/\/secureus.se\/de\/wp-json\/wp\/v2\/media\/164263"}],"wp:attachment":[{"href":"https:\/\/secureus.se\/de\/wp-json\/wp\/v2\/media?parent=164269"}],"wp:term":[{"taxonomy":"product_brand","embeddable":true,"href":"https:\/\/secureus.se\/de\/wp-json\/wp\/v2\/product_brand?post=164269"},{"taxonomy":"product_cat","embeddable":true,"href":"https:\/\/secureus.se\/de\/wp-json\/wp\/v2\/product_cat?post=164269"},{"taxonomy":"product_tag","embeddable":true,"href":"https:\/\/secureus.se\/de\/wp-json\/wp\/v2\/product_tag?post=164269"}],"curies":[{"name":"wp","href":"https:\/\/api.w.org\/{rel}","templated":true}]}}