{"id":164276,"date":"2026-04-08T16:17:20","date_gmt":"2026-04-08T14:17:20","guid":{"rendered":"https:\/\/secureus.se\/magicard-300-duo-id-kortsskrivare-med-kodare-for-magnetremsa-smartkort-elatec-dubbelsidig\/"},"modified":"2026-04-27T12:37:51","modified_gmt":"2026-04-27T10:37:51","slug":"magicard-300-duo-id-kortsskrivare-med-kodare-for-magnetremsa-smartkort-elatec-dubbelsidig","status":"publish","type":"product","link":"https:\/\/secureus.se\/de\/magicard-300-duo-id-kortsskrivare-med-kodare-for-magnetremsa-smartkort-elatec-dubbelsidig\/","title":{"rendered":"Magicard 300 DUO Ausweisdrucker mit Encoder f\u00fcr Magnetstreifen- und Smartcards (Elatec) \u2013 Doppelseitig"},"content":{"rendered":"<h3 data-section-id=\"1c21mlj\" data-start=\"813\" data-end=\"893\">Magicard 300 DUO \u2013 ID-kortsskrivare med kodare f\u00f6r magnetremsa och smartkort<\/h3>\n<p data-start=\"895\" data-end=\"1141\">Magicard 300 DUO (P-MAG-3300-0024) \u00e4r en komplett ID-kortsskrivare f\u00f6r organisationer som beh\u00f6ver maximal flexibilitet. Med b\u00e5de magnetremskodning och smartkortkodning via Elatec kan du producera kort som fungerar i b\u00e5de \u00e4ldre och moderna system.<\/p>\n<p data-start=\"1143\" data-end=\"1295\">Detta g\u00f6r modellen s\u00e4rskilt l\u00e4mplig f\u00f6r verksamheter som \u00e4r i \u00f6verg\u00e5ng fr\u00e5n magnetkort till RFID eller som beh\u00f6ver st\u00f6d f\u00f6r flera teknologier samtidigt.<\/p>\n<hr data-start=\"1297\" data-end=\"1300\" \/>\n<h3 data-section-id=\"1fkbgtw\" data-start=\"1302\" data-end=\"1355\">Full flexibilitet \u2013 tv\u00e5 teknologier i en skrivare<\/h3>\n<p data-start=\"1357\" data-end=\"1383\">Skrivaren \u00e4r utrustad med:<\/p>\n<ul data-start=\"1385\" data-end=\"1473\">\n<li data-section-id=\"1txky9z\" data-start=\"1385\" data-end=\"1427\">Kodare f\u00f6r magnetremsa (HiCo och LoCo)<\/li>\n<li data-section-id=\"phtq8q\" data-start=\"1428\" data-end=\"1473\">Smartkortkodning (Elatec \u2013 RFID och chip)<\/li>\n<\/ul>\n<p data-start=\"1475\" data-end=\"1500\">Det g\u00f6r att du kan skapa:<\/p>\n<ul data-start=\"1502\" data-end=\"1634\">\n<li data-section-id=\"1h53p7w\" data-start=\"1502\" data-end=\"1516\">Zugangskarte<\/li>\n<li data-section-id=\"ojsrmd\" data-start=\"1517\" data-end=\"1550\">Personalkort med beh\u00f6righeter<\/li>\n<li data-section-id=\"15h7qs1\" data-start=\"1551\" data-end=\"1566\">Medlemskort<\/li>\n<li data-section-id=\"vjf6bz\" data-start=\"1567\" data-end=\"1602\">Zeiterfassungssystemkarten<\/li>\n<li data-section-id=\"1sbzrin\" data-start=\"1603\" data-end=\"1634\">RFID- och chipbaserade kort<\/li>\n<\/ul>\n<p data-start=\"1636\" data-end=\"1703\">En framtidss\u00e4ker l\u00f6sning som t\u00e4cker b\u00e5de befintliga och nya system.<\/p>\n<hr data-start=\"1705\" data-end=\"1708\" \/>\n<h3 data-section-id=\"vxhmmy\" data-start=\"1710\" data-end=\"1745\">Professionelle Druckqualit\u00e4t<\/h3>\n<p data-start=\"1747\" data-end=\"1809\">Der Magicard 300 liefert Ausdrucke mit 300 x 300 dpi und bietet Folgendes:<\/p>\n<ul data-start=\"1811\" data-end=\"1879\">\n<li data-section-id=\"phpm8s\" data-start=\"1811\" data-end=\"1834\">Klare Fotos<\/li>\n<li data-section-id=\"w9cw7n\" data-start=\"1835\" data-end=\"1855\">Scharfe Logos<\/li>\n<li data-section-id=\"1u9ihby\" data-start=\"1856\" data-end=\"1879\">Gute Farbwiedergabe<\/li>\n<\/ul>\n<p data-start=\"1881\" data-end=\"1995\">Perfekt f\u00f6r daglig kortproduktion d\u00e4r b\u00e5de funktion och utseende \u00e4r viktigt.<\/p>\n<hr data-start=\"1997\" data-end=\"2000\" \/>\n<h3 data-section-id=\"jeuuy4\" data-start=\"2002\" data-end=\"2043\">Doppelseitiger Druck f\u00fcr mehr Funktionalit\u00e4t<\/h3>\n<p data-start=\"2045\" data-end=\"2097\">Med duplex-utskrift kan du anv\u00e4nda hela kortets yta:<\/p>\n<ul data-start=\"2099\" data-end=\"2186\">\n<li data-section-id=\"hm56il\" data-start=\"2099\" data-end=\"2131\">Vorderseite: Foto und Identit\u00e4t<\/li>\n<li data-section-id=\"h879by\" data-start=\"2132\" data-end=\"2186\">Baksida: regler, streckkod eller extra information<\/li>\n<\/ul>\n<p data-start=\"2188\" data-end=\"2231\">Ger mer professionella och anv\u00e4ndbara kort.<\/p>\n<hr data-start=\"2233\" data-end=\"2236\" \/>\n<h3 data-section-id=\"1witxs8\" data-start=\"2238\" data-end=\"2272\">Effektiv och stabil produktion<\/h3>\n<p data-start=\"2274\" data-end=\"2319\">Magicard 300 \u00e4r byggd f\u00f6r kontinuerlig drift:<\/p>\n<ul data-start=\"2321\" data-end=\"2430\">\n<li data-section-id=\"78jwjh\" data-start=\"2321\" data-end=\"2356\">Bis zu 160 Farbkarten pro Stunde<\/li>\n<li data-section-id=\"1t4kpyp\" data-start=\"2357\" data-end=\"2398\">Bis zu 720 Schwarzwei\u00dfkarten pro Stunde<\/li>\n<li data-section-id=\"1n6agks\" data-start=\"2399\" data-end=\"2430\">Etwa 23 Sekunden pro Farbkarte<\/li>\n<\/ul>\n<p data-start=\"2432\" data-end=\"2529\">Perfekt f\u00f6r verksamheter med l\u00f6pande behov av kortutskrift.<\/p>\n<hr data-start=\"2531\" data-end=\"2534\" \/>\n<h3 data-section-id=\"6vgjf0\" data-start=\"2536\" data-end=\"2556\">Eingebaute Sicherheit<\/h3>\n<ul data-start=\"2558\" data-end=\"2701\">\n<li data-section-id=\"m6s4sw\" data-start=\"2558\" data-end=\"2616\"><strong data-start=\"2560\" data-end=\"2587\">HoloKote\u00ae-Wasserzeichen<\/strong> skyddar kort mot kopiering<\/li>\n<li data-section-id=\"1tgs8is\" data-start=\"2617\" data-end=\"2647\">M\u00f6jlighet till egen design<\/li>\n<li data-section-id=\"16g0s5p\" data-start=\"2648\" data-end=\"2701\"><strong data-start=\"2650\" data-end=\"2671\">Digitale Aktenvernichtung<\/strong> L\u00f6scht Daten nach dem Drucken<\/li>\n<\/ul>\n<p data-start=\"2703\" data-end=\"2782\">Ger b\u00e5de visuellt skydd och datas\u00e4kerhet.<\/p>\n<hr data-start=\"2784\" data-end=\"2787\" \/>\n<h3 data-section-id=\"l8c361\" data-start=\"2789\" data-end=\"2827\">Einfache Installation und Integration<\/h3>\n<ul data-start=\"2829\" data-end=\"2905\">\n<li data-section-id=\"142d0jd\" data-start=\"2829\" data-end=\"2849\">USB und Ethernet<\/li>\n<li data-section-id=\"14vqazo\" data-start=\"2850\" data-end=\"2865\">Plug &amp; Play<\/li>\n<li data-section-id=\"1t6mqmk\" data-start=\"2866\" data-end=\"2905\">Enkel att anv\u00e4nda utan avancerad IT<\/li>\n<\/ul>\n<p data-start=\"2907\" data-end=\"2953\">Passar b\u00e5de sm\u00e5 och medelstora organisationer.<\/p>\n<hr data-start=\"2955\" data-end=\"2958\" \/>\n<h3 data-section-id=\"16h16n3\" data-start=\"2960\" data-end=\"2999\">Stabile und kosteng\u00fcnstige L\u00f6sung<\/h3>\n<p data-start=\"3001\" data-end=\"3054\">Magicard 300 \u00e4r konstruerad f\u00f6r l\u00e5ngvarig anv\u00e4ndning:<\/p>\n<ul data-start=\"3056\" data-end=\"3136\">\n<li data-section-id=\"1mvpx1e\" data-start=\"3056\" data-end=\"3079\">Robust byggkvalitet<\/li>\n<li data-section-id=\"1itc5tk\" data-start=\"3080\" data-end=\"3115\">Effektive Verwendung von B\u00e4ndern<\/li>\n<li data-section-id=\"1j0twub\" data-start=\"3116\" data-end=\"3136\">Niedrige Betriebskosten<\/li>\n<\/ul>\n<p data-start=\"3138\" data-end=\"3239\">Skrivaren optimerar dessutom f\u00e4rgbandet f\u00f6r att minimera spill.<\/p>\n<hr data-start=\"3241\" data-end=\"3244\" \/>\n<h3 data-section-id=\"iwf276\" data-start=\"3246\" data-end=\"3270\">Garantie und Sicherheit<\/h3>\n<ul data-start=\"3272\" data-end=\"3353\">\n<li data-section-id=\"l98imx\" data-start=\"3272\" data-end=\"3289\">3 Jahre Garantie<\/li>\n<li data-section-id=\"1dh68nb\" data-start=\"3290\" data-end=\"3322\">Zugang zu globaler Unterst\u00fctzung<\/li>\n<li data-section-id=\"n39f82\" data-start=\"3323\" data-end=\"3353\">M\u00f6glichkeit der Erweiterung<\/li>\n<\/ul>\n<p data-start=\"3355\" data-end=\"3460\">Gilt bei Verwendung von Original-Verbrauchsmaterialien und ordnungsgem\u00e4\u00dfer Wartung.<\/p>\n<hr data-start=\"3462\" data-end=\"3465\" \/>\n<h3 data-section-id=\"12w8785\" data-start=\"3467\" data-end=\"3512\">Technische Spezifikationen (Zusammenfassung)<\/h3>\n<ul data-start=\"3514\" data-end=\"3834\">\n<li data-section-id=\"1hz4hq0\" data-start=\"3514\" data-end=\"3552\">Modell: Magicard 300 DUO Mag Smart<\/li>\n<li data-section-id=\"1qqryrm\" data-start=\"3553\" data-end=\"3587\">Artikelnummer: P-MAG-3300-0024<\/li>\n<li data-section-id=\"1vn1bje\" data-start=\"3588\" data-end=\"3613\">Druck: Beidseitig<\/li>\n<li data-section-id=\"1nsuhxh\" data-start=\"3614\" data-end=\"3643\">Aufl\u00f6sung: 300 x 300 dpi<\/li>\n<li data-section-id=\"1c6m1mp\" data-start=\"3644\" data-end=\"3682\">Geschwindigkeit: bis zu 160 Karten\/Stunde<\/li>\n<li data-section-id=\"2o8h57\" data-start=\"3683\" data-end=\"3728\">Kodning: Magnetremsa + smartkort (Elatec)<\/li>\n<li data-section-id=\"6qlhy1\" data-start=\"3729\" data-end=\"3758\">Kapazit\u00e4t: 100 Einlass \/ 70 Auslass<\/li>\n<li data-section-id=\"1fr1ygq\" data-start=\"3759\" data-end=\"3786\">Kartenformat: CR80 \/ CR79<\/li>\n<li data-section-id=\"794tec\" data-start=\"3787\" data-end=\"3816\">Anschl\u00fcsse: USB, Ethernet<\/li>\n<li data-section-id=\"qnevs9\" data-start=\"3817\" data-end=\"3834\">Gewicht: ca. 5 kg<\/li>\n<\/ul>\n<hr data-start=\"3836\" data-end=\"3839\" \/>\n<h3 data-section-id=\"11hcs70\" data-start=\"3841\" data-end=\"3865\">Wichtig zu beachten<\/h3>\n<ul data-start=\"3867\" data-end=\"3968\">\n<li data-section-id=\"ddg5am\" data-start=\"3867\" data-end=\"3888\">Band nicht enthalten<\/li>\n<li data-section-id=\"ul3fqp\" data-start=\"3889\" data-end=\"3936\">Empfohlen werden Original Magicard Verbrauchsmaterialien.<\/li>\n<li data-section-id=\"1wxbumd\" data-start=\"3937\" data-end=\"3968\">Regelm\u00e4\u00dfige Reinigung erforderlich<\/li>\n<\/ul>\n<hr data-start=\"3970\" data-end=\"3973\" \/>\n<h3 data-section-id=\"ethgyn\" data-start=\"3975\" data-end=\"3990\">Perfekt f\u00fcr<\/h3>\n<ul data-start=\"3992\" data-end=\"4162\">\n<li data-section-id=\"16s7ssg\" data-start=\"3992\" data-end=\"4039\">F\u00f6retag med b\u00e5de gamla och nya passersystem<\/li>\n<li data-section-id=\"zg5dek\" data-start=\"4040\" data-end=\"4079\">Organisationer i \u00f6verg\u00e5ng till RFID<\/li>\n<li data-section-id=\"nm32nw\" data-start=\"4080\" data-end=\"4107\">Mitglieds- und Zugangskarten<\/li>\n<li data-section-id=\"1twnyix\" data-start=\"4108\" data-end=\"4136\">Skolor och institutioner<\/li>\n<li data-section-id=\"tgwext\" data-start=\"4137\" data-end=\"4162\">Daglig kortproduktion<\/li>\n<\/ul>\n<hr data-start=\"4164\" data-end=\"4167\" \/>\n<h2 data-section-id=\"1nhgcqf\" data-start=\"4169\" data-end=\"4195\"><span role=\"text\"><strong data-start=\"4172\" data-end=\"4195\">Schnelle Positionierung<\/strong><\/span><\/h2>\n<p data-start=\"4197\" data-end=\"4232\">Dies ist das richtige Modell f\u00fcr Sie, wenn Sie:<\/p>\n<ul data-start=\"4233\" data-end=\"4372\">\n<li data-section-id=\"21umtb\" data-start=\"4233\" data-end=\"4278\">brauchen <strong data-start=\"4243\" data-end=\"4276\">b\u00e5de magnetkort och smartkort<\/strong><\/li>\n<li data-section-id=\"p6a8wn\" data-start=\"4279\" data-end=\"4329\">wollen <strong data-start=\"4289\" data-end=\"4327\">maximal flexibilitet i en skrivare<\/strong><\/li>\n<li data-section-id=\"3m396d\" data-start=\"4330\" data-end=\"4372\">auf der Suche nach einem <strong data-start=\"4341\" data-end=\"4372\">prisv\u00e4rd allt-i-ett-l\u00f6sning<\/strong><\/li>\n<\/ul>","protected":false},"excerpt":{"rendered":"<p data-start=\"317\" data-end=\"551\">Der Magicard 300 DUO mit Encoder f\u00fcr Magnetstreifen und Chipkarten (Elatec) ist ein flexibler Ausweisdrucker f\u00fcr Unternehmen, die sowohl \u00e4ltere als auch moderne Kartensysteme ben\u00f6tigen. Er eignet sich ideal f\u00fcr Zutrittskontrollsysteme, Mitgliedskarten und kombinierte L\u00f6sungen.<\/p>\n<ul data-start=\"553\" data-end=\"781\">\n<li data-section-id=\"1uls68x\" data-start=\"553\" data-end=\"586\">Doppelseitiger Druck (Duplex)<\/li>\n<li data-section-id=\"1fl0y0c\" data-start=\"587\" data-end=\"627\">Magnetstreifen-Encoder (HiCo \/ LoCo)<\/li>\n<li data-section-id=\"1qzgasc\" data-start=\"628\" data-end=\"673\">Smartcard-Codierung \u00fcber Elatec (RFID \/ Chip)<\/li>\n<li data-section-id=\"vguep3\" data-start=\"674\" data-end=\"708\">300 x 300 dpi f\u00fcr transparente Karten<\/li>\n<li data-section-id=\"78jwjh\" data-start=\"709\" data-end=\"744\">Bis zu 160 Farbkarten pro Stunde<\/li>\n<li data-section-id=\"sg0mgt\" data-start=\"745\" data-end=\"781\">HoloKote\u00ae Sicherheitswasserzeichen<\/li>\n<\/ul>","protected":false},"featured_media":164270,"template":"","meta":{"_acf_changed":false},"product_brand":[],"product_cat":[3208],"product_tag":[],"class_list":{"0":"post-164276","1":"product","2":"type-product","3":"status-publish","4":"has-post-thumbnail","6":"product_cat-magicard","7":"product_shipping_class-tunga-paket","8":"pa_brands-magicard","9":"tm-no-options","11":"first","12":"instock","13":"sale","14":"taxable","15":"shipping-taxable","16":"purchasable","17":"product-type-simple"},"acf":[],"_links":{"self":[{"href":"https:\/\/secureus.se\/de\/wp-json\/wp\/v2\/product\/164276","targetHints":{"allow":["GET"]}}],"collection":[{"href":"https:\/\/secureus.se\/de\/wp-json\/wp\/v2\/product"}],"about":[{"href":"https:\/\/secureus.se\/de\/wp-json\/wp\/v2\/types\/product"}],"wp:featuredmedia":[{"embeddable":true,"href":"https:\/\/secureus.se\/de\/wp-json\/wp\/v2\/media\/164270"}],"wp:attachment":[{"href":"https:\/\/secureus.se\/de\/wp-json\/wp\/v2\/media?parent=164276"}],"wp:term":[{"taxonomy":"product_brand","embeddable":true,"href":"https:\/\/secureus.se\/de\/wp-json\/wp\/v2\/product_brand?post=164276"},{"taxonomy":"product_cat","embeddable":true,"href":"https:\/\/secureus.se\/de\/wp-json\/wp\/v2\/product_cat?post=164276"},{"taxonomy":"product_tag","embeddable":true,"href":"https:\/\/secureus.se\/de\/wp-json\/wp\/v2\/product_tag?post=164276"}],"curies":[{"name":"wp","href":"https:\/\/api.w.org\/{rel}","templated":true}]}}