{"id":164334,"date":"2026-04-10T13:20:33","date_gmt":"2026-04-10T11:20:33","guid":{"rendered":"https:\/\/secureus.se\/?post_type=product&#038;p=164334"},"modified":"2026-04-10T13:51:24","modified_gmt":"2026-04-10T11:51:24","slug":"fireprotect-2-ac-rok-varme-co-detektor-230v-vit","status":"publish","type":"product","link":"https:\/\/secureus.se\/de\/fireprotect-2-ac-rok-varme-co-detektor-230v-vit\/","title":{"rendered":"FireProtect 2 AC \u2013 (Rauch-\/W\u00e4rme-\/CO-Melder) 230 V \u2013 Wei\u00df"},"content":{"rendered":"<h3 data-start=\"124\" data-end=\"213\"><strong data-start=\"128\" data-end=\"213\">FireProtect 2 AC &#8211; (R\u00f6k-\/V\u00e4rme\/CO-detektor) 230V med inbyggd siren och ljusindikering &#8211; Tr\u00e5dl\u00f6s kommunikation och n\u00e4tansluten<\/strong><\/h3>\n<p data-start=\"215\" data-end=\"455\">Denna avancerade r\u00f6k- CO och v\u00e4rmedetektor \u00e4r utformad f\u00f6r inomhusmontage och kombinerar tr\u00e5dl\u00f6s kommunikation med n\u00e4tansluten str\u00f6mf\u00f6rs\u00f6rjning (110\u2013240\u202fVAC). Den \u00e4r utrustad med en inbyggd siren samt r\u00f6d ljusindikering som aktiveras vid larm.<\/p>\n<h4 data-start=\"457\" data-end=\"477\"><strong data-start=\"462\" data-end=\"477\">Merkmale:<\/strong><\/h4>\n<ul data-start=\"478\" data-end=\"1123\">\n<li data-start=\"478\" data-end=\"569\">\n<p data-start=\"480\" data-end=\"569\"><strong data-start=\"480\" data-end=\"503\">Doppelte Erkennung:<\/strong> Alarme werden sowohl bei Rauchentwicklung in der Kammer als auch bei schnellen Temperatur\u00e4nderungen ausgel\u00f6st.<\/p>\n<\/li>\n<li data-start=\"570\" data-end=\"618\">\n<p data-start=\"572\" data-end=\"618\"><strong data-start=\"572\" data-end=\"590\">Eingebaute Sirene:<\/strong> 85 dB in 3 Metern Entfernung.<\/p>\n<\/li>\n<li data-start=\"619\" data-end=\"682\">\n<p data-start=\"621\" data-end=\"682\"><strong data-start=\"621\" data-end=\"640\">Lichtanzeige:<\/strong> Deutliche optische Alarmanzeige (rotes Licht).<\/p>\n<\/li>\n<li data-start=\"683\" data-end=\"810\">\n<p data-start=\"685\" data-end=\"810\"><strong data-start=\"685\" data-end=\"709\">Synchronisierte Alarme:<\/strong> M\u00f6glichkeit zur Konfiguration, sodass alle Melder im System gleichzeitig ausl\u00f6sen, wenn ein Alarm von einem Ger\u00e4t ausgeht.<\/p>\n<\/li>\n<li data-start=\"811\" data-end=\"934\">\n<p data-start=\"813\" data-end=\"934\"><strong data-start=\"813\" data-end=\"827\">Selbsttest:<\/strong> Regelm\u00e4\u00dfige Funktions- und Statuspr\u00fcfungen, einschlie\u00dflich Warnungen bei niedrigem Batteriestand und Reinigungsbedarf.<\/p>\n<\/li>\n<li data-start=\"935\" data-end=\"1025\">\n<p data-start=\"937\" data-end=\"1025\"><strong data-start=\"937\" data-end=\"959\">Temperaturmessung:<\/strong> Eingebauter Temperatursensor zur \u00dcberwachung der Umgebungstemperatur.<\/p>\n<\/li>\n<li data-start=\"1026\" data-end=\"1123\">\n<p data-start=\"1028\" data-end=\"1123\"><strong data-start=\"1028\" data-end=\"1049\">Standalone-Betrieb:<\/strong> Funktioniert auch als herk\u00f6mmlicher Rauchmelder ohne Anschluss an ein System.<\/p>\n<\/li>\n<\/ul>\n<h4 data-start=\"1125\" data-end=\"1149\"><strong data-start=\"1130\" data-end=\"1149\">Kompatibilit\u00e4t:<\/strong><\/h4>\n<ul data-start=\"1150\" data-end=\"1220\">\n<li data-start=\"1150\" data-end=\"1162\">\n<p data-start=\"1152\" data-end=\"1162\">Hub Plus<\/p>\n<\/li>\n<li data-start=\"1163\" data-end=\"1172\">\n<p data-start=\"1165\" data-end=\"1172\">Hub 2<\/p>\n<\/li>\n<li data-start=\"1173\" data-end=\"1187\">\n<p data-start=\"1175\" data-end=\"1187\">Hub 2 Plus<\/p>\n<\/li>\n<li data-start=\"1188\" data-end=\"1202\">\n<p data-start=\"1190\" data-end=\"1202\">Hub-Hybrid<\/p>\n<\/li>\n<li data-start=\"1203\" data-end=\"1210\">\n<p data-start=\"1205\" data-end=\"1210\">ReX<\/p>\n<\/li>\n<li data-start=\"1211\" data-end=\"1220\">\n<p data-start=\"1213\" data-end=\"1220\">Rex 2<\/p>\n<\/li>\n<\/ul>","protected":false},"excerpt":{"rendered":"<p><strong data-start=\"119\" data-end=\"189\">Intelligenter Rauch-, CO- und W\u00e4rmemelder mit eingebauter Sirene und Lichtanzeige.<\/strong> Alarmiert bei Rauch oder schnellem Temperaturanstieg und kann mit anderen Meldern im System synchronisiert werden. Stromversorgung \u00fcber 110-240 VAC mit Batterie-Backup. Funktioniert sowohl eigenst\u00e4ndig als auch mit Ajax-Ger\u00e4ten wie Hub 2, Hub Plus und ReX. Bis zu 1700 m Funkreichweite.<\/p>","protected":false},"featured_media":155444,"template":"","meta":{"_acf_changed":false},"product_brand":[],"product_cat":[3159],"product_tag":[4863],"class_list":{"0":"post-164334","1":"product","2":"type-product","3":"status-publish","4":"has-post-thumbnail","6":"product_cat-brandvarnare","7":"product_tag-pf","8":"pa_brands-ajax-systems","9":"pa_farg-vit","10":"tm-no-options","12":"first","13":"outofstock","14":"taxable","15":"shipping-taxable","16":"purchasable","17":"product-type-simple"},"acf":[],"_links":{"self":[{"href":"https:\/\/secureus.se\/de\/wp-json\/wp\/v2\/product\/164334","targetHints":{"allow":["GET"]}}],"collection":[{"href":"https:\/\/secureus.se\/de\/wp-json\/wp\/v2\/product"}],"about":[{"href":"https:\/\/secureus.se\/de\/wp-json\/wp\/v2\/types\/product"}],"wp:featuredmedia":[{"embeddable":true,"href":"https:\/\/secureus.se\/de\/wp-json\/wp\/v2\/media\/155444"}],"wp:attachment":[{"href":"https:\/\/secureus.se\/de\/wp-json\/wp\/v2\/media?parent=164334"}],"wp:term":[{"taxonomy":"product_brand","embeddable":true,"href":"https:\/\/secureus.se\/de\/wp-json\/wp\/v2\/product_brand?post=164334"},{"taxonomy":"product_cat","embeddable":true,"href":"https:\/\/secureus.se\/de\/wp-json\/wp\/v2\/product_cat?post=164334"},{"taxonomy":"product_tag","embeddable":true,"href":"https:\/\/secureus.se\/de\/wp-json\/wp\/v2\/product_tag?post=164334"}],"curies":[{"name":"wp","href":"https:\/\/api.w.org\/{rel}","templated":true}]}}