{"id":164469,"date":"2026-04-15T12:50:03","date_gmt":"2026-04-15T10:50:03","guid":{"rendered":"https:\/\/secureus.se\/?post_type=product&#038;p=164469"},"modified":"2026-04-15T17:23:16","modified_gmt":"2026-04-15T15:23:16","slug":"ajax-kompatibel-tagg-svart-bricka-till-keypad-plus-outdoor-och-touchscreen-ev2-4k-pro","status":"publish","type":"product","link":"https:\/\/secureus.se\/de\/ajax-kompatibel-tagg-svart-bricka-till-keypad-plus-outdoor-och-touchscreen-ev2-4k-pro\/","title":{"rendered":"Ajax-kompatibler Tag (Schwarz) \u2013 Tag f\u00fcr KeyPad Plus, Outdoor und Touchscreen | EV2 4K Pro"},"content":{"rendered":"<p data-start=\"600\" data-end=\"763\">Der Ajax Compatible Tag (Black) ist eine intelligente und kosteng\u00fcnstige Alternative zum originalen Ajax Tag und wurde f\u00fcr die Verwendung mit Ajax KeyPad Plus und TouchScreen entwickelt.<\/p>\n<p data-start=\"765\" data-end=\"1026\">Es ist mit einem originalen Mifare DESFire-Chip von NXP ausgestattet und bietet somit das gleiche hohe Sicherheitsniveau wie Originalprodukte. Die fortschrittliche Verschl\u00fcsselung sch\u00fctzt vor Kopieren und unberechtigtem Zugriff und ist dabei einfach und benutzerfreundlich.<\/p>\n<p data-start=\"1028\" data-end=\"1237\">Genau wie beim Original-Tag wird die Alarmanlage durch Halten des Tags an das Tastenfeld aktiviert oder deaktiviert. Kein Code oder App erforderlich \u2013 ideal f\u00fcr Familien, Mitarbeiter oder Gelegenheitsnutzer.<\/p>\n<p data-start=\"1239\" data-end=\"1441\">Ein klarer Vorteil dieses Anh\u00e4ngers ist sein Format. Er ist etwas kleiner und d\u00fcnner als das Original von Ajax und l\u00e4sst sich daher leichter am Schl\u00fcsselbund befestigen. Viele sch\u00e4tzen das kompaktere Design im Alltag.<\/p>\n<p data-start=\"1660\" data-end=\"1866\">Wir bieten Ihnen auch die M\u00f6glichkeit der Gravur. Sie k\u00f6nnen beispielsweise eine Nummerierung oder Ihr eigenes Logo direkt auf dem Anh\u00e4nger anbringen lassen, was die Nachverfolgung von Benutzern und Berechtigungen erleichtert.<\/p>\n<p data-start=\"1868\" data-end=\"2048\">Das Tag besteht aus robustem ABS-Material und ist mit einem Originalchip von NXP ausgestattet. Es ist in gro\u00dfen Mengen vorr\u00e4tig und kann auch bei gr\u00f6\u00dferen Bestellungen schnell geliefert werden.<\/p>\n<hr data-start=\"2168\" data-end=\"2171\" \/>\n<h2 data-section-id=\"4wkmjn\" data-start=\"2173\" data-end=\"2204\"><span role=\"text\"><strong data-start=\"2176\" data-end=\"2204\">Technische Spezifikationen<\/strong><\/span><\/h2>\n<ul data-start=\"2205\" data-end=\"2532\">\n<li data-section-id=\"1k933n6\" data-start=\"2205\" data-end=\"2251\"><strong>Kommunikationstechnologie<\/strong>Mifare DESFire\u00ae (NXP Original)<\/li>\n<li data-section-id=\"c63o5z\" data-start=\"2252\" data-end=\"2289\"><strong>Standard<\/strong>: ISO 14443-A (13,56 MHz)<\/li>\n<li data-section-id=\"18f098c\" data-start=\"2290\" data-end=\"2334\"><strong>Verschl\u00fcsselung<\/strong>: 128-Bit-DESFire-Verschl\u00fcsselung (Advanced)<\/li>\n<li data-section-id=\"6941yt\" data-start=\"2335\" data-end=\"2416\"><strong>Kompatibilit\u00e4t<\/strong>: Ajax KeyPad Plus und Touchscreen sowie DESFire-basierte Systeme<\/li>\n<li data-section-id=\"18ldt2h\" data-start=\"2417\" data-end=\"2434\"><strong>Material<\/strong>ABS<\/li>\n<li data-section-id=\"14m3c96\" data-start=\"2435\" data-end=\"2466\"><strong>Abmessungen<\/strong>: 43 \u00d7 29 \u00d7 3 mm<\/li>\n<li data-section-id=\"17n4yqt\" data-start=\"2467\" data-end=\"2480\"><strong>Malen<\/strong>: Schwarz<\/li>\n<li data-section-id=\"l2858j\" data-start=\"2481\" data-end=\"2532\"><strong>Gravur<\/strong>Ja, die M\u00f6glichkeit besteht beispielsweise f\u00fcr Nummer, Name, Nachricht oder Logo.<\/li>\n<\/ul>","protected":false},"excerpt":{"rendered":"<p data-start=\"205\" data-end=\"288\">Ajax-kompatibler Tag (Schwarz) \u2013 Tag f\u00fcr KeyPad Plus und Touchscreen<\/p>\n<p data-start=\"290\" data-end=\"451\">Preisg\u00fcnstige Alternative zum originalen Ajax-Tag mit derselben hohen Sicherheit und in einer anderen Farbe. Ausgestattet mit Mifare DESFire von NXP f\u00fcr verschl\u00fcsselten und sicheren Zugriff auf Ajax-Systeme.<\/p>\n<p data-start=\"453\" data-end=\"569\">Genauso gut wie das Original, aber kleiner und flexibler im Format. Dank der Gravurm\u00f6glichkeit eignet es sich perfekt f\u00fcr den privaten und gesch\u00e4ftlichen Gebrauch. Sie k\u00f6nnen beispielsweise eine Nummerierung oder Ihr eigenes Logo direkt auf das Etikett drucken lassen, was die Verwaltung von Benutzern und Berechtigungen vereinfacht.<\/p>\n<p data-start=\"453\" data-end=\"569\">Offen <strong>\u201cAnpassungsoptionen anzeigen\u201d<\/strong> Sie k\u00f6nnen zwischen der Gravur einer Nummer, eines Namens oder eines Logos auf Ihrem Anh\u00e4nger w\u00e4hlen.<\/p>","protected":false},"featured_media":163673,"template":"","meta":{"_acf_changed":false},"product_brand":[],"product_cat":[5129],"product_tag":[],"class_list":{"0":"post-164469","1":"product","2":"type-product","3":"status-publish","4":"has-post-thumbnail","6":"product_cat-ajax-taggar-kort","7":"product_shipping_class-postnord-varubrev","8":"pa_brands-secureus","9":"pa_farg-svart","10":"tm-has-options","12":"first","13":"instock","14":"featured","15":"taxable","16":"shipping-taxable","17":"purchasable","18":"product-type-simple"},"acf":[],"_links":{"self":[{"href":"https:\/\/secureus.se\/de\/wp-json\/wp\/v2\/product\/164469","targetHints":{"allow":["GET"]}}],"collection":[{"href":"https:\/\/secureus.se\/de\/wp-json\/wp\/v2\/product"}],"about":[{"href":"https:\/\/secureus.se\/de\/wp-json\/wp\/v2\/types\/product"}],"wp:featuredmedia":[{"embeddable":true,"href":"https:\/\/secureus.se\/de\/wp-json\/wp\/v2\/media\/163673"}],"wp:attachment":[{"href":"https:\/\/secureus.se\/de\/wp-json\/wp\/v2\/media?parent=164469"}],"wp:term":[{"taxonomy":"product_brand","embeddable":true,"href":"https:\/\/secureus.se\/de\/wp-json\/wp\/v2\/product_brand?post=164469"},{"taxonomy":"product_cat","embeddable":true,"href":"https:\/\/secureus.se\/de\/wp-json\/wp\/v2\/product_cat?post=164469"},{"taxonomy":"product_tag","embeddable":true,"href":"https:\/\/secureus.se\/de\/wp-json\/wp\/v2\/product_tag?post=164469"}],"curies":[{"name":"wp","href":"https:\/\/api.w.org\/{rel}","templated":true}]}}