{"id":164489,"date":"2026-04-16T11:48:29","date_gmt":"2026-04-16T09:48:29","guid":{"rendered":"https:\/\/secureus.se\/?post_type=product&#038;p=164489"},"modified":"2026-04-27T04:36:28","modified_gmt":"2026-04-27T02:36:28","slug":"seriekopplad-brandvarnare-tradlos-rf-rokdetektor-10-ars-batteri-en14604","status":"publish","type":"product","link":"https:\/\/secureus.se\/de\/seriekopplad-brandvarnare-tradlos-rf-rokdetektor-10-ars-batteri-en14604\/","title":{"rendered":"Seriell vernetzter drahtloser Funk-Rauchmelder \u2013 Rauchmelder mit 10-Jahres-Batterie EN14604"},"content":{"rendered":"<h2 data-section-id=\"14qb479\" data-start=\"346\" data-end=\"404\">Funk-Rauchmelder mit Reihenschaltung und 10-Jahres-Batterie<\/h2>\n<p data-start=\"406\" data-end=\"643\">Schaffen Sie ein sichereres Zuhause mit einem <strong data-start=\"435\" data-end=\"464\">in Reihe geschalteter Rauchmelder<\/strong> wodurch das gesamte Haus gleichzeitig gewarnt wird. <strong data-start=\"509\" data-end=\"534\">drahtlose Rauchmelder<\/strong> nutzt RF-Technologie, um mehrere Ger\u00e4te direkt miteinander zu verbinden, ohne dass WLAN, eine App oder ein Hub erforderlich sind.<\/p>\n<p data-start=\"645\" data-end=\"844\">Sobald ein Rauchmelder Rauch erkennt, werden alle angeschlossenen Ger\u00e4te sofort aktiviert. Dies erm\u00f6glicht eine schnelle Warnung in mehreren R\u00e4umen gleichzeitig und erh\u00f6ht die Wahrscheinlichkeit, einen Brand rechtzeitig zu erkennen, unabh\u00e4ngig vom Brandherd.<\/p>\n<p data-start=\"846\" data-end=\"992\">Der Ausl\u00f6semechanismus ert\u00f6nt auch dann noch, wenn andere Rauchmelder stummgeschaltet sind, sodass der richtige Ort schnell gefunden und sofort Ma\u00dfnahmen ergriffen werden k\u00f6nnen.<\/p>\n<p data-start=\"994\" data-end=\"1120\">Der eingebaute Akku hat eine Kapazit\u00e4t von bis zu <strong data-start=\"1030\" data-end=\"1050\">Lebensdauer von 10 Jahren<\/strong>, wodurch der Wartungsaufwand minimiert und die Installation von Anfang an reibungslos gestaltet wird.<\/p>\n<p data-start=\"1122\" data-end=\"1245\">Ideal f\u00fcr Villen, Apartments, Ferienh\u00e4user, B\u00fcros und Gemeinschaftsbereiche, in denen ein einfacher, aber effektiver Brandschutz gew\u00fcnscht ist.<\/p>\n<h2 data-section-id=\"9wy3q1\" data-start=\"1247\" data-end=\"1258\">Vorteile<\/h2>\n<ul data-start=\"1260\" data-end=\"1574\">\n<li data-section-id=\"13g6r4g\" data-start=\"1260\" data-end=\"1318\">Reihengeschalteter Rauchmelder mit drahtloser Funkkommunikation<\/li>\n<li data-section-id=\"10m4ggg\" data-start=\"1319\" data-end=\"1352\">Alle Ger\u00e4te alarmieren gleichzeitig<\/li>\n<li data-section-id=\"srpl60\" data-start=\"1353\" data-end=\"1389\">Kein WLAN, keine App oder Hub erforderlich<\/li>\n<li data-section-id=\"x1fcfh\" data-start=\"1390\" data-end=\"1431\">10-Jahres-Batterie f\u00fcr minimalen Wartungsaufwand<\/li>\n<li data-section-id=\"19o44eo\" data-start=\"1432\" data-end=\"1454\">Einfache Deckenmontage<\/li>\n<li data-section-id=\"bkvsqo\" data-start=\"1455\" data-end=\"1501\">Das Ausl\u00f6seger\u00e4t ert\u00f6nt weiterhin.<\/li>\n<li data-section-id=\"1sr2hql\" data-start=\"1502\" data-end=\"1525\">EN14604 zertifiziert<\/li>\n<li data-section-id=\"ek06aj\" data-start=\"1526\" data-end=\"1574\">Geeignet f\u00fcr Wohnh\u00e4user, Ferienh\u00e4user und mehrst\u00f6ckige Geb\u00e4ude<\/li>\n<\/ul>","protected":false},"excerpt":{"rendered":"<ul>\n<li data-section-id=\"3seaxf\" data-start=\"610\" data-end=\"673\">In Reihe geschaltete Rauchmelder f\u00fcr eine schnelle Warnung im ganzen Haus \u2013 bis zu 100 St\u00fcck k\u00f6nnen angeschlossen werden.<\/li>\n<li data-section-id=\"rt5atx\" data-start=\"674\" data-end=\"730\">Drahtlose RF-Technologie ohne WLAN, App oder Hub.<\/li>\n<li data-section-id=\"1gmivzb\" data-start=\"731\" data-end=\"797\">Alle miteinander verbundenen Ger\u00e4te l\u00f6sen gleichzeitig Alarm aus, sobald Rauch entsteht.<\/li>\n<li data-section-id=\"1gzfdil\" data-start=\"798\" data-end=\"861\">10-Jahres-Batterie f\u00fcr reibungslosen Betrieb und minimalen Wartungsaufwand<\/li>\n<li data-section-id=\"ne19te\" data-start=\"862\" data-end=\"911\">EN14604-zertifiziert f\u00fcr sicheren Betrieb<\/li>\n<li data-section-id=\"1f0a402\" data-start=\"912\" data-end=\"974\">Geeignet f\u00fcr Villen, Apartments, Ferienh\u00e4user und Gemeinschaftsbereiche<\/li>\n<\/ul>","protected":false},"featured_media":164514,"template":"","meta":{"_acf_changed":false},"product_brand":[],"product_cat":[5130],"product_tag":[],"class_list":{"0":"post-164489","1":"product","2":"type-product","3":"status-publish","4":"has-post-thumbnail","6":"product_cat-tradlosa-brandvarnare","7":"product_shipping_class-postnord-varubrev","8":"pa_brands-secureus","9":"tm-no-options","11":"first","12":"instock","13":"taxable","14":"shipping-taxable","15":"purchasable","16":"product-type-simple"},"acf":[],"_links":{"self":[{"href":"https:\/\/secureus.se\/de\/wp-json\/wp\/v2\/product\/164489","targetHints":{"allow":["GET"]}}],"collection":[{"href":"https:\/\/secureus.se\/de\/wp-json\/wp\/v2\/product"}],"about":[{"href":"https:\/\/secureus.se\/de\/wp-json\/wp\/v2\/types\/product"}],"wp:featuredmedia":[{"embeddable":true,"href":"https:\/\/secureus.se\/de\/wp-json\/wp\/v2\/media\/164514"}],"wp:attachment":[{"href":"https:\/\/secureus.se\/de\/wp-json\/wp\/v2\/media?parent=164489"}],"wp:term":[{"taxonomy":"product_brand","embeddable":true,"href":"https:\/\/secureus.se\/de\/wp-json\/wp\/v2\/product_brand?post=164489"},{"taxonomy":"product_cat","embeddable":true,"href":"https:\/\/secureus.se\/de\/wp-json\/wp\/v2\/product_cat?post=164489"},{"taxonomy":"product_tag","embeddable":true,"href":"https:\/\/secureus.se\/de\/wp-json\/wp\/v2\/product_tag?post=164489"}],"curies":[{"name":"wp","href":"https:\/\/api.w.org\/{rel}","templated":true}]}}