{"id":164536,"date":"2026-04-16T13:54:00","date_gmt":"2026-04-16T11:54:00","guid":{"rendered":"https:\/\/secureus.se\/?post_type=product&#038;p=164536"},"modified":"2026-04-16T13:59:47","modified_gmt":"2026-04-16T11:59:47","slug":"dorrhallarmagnet-inklusive-ankare-400n-fe230","status":"publish","type":"product","link":"https:\/\/secureus.se\/de\/dorrhallarmagnet-inklusive-ankare-400n-fe230\/","title":{"rendered":"T\u00fcrhaltermagnet inklusive Anker 400N FE230"},"content":{"rendered":"<p data-start=\"50\" data-end=\"305\"><strong data-start=\"50\" data-end=\"59\">FE230<\/strong> \u00e4r en d\u00f6rrh\u00e5llarmagnet inklusive ankare f\u00f6r utanp\u00e5liggande montage p\u00e5 v\u00e4gg eller konsol. Enheten har en h\u00e5llkraft p\u00e5 <strong data-start=\"177\" data-end=\"186\">400 N<\/strong> och \u00e4r utrustad med en d\u00f6rrst\u00e4ngningsknapp som kan monteras p\u00e5 ovansidan eller p\u00e5 h\u00f6ger eller v\u00e4nster sida av enheten.<\/p>\n<p data-start=\"307\" data-end=\"570\">Kabelgenomf\u00f6ring kan g\u00f6ras fr\u00e5n sidan, ovansidan eller baksidan. D\u00f6rrmagneten \u00e4r konstruerad med en pressad spole och har ett anti-remanensstift som hanterar eventuell restmagnetism. FE230 \u00e4r \u00e4ven f\u00f6rsedd med integrerade skyddsdioder f\u00f6r att motverka str\u00f6mspikar.<\/p>\n<p data-start=\"572\" data-end=\"810\">Kapslingsklassen f\u00f6r d\u00f6rrmagneten \u00e4r <strong data-start=\"609\" data-end=\"617\">IP54<\/strong>. Plasth\u00f6ljet \u00e4r tillverkat i <strong data-start=\"647\" data-end=\"659\">Bayblend<\/strong> mit <strong data-start=\"664\" data-end=\"686\">30 % PA6 glasfiber<\/strong>, vilket g\u00f6r det betydligt starkare \u00e4n standard-ABS. Materialet ger h\u00f6g v\u00e4rmebest\u00e4ndighet, god slagt\u00e5lighet och h\u00f6g styvhet.<\/p>\n<p data-start=\"812\" data-end=\"1032\">F\u00f6r enkel och praktisk installation levereras d\u00f6rrh\u00e5llarmagneten med skruvanslutningar f\u00f6r kabeln. Kapslingen \u00e4r f\u00f6rborrad f\u00f6r snabbt och smidigt montage. FE230 levereras dessutom med en ankarplatta med justerbar vinkel.<\/p>\n<h2 data-section-id=\"fnvs8i\" data-start=\"1034\" data-end=\"1047\">Eigenschaften<\/h2>\n<ul data-start=\"1048\" data-end=\"1245\">\n<li data-section-id=\"18xs1m3\" data-start=\"1048\" data-end=\"1082\">L\u00e5g effektf\u00f6rbrukning, <strong data-start=\"1073\" data-end=\"1082\">1,6 W<\/strong><\/li>\n<li data-section-id=\"17qhkv4\" data-start=\"1083\" data-end=\"1107\">H\u00e5llkraft p\u00e5 <strong data-start=\"1098\" data-end=\"1107\">400 N<\/strong><\/li>\n<li data-section-id=\"56gdae\" data-start=\"1108\" data-end=\"1128\">Anti-remanensstift<\/li>\n<li data-section-id=\"1f4b2jy\" data-start=\"1129\" data-end=\"1174\">Skyddsdioder och skydd mot omv\u00e4nd polaritet<\/li>\n<li data-section-id=\"1vxgf0x\" data-start=\"1175\" data-end=\"1204\">Inbyggd d\u00f6rrst\u00e4ngningsknapp<\/li>\n<li data-section-id=\"1or1j1j\" data-start=\"1205\" data-end=\"1225\"><strong data-start=\"1207\" data-end=\"1225\">EN1155-godk\u00e4nd<\/strong><\/li>\n<li data-section-id=\"elw8us\" data-start=\"1226\" data-end=\"1245\">Ankarplatta ing\u00e5r<\/li>\n<\/ul>\n<h2 data-section-id=\"pfyasx\" data-start=\"1247\" data-end=\"1263\">Technische Daten<\/h2>\n<ul data-start=\"1264\" data-end=\"1577\">\n<li data-section-id=\"m4al6v\" data-start=\"1264\" data-end=\"1294\"><strong data-start=\"1266\" data-end=\"1287\">Spannungsversorgung:<\/strong> 24 VDC<\/li>\n<li data-section-id=\"8aukmp\" data-start=\"1295\" data-end=\"1314\"><strong data-start=\"1297\" data-end=\"1308\">Wirkung:<\/strong> 1,6 W<\/li>\n<li data-section-id=\"xkucxb\" data-start=\"1315\" data-end=\"1337\"><strong data-start=\"1317\" data-end=\"1331\">H\u00e5llkraft:<\/strong> 400 N<\/li>\n<li data-section-id=\"vq1ojm\" data-start=\"1338\" data-end=\"1388\"><strong data-start=\"1340\" data-end=\"1359\">Schutzklasse:<\/strong> Magnet IP54, anslutning IP42<\/li>\n<li data-section-id=\"1so7cfg\" data-start=\"1389\" data-end=\"1436\"><strong data-start=\"1391\" data-end=\"1419\">Dimensioner (H x B x D):<\/strong> 110 x 85 x 38 mm<\/li>\n<li data-section-id=\"1sp9xbs\" data-start=\"1437\" data-end=\"1466\"><strong data-start=\"1439\" data-end=\"1463\">D\u00f6rrst\u00e4ngningsknapp:<\/strong> Ja<\/li>\n<li data-section-id=\"1issdkq\" data-start=\"1467\" data-end=\"1489\"><strong data-start=\"1469\" data-end=\"1486\">Skyddsdioder:<\/strong> Ja<\/li>\n<li data-section-id=\"1ogf65j\" data-start=\"1490\" data-end=\"1536\"><strong data-start=\"1492\" data-end=\"1533\">Polaritetsskydd mot omv\u00e4nd polaritet:<\/strong> Ja<\/li>\n<li data-section-id=\"1fdxiq\" data-start=\"1537\" data-end=\"1553\"><strong data-start=\"1539\" data-end=\"1550\">EN1155:<\/strong> Ja<\/li>\n<li data-section-id=\"16c2jcj\" data-start=\"1554\" data-end=\"1577\"><strong data-start=\"1556\" data-end=\"1571\">Driftcykel:<\/strong> 100 %<\/li>\n<\/ul>","protected":false},"excerpt":{"rendered":"<p data-start=\"37\" data-end=\"423\"><strong data-start=\"37\" data-end=\"128\">Der FE230 ist ein leistungsstarker T\u00fcrhaltermagnet zur Oberfl\u00e4chenmontage an einer Wand oder Konsole.<\/strong> Es verf\u00fcgt \u00fcber eine Haltekraft von 400 N, einen integrierten T\u00fcrschlie\u00dfknopf und eine verstellbare Verankerungsplatte. Der Magnet ist aus robustem Material gefertigt, gegen Stromspitzen und Verpolung gesch\u00fctzt und nach EN1155 zugelassen. Er eignet sich f\u00fcr Installationen, bei denen Betriebssicherheit und einfache Montage wichtig sind.<\/p>","protected":false},"featured_media":164535,"template":"","meta":{"_acf_changed":false},"product_brand":[],"product_cat":[1560],"product_tag":[],"class_list":{"0":"post-164536","1":"product","2":"type-product","3":"status-publish","4":"has-post-thumbnail","6":"product_cat-branddorrstangning","7":"tm-no-options","9":"first","10":"instock","11":"sale","12":"taxable","13":"shipping-taxable","14":"purchasable","15":"product-type-simple"},"acf":[],"_links":{"self":[{"href":"https:\/\/secureus.se\/de\/wp-json\/wp\/v2\/product\/164536","targetHints":{"allow":["GET"]}}],"collection":[{"href":"https:\/\/secureus.se\/de\/wp-json\/wp\/v2\/product"}],"about":[{"href":"https:\/\/secureus.se\/de\/wp-json\/wp\/v2\/types\/product"}],"wp:featuredmedia":[{"embeddable":true,"href":"https:\/\/secureus.se\/de\/wp-json\/wp\/v2\/media\/164535"}],"wp:attachment":[{"href":"https:\/\/secureus.se\/de\/wp-json\/wp\/v2\/media?parent=164536"}],"wp:term":[{"taxonomy":"product_brand","embeddable":true,"href":"https:\/\/secureus.se\/de\/wp-json\/wp\/v2\/product_brand?post=164536"},{"taxonomy":"product_cat","embeddable":true,"href":"https:\/\/secureus.se\/de\/wp-json\/wp\/v2\/product_cat?post=164536"},{"taxonomy":"product_tag","embeddable":true,"href":"https:\/\/secureus.se\/de\/wp-json\/wp\/v2\/product_tag?post=164536"}],"curies":[{"name":"wp","href":"https:\/\/api.w.org\/{rel}","templated":true}]}}