{"id":164755,"date":"2026-04-22T15:32:19","date_gmt":"2026-04-22T13:32:19","guid":{"rendered":"https:\/\/secureus.se\/evolis-s10252-kortlamineringsmodul-clm-med-lcd-skarm\/"},"modified":"2026-04-23T12:22:38","modified_gmt":"2026-04-23T10:22:38","slug":"evolis-s10252-kortlamineringsmodul-clm-med-lcd-skarm","status":"publish","type":"product","link":"https:\/\/secureus.se\/de\/evolis-s10252-kortlamineringsmodul-clm-med-lcd-skarm\/","title":{"rendered":"Evolis S10252 Kartenlaminiermodul (CLM) mit LCD-Display"},"content":{"rendered":"<p>Das Evolis S10252 Kartenlaminiermodul (CLM) mit LCD-Display ist die ideale L\u00f6sung f\u00fcr ein professionelles Finish und erh\u00f6hte Haltbarkeit Ihrer Karten. Dank des benutzerfreundlichen LCD-Displays k\u00f6nnen Sie den Laminierprozess einfach \u00fcberwachen und steuern. Das Modul ist mit verschiedenen Kartengr\u00f6\u00dfen und -materialien kompatibel und somit vielseitig und praktisch f\u00fcr unterschiedliche Anforderungen. Verleihen Sie Ihren Karten mit dem Evolis S10252 Kartenlaminiermodul eine Schutzschicht und ein elegantes Aussehen.<\/p>","protected":false},"excerpt":{"rendered":"<ul>\n<li>Evolis S10252 Kartenlaminiermodul zum Aufbringen von Overlays und Hologrammfolien auf Karten<\/li>\n<li>Kann als eigenst\u00e4ndiges Ger\u00e4t oder mit Evolis Primacy oder Primacy 2 Ausweisdruckern verwendet werden.<\/li>\n<li>Einfache Einrichtung \u00fcber LCD-Bildschirm<\/li>\n<li>Doppelseitige Laminierungsf\u00e4higkeit<\/li>\n<li>Kann im Standalone-Modus direkt \u00fcber ein USB-Kabel (nicht im Lieferumfang enthalten) an einen PC angeschlossen werden.<\/li>\n<li>Kompatibel mit Evolis Primacy oder Primacy 2 Kartendruckern<\/li>\n<li>Produktgewicht: 0,40 kg<\/li>\n<\/ul>","protected":false},"featured_media":164754,"template":"","meta":{"_acf_changed":false},"product_brand":[],"product_cat":[3205],"product_tag":[],"class_list":{"0":"post-164755","1":"product","2":"type-product","3":"status-publish","4":"has-post-thumbnail","6":"product_cat-evolis","7":"product_shipping_class-tunga-paket","8":"pa_brands-evolis","9":"tm-no-options","11":"first","12":"outofstock","13":"sale","14":"taxable","15":"shipping-taxable","16":"purchasable","17":"product-type-simple"},"acf":[],"_links":{"self":[{"href":"https:\/\/secureus.se\/de\/wp-json\/wp\/v2\/product\/164755","targetHints":{"allow":["GET"]}}],"collection":[{"href":"https:\/\/secureus.se\/de\/wp-json\/wp\/v2\/product"}],"about":[{"href":"https:\/\/secureus.se\/de\/wp-json\/wp\/v2\/types\/product"}],"wp:featuredmedia":[{"embeddable":true,"href":"https:\/\/secureus.se\/de\/wp-json\/wp\/v2\/media\/164754"}],"wp:attachment":[{"href":"https:\/\/secureus.se\/de\/wp-json\/wp\/v2\/media?parent=164755"}],"wp:term":[{"taxonomy":"product_brand","embeddable":true,"href":"https:\/\/secureus.se\/de\/wp-json\/wp\/v2\/product_brand?post=164755"},{"taxonomy":"product_cat","embeddable":true,"href":"https:\/\/secureus.se\/de\/wp-json\/wp\/v2\/product_cat?post=164755"},{"taxonomy":"product_tag","embeddable":true,"href":"https:\/\/secureus.se\/de\/wp-json\/wp\/v2\/product_tag?post=164755"}],"curies":[{"name":"wp","href":"https:\/\/api.w.org\/{rel}","templated":true}]}}