{"id":165200,"date":"2026-05-05T10:29:10","date_gmt":"2026-05-05T08:29:10","guid":{"rendered":"https:\/\/secureus.se\/?post_type=product&#038;p=165200"},"modified":"2026-05-05T10:38:26","modified_gmt":"2026-05-05T08:38:26","slug":"temperatur-fuktsensor-for-wifi-vaderstation-2-pack","status":"publish","type":"product","link":"https:\/\/secureus.se\/de\/temperatur-fuktsensor-for-wifi-vaderstation-2-pack\/","title":{"rendered":"Temperatur- und Feuchtigkeitssensor f\u00fcr WLAN-Wetterstation (2er-Pack)"},"content":{"rendered":"<h1 data-start=\"342\" data-end=\"661\">2pack &#8211; Temperatur- &amp; fukt\u00adsensor f\u00f6r Wifi v\u00e4derstation<\/h1>\n<p data-start=\"342\" data-end=\"661\">Dieser zus\u00e4tzliche Temperatur- und Feuchtigkeitssensor ist die perfekte Erg\u00e4nzung zu Ihrer WLAN-Wetterstation (SMH-WEATHER).<\/p>\n<p data-start=\"342\" data-end=\"661\">Dank einer stabilen drahtlosen \u00dcbertragung \u00fcber eine Reichweite von bis zu 100 Metern k\u00f6nnen Sie den Sensor problemlos in verschiedenen Umgebungen platzieren und erhalten genaue Messwerte direkt auf der mit dem System verbundenen Inneneinheit.<\/p>\n<p data-start=\"663\" data-end=\"950\">Der Sensor erfasst Temperatur und Luftfeuchtigkeit in Echtzeit und sendet diese Daten an Ihre Wetterstation. Dank der Unterst\u00fctzung mehrerer Kan\u00e4le (CH1, CH2, CH3) k\u00f6nnen Sie mehrere Sensoren gleichzeitig einsetzen, um beispielsweise Schlafzimmer, Wohnzimmer, Keller, Winterg\u00e4rten oder das Au\u00dfenklima zu \u00fcberwachen.<\/p>\n<p data-start=\"952\" data-end=\"1308\">Installation und Platzierung sind einfach \u2013 der Sensor kann entweder aufgestellt oder an der Wand befestigt werden. Er ist energieeffizient und f\u00fcr einen zuverl\u00e4ssigen Langzeitbetrieb ausgelegt. Die Kombination mehrerer Sensoren liefert ein umfassendes Bild der Innen- und Au\u00dfenumgebung, was besonders wertvoll f\u00fcr alle ist, die Komfort, Energieeinsparungen und Wetterbedingungen im Blick behalten m\u00f6chten.<\/p>\n<p data-start=\"1310\" data-end=\"1348\"><strong data-start=\"1310\" data-end=\"1346\">Nutzen und Anwendungsm\u00f6glichkeiten:<\/strong><\/p>\n<ul data-start=\"1349\" data-end=\"1612\">\n<li data-start=\"1349\" data-end=\"1390\">\n<p data-start=\"1351\" data-end=\"1390\">Erfassen Sie Messdaten aus mehreren R\u00e4umen oder Zonen<\/p>\n<\/li>\n<li data-start=\"1391\" data-end=\"1430\">\n<p data-start=\"1393\" data-end=\"1430\">Drahtlose Reichweite bis zu 100 Meter<\/p>\n<\/li>\n<li data-start=\"1431\" data-end=\"1467\">\n<p data-start=\"1433\" data-end=\"1467\">Mehrkanalunterst\u00fctzung (CH1\u2013CH3)<\/p>\n<\/li>\n<li data-start=\"1468\" data-end=\"1511\">\n<p data-start=\"1470\" data-end=\"1511\">Misst sowohl Temperatur als auch Luftfeuchtigkeit<\/p>\n<\/li>\n<li data-start=\"1512\" data-end=\"1567\">\n<p data-start=\"1514\" data-end=\"1567\">Einfache Montage \u2013 kann aufgeh\u00e4ngt oder aufgestellt werden.<\/p>\n<\/li>\n<li data-start=\"1568\" data-end=\"1612\">\n<p data-start=\"1570\" data-end=\"1612\">Geeignet f\u00fcr Zuhause, B\u00fcro, Wintergarten, Gew\u00e4chshaus usw.<\/p>\n<\/li>\n<\/ul>\n<p data-start=\"1614\" data-end=\"1645\"><strong data-start=\"1614\" data-end=\"1643\">Technische Spezifikationen:<\/strong><\/p>\n<ul data-start=\"1646\" data-end=\"1790\">\n<li data-start=\"1646\" data-end=\"1687\">\n<p data-start=\"1648\" data-end=\"1687\">Funktionen: Temperatur- und Feuchtigkeitsmessung<\/p>\n<\/li>\n<li data-start=\"1688\" data-end=\"1724\">\n<p data-start=\"1690\" data-end=\"1724\">Drahtlose Reichweite: bis zu 100 m<\/p>\n<\/li>\n<li data-start=\"1725\" data-end=\"1751\">\n<p data-start=\"1727\" data-end=\"1751\">Kan\u00e4le: CH1, CH2, CH3<\/p>\n<\/li>\n<li data-start=\"1752\" data-end=\"1790\">\n<p data-start=\"1754\" data-end=\"1790\">Kompatibel mit WLAN-Wetterstationen<\/p>\n<\/li>\n<li data-start=\"1752\" data-end=\"1790\">Batterier f\u00f6r drift: 2 x AA\u00a0 (ing\u00e5r ej utan k\u00f6ps separat)<\/li>\n<\/ul>","protected":false},"excerpt":{"rendered":"<p>2er-Pack mit zus\u00e4tzlichem Temperatur- und Feuchtigkeitssensor, der sich einfach mit Ihrer WLAN-Wetterstation mit der Artikelnummer SMH-WEATHER verbinden l\u00e4sst (nicht f\u00fcr das Modell SMH-WEATHER-Pro).<\/p>\n<p>Liefert pr\u00e4zise Messungen in mehreren R\u00e4umen oder im Freien mit einer Reichweite von bis zu 100 Metern. Ideal f\u00fcr Zuhause, B\u00fcro, Gew\u00e4chshaus oder Wintergarten.<\/p>","protected":false},"featured_media":161320,"template":"","meta":{"_acf_changed":false},"product_brand":[],"product_cat":[4767],"product_tag":[],"class_list":{"0":"post-165200","1":"product","2":"type-product","3":"status-publish","4":"has-post-thumbnail","6":"product_cat-smart-klimat-vader","7":"product_shipping_class-postnord-varubrev","8":"tm-no-options","10":"first","11":"instock","12":"sale","13":"taxable","14":"shipping-taxable","15":"purchasable","16":"product-type-woosb"},"acf":[],"_links":{"self":[{"href":"https:\/\/secureus.se\/de\/wp-json\/wp\/v2\/product\/165200","targetHints":{"allow":["GET"]}}],"collection":[{"href":"https:\/\/secureus.se\/de\/wp-json\/wp\/v2\/product"}],"about":[{"href":"https:\/\/secureus.se\/de\/wp-json\/wp\/v2\/types\/product"}],"wp:featuredmedia":[{"embeddable":true,"href":"https:\/\/secureus.se\/de\/wp-json\/wp\/v2\/media\/161320"}],"wp:attachment":[{"href":"https:\/\/secureus.se\/de\/wp-json\/wp\/v2\/media?parent=165200"}],"wp:term":[{"taxonomy":"product_brand","embeddable":true,"href":"https:\/\/secureus.se\/de\/wp-json\/wp\/v2\/product_brand?post=165200"},{"taxonomy":"product_cat","embeddable":true,"href":"https:\/\/secureus.se\/de\/wp-json\/wp\/v2\/product_cat?post=165200"},{"taxonomy":"product_tag","embeddable":true,"href":"https:\/\/secureus.se\/de\/wp-json\/wp\/v2\/product_tag?post=165200"}],"curies":[{"name":"wp","href":"https:\/\/api.w.org\/{rel}","templated":true}]}}