{"id":165234,"date":"2026-05-05T14:27:22","date_gmt":"2026-05-05T12:27:22","guid":{"rendered":"https:\/\/secureus.se\/zebra-ds9208-sr-hands-free-barcode-scanner-kit-scanner-only\/"},"modified":"2026-05-05T17:47:46","modified_gmt":"2026-05-05T15:47:46","slug":"zebra-ds9208-sr-hands-free-barcode-scanner-kit-scanner-only","status":"publish","type":"product","link":"https:\/\/secureus.se\/de\/zebra-ds9208-sr-hands-free-barcode-scanner-kit-scanner-only\/","title":{"rendered":"Zebra DS9208-SR Hands-Free Barcode Scanner Kit (Scanner Only)"},"content":{"rendered":"<p>Der Zebra DS9208-SR Hands-Free Barcode-Scanner ist ein branchenf\u00fchrender Scanner mit omnidirektionaler Lesefunktion, der f\u00fcr die n\u00e4chste Generation des Scannens entwickelt wurde. Dank der intuitiven Point-and-Shoot-Funktion und der branchenf\u00fchrenden Scangeschwindigkeit k\u00f6nnen Benutzer 1D- und 2D-Barcodes sowie mobile Barcodes und Tickets schnell und effizient scannen.<\/p>\n<ul>\n<li>Liest: 1D- und 2D-Barcodes, mobile Barcodes<\/li>\n<li>Omnidirektionales Scannen<\/li>\n<li>Schlankes Design, ideal auch f\u00fcr kleinere Arbeitsfl\u00e4chen.<\/li>\n<li>3 Jahre Herstellergarantie<\/li>\n<\/ul>\n<p>Herstellernummer: DS9208-SR00004NNWW<\/p>\n<p>\n <strong><br \/>\n Produktgewicht:<br \/>\n 0,60 kg<br \/>\n <\/strong>\n <\/p>","protected":false},"excerpt":{"rendered":"<p>The Zebra DS9208-SR Hands-Free Barcode Scanner is an industry-leading scanner with omnidirectional reading capabilities designed for the next generation of scanning. Users can scan any 1D and 2D barcode alongside<\/p>","protected":false},"featured_media":165230,"template":"","meta":{"_acf_changed":false},"product_brand":[],"product_cat":[5132],"product_tag":[],"class_list":{"0":"post-165234","1":"product","2":"type-product","3":"status-publish","4":"has-post-thumbnail","6":"product_cat-lasare-passersystem","7":"pa_brands-zebra-2","8":"tm-no-options","10":"first","11":"instock","12":"sale","13":"taxable","14":"shipping-taxable","15":"purchasable","16":"product-type-simple"},"acf":[],"_links":{"self":[{"href":"https:\/\/secureus.se\/de\/wp-json\/wp\/v2\/product\/165234","targetHints":{"allow":["GET"]}}],"collection":[{"href":"https:\/\/secureus.se\/de\/wp-json\/wp\/v2\/product"}],"about":[{"href":"https:\/\/secureus.se\/de\/wp-json\/wp\/v2\/types\/product"}],"wp:featuredmedia":[{"embeddable":true,"href":"https:\/\/secureus.se\/de\/wp-json\/wp\/v2\/media\/165230"}],"wp:attachment":[{"href":"https:\/\/secureus.se\/de\/wp-json\/wp\/v2\/media?parent=165234"}],"wp:term":[{"taxonomy":"product_brand","embeddable":true,"href":"https:\/\/secureus.se\/de\/wp-json\/wp\/v2\/product_brand?post=165234"},{"taxonomy":"product_cat","embeddable":true,"href":"https:\/\/secureus.se\/de\/wp-json\/wp\/v2\/product_cat?post=165234"},{"taxonomy":"product_tag","embeddable":true,"href":"https:\/\/secureus.se\/de\/wp-json\/wp\/v2\/product_tag?post=165234"}],"curies":[{"name":"wp","href":"https:\/\/api.w.org\/{rel}","templated":true}]}}