{"id":165236,"date":"2026-05-05T14:27:30","date_gmt":"2026-05-05T12:27:30","guid":{"rendered":"https:\/\/secureus.se\/hid-omnikey-5023-contactless-card-reader-dark-blue\/"},"modified":"2026-05-05T17:44:23","modified_gmt":"2026-05-05T15:44:23","slug":"hid-omnikey-5023-contactless-card-reader-dark-blue","status":"publish","type":"product","link":"https:\/\/secureus.se\/de\/hid-omnikey-5023-contactless-card-reader-dark-blue\/","title":{"rendered":"HID Omnikey 5023 Kontaktloser Kartenleser \u2013 Dunkelblau"},"content":{"rendered":"<p>Der kontaktlose Smartcard-Leser HID Omnikey 5023 nutzt mehrschichtige, sichere und standardbasierte Technologie auf Basis von Secure Identity Objects (SIO) zum Schutz von Daten und zur Unterst\u00fctzung von Anmeldeinformationen. Als Teil der ActivID Tap Authentication-L\u00f6sung erm\u00f6glicht dieser Leser Benutzern au\u00dferdem, eine Karte an das Ger\u00e4t zu halten und ein Einmalpasswort (OTP) f\u00fcr eine sicherere Anmeldung zu generieren.<\/p>\n<ul>\n<li>Unterst\u00fctzt Seos, iCLASS SE, MIFARE, DESFire und andere SIO-f\u00e4hige Anmeldeinformationen<\/li>\n<li>CCID-Unterst\u00fctzung f\u00fcr Windows-, Linux- und Mac-Betriebssysteme<\/li>\n<li>Herstellernummer: R50230318-DB<\/li>\n<\/ul>\n<p>\n <strong><br \/>\n Produktgewicht:<br \/>\n 0,00 kg<br \/>\n <\/strong>\n <\/p>","protected":false},"excerpt":{"rendered":"<p>The HID Omnikey 5023 Contactless Smart Card Reader utilises multi-layered, secure standards-based technology based on Secure Identity Object (SIO) to protect data and support credentials. As part of the ActivID<\/p>","protected":false},"featured_media":165235,"template":"","meta":{"_acf_changed":false},"product_brand":[],"product_cat":[5132],"product_tag":[],"class_list":{"0":"post-165236","1":"product","2":"type-product","3":"status-publish","4":"has-post-thumbnail","6":"product_cat-lasare-passersystem","7":"pa_brands-hid","8":"tm-no-options","10":"first","11":"outofstock","12":"sale","13":"taxable","14":"shipping-taxable","15":"purchasable","16":"product-type-simple"},"acf":[],"_links":{"self":[{"href":"https:\/\/secureus.se\/de\/wp-json\/wp\/v2\/product\/165236","targetHints":{"allow":["GET"]}}],"collection":[{"href":"https:\/\/secureus.se\/de\/wp-json\/wp\/v2\/product"}],"about":[{"href":"https:\/\/secureus.se\/de\/wp-json\/wp\/v2\/types\/product"}],"wp:featuredmedia":[{"embeddable":true,"href":"https:\/\/secureus.se\/de\/wp-json\/wp\/v2\/media\/165235"}],"wp:attachment":[{"href":"https:\/\/secureus.se\/de\/wp-json\/wp\/v2\/media?parent=165236"}],"wp:term":[{"taxonomy":"product_brand","embeddable":true,"href":"https:\/\/secureus.se\/de\/wp-json\/wp\/v2\/product_brand?post=165236"},{"taxonomy":"product_cat","embeddable":true,"href":"https:\/\/secureus.se\/de\/wp-json\/wp\/v2\/product_cat?post=165236"},{"taxonomy":"product_tag","embeddable":true,"href":"https:\/\/secureus.se\/de\/wp-json\/wp\/v2\/product_tag?post=165236"}],"curies":[{"name":"wp","href":"https:\/\/api.w.org\/{rel}","templated":true}]}}