{"id":165240,"date":"2026-05-05T14:27:22","date_gmt":"2026-05-05T12:27:22","guid":{"rendered":"https:\/\/secureus.se\/pac-architect-one-blue-rfid-bt-mullion-reader\/"},"modified":"2026-05-05T17:20:25","modified_gmt":"2026-05-05T15:20:25","slug":"pac-architect-one-blue-rfid-bt-mullion-reader","status":"publish","type":"product","link":"https:\/\/secureus.se\/de\/pac-architect-one-blue-rfid-bt-mullion-reader\/","title":{"rendered":"PAC Architect One Blue RFID &amp; BT Mullion Reader"},"content":{"rendered":"<p>Der Hochfrequenz-RFID- und Bluetooth-Leser PAC Architect One Blue ist mit Karten und Smartphones kompatibel und bietet somit maximalen Komfort f\u00fcr alle Nutzer. Er ist speziell f\u00fcr die Installation in beengten R\u00e4umen, wie z. B. an T\u00fcrrahmen oder in schmalen Unterputzdosen, konzipiert.<\/p>\n<ul>\n<li>Kompatibel mit PAC Ops, PAC Ops Lite und Mobile IDs<\/li>\n<li>Lesereichweite 60 mm f\u00fcr PAC HF ID-Ger\u00e4te und 20 m f\u00fcr mobile IDs<\/li>\n<li>Lebenslange Garantie gegen Elektronikausf\u00e4lle<\/li>\n<\/ul>\n<p>\n <strong><br \/>\n Produktgewicht:<br \/>\n 0,50 kg<br \/>\n <\/strong>\n <\/p>\n<p>\n <strong>Preis ab 359,99 \u20ac<\/strong>\n <\/p>","protected":false},"excerpt":{"rendered":"<p>The high-frequency PAC Architect One Blue RFID &amp; Bluetooth mullion reader is compatible with cards and smartphones to ensure complete convenience for all users. This reader is specially designed for<\/p>","protected":false},"featured_media":165237,"template":"","meta":{"_acf_changed":false},"product_brand":[],"product_cat":[5132],"product_tag":[],"class_list":{"0":"post-165240","1":"product","2":"type-product","3":"status-publish","4":"has-post-thumbnail","6":"product_cat-lasare-passersystem","7":"tm-no-options","9":"first","10":"outofstock","11":"sale","12":"taxable","13":"shipping-taxable","14":"purchasable","15":"product-type-simple"},"acf":[],"_links":{"self":[{"href":"https:\/\/secureus.se\/de\/wp-json\/wp\/v2\/product\/165240","targetHints":{"allow":["GET"]}}],"collection":[{"href":"https:\/\/secureus.se\/de\/wp-json\/wp\/v2\/product"}],"about":[{"href":"https:\/\/secureus.se\/de\/wp-json\/wp\/v2\/types\/product"}],"wp:featuredmedia":[{"embeddable":true,"href":"https:\/\/secureus.se\/de\/wp-json\/wp\/v2\/media\/165237"}],"wp:attachment":[{"href":"https:\/\/secureus.se\/de\/wp-json\/wp\/v2\/media?parent=165240"}],"wp:term":[{"taxonomy":"product_brand","embeddable":true,"href":"https:\/\/secureus.se\/de\/wp-json\/wp\/v2\/product_brand?post=165240"},{"taxonomy":"product_cat","embeddable":true,"href":"https:\/\/secureus.se\/de\/wp-json\/wp\/v2\/product_cat?post=165240"},{"taxonomy":"product_tag","embeddable":true,"href":"https:\/\/secureus.se\/de\/wp-json\/wp\/v2\/product_tag?post=165240"}],"curies":[{"name":"wp","href":"https:\/\/api.w.org\/{rel}","templated":true}]}}