{"id":165247,"date":"2026-05-05T14:27:30","date_gmt":"2026-05-05T12:27:30","guid":{"rendered":"https:\/\/secureus.se\/zebra-symbol-ls2208-usb-barcode-scanner-kit\/"},"modified":"2026-05-05T17:44:35","modified_gmt":"2026-05-05T15:44:35","slug":"zebra-symbol-ls2208-usb-barcode-scanner-kit","status":"publish","type":"product","link":"https:\/\/secureus.se\/de\/zebra-symbol-ls2208-usb-barcode-scanner-kit\/","title":{"rendered":"Zebra Symbol LS2208 USB-Barcodescanner-Kit"},"content":{"rendered":"<p>Der Zebra Symbol LS2208 USB-Barcodescanner erm\u00f6glicht schnelles und zuverl\u00e4ssiges Scannen von Barcodes Ihrer Kunden mit einer gro\u00dfen Reichweite von bis zu 43 cm. Dieser leistungsstarke Handscanner ist kompakt und leicht und l\u00e4sst sich dank verschiedener Schnittstellen problemlos in diverse Hostsysteme integrieren. Der Zebra Symbol Barcodescanner ist sturzfest bis 1,5 m auf Beton und arbeitet mit Laserscantechnologie bei einer Scangeschwindigkeit von 100 Scans pro Sekunde.<\/p>\n<ul>\n<li>St\u00e4nder inklusive<\/li>\n<li>Herstellernummer: LS2208<\/li>\n<li>Abmessungen: 6\u201d x 2,5\u201d x 3,34\u201d (H x B x T)<\/li>\n<li>Unterst\u00fctzte Schnittstellen: USB, RS232, Tastatur-Wedge, IBM 468x\/9x<\/li>\n<li>5 Jahre Garantie<\/li>\n<li>Unterst\u00fctzte Betriebssysteme \u00fcber USB: Windows 98, 2000, ME, XP, MacOS 8.5 und h\u00f6her, IBM 4690 OS<\/li>\n<\/ul>\n<p>\n <strong><br \/>\n Produktgewicht:<br \/>\n 0,60 kg<br \/>\n <\/strong>\n <\/p>","protected":false},"excerpt":{"rendered":"<p>The Zebra Symbol LS2208 USB barcode scanner provides fast and reliable barcode scanning for your customers with a wide working range of up to 17 inches. This high-performance handheld scanner<\/p>","protected":false},"featured_media":165242,"template":"","meta":{"_acf_changed":false},"product_brand":[],"product_cat":[5132],"product_tag":[],"class_list":{"0":"post-165247","1":"product","2":"type-product","3":"status-publish","4":"has-post-thumbnail","6":"product_cat-lasare-passersystem","7":"pa_brands-zebra-2","8":"tm-no-options","10":"first","11":"outofstock","12":"sale","13":"taxable","14":"shipping-taxable","15":"purchasable","16":"product-type-simple"},"acf":[],"_links":{"self":[{"href":"https:\/\/secureus.se\/de\/wp-json\/wp\/v2\/product\/165247","targetHints":{"allow":["GET"]}}],"collection":[{"href":"https:\/\/secureus.se\/de\/wp-json\/wp\/v2\/product"}],"about":[{"href":"https:\/\/secureus.se\/de\/wp-json\/wp\/v2\/types\/product"}],"wp:featuredmedia":[{"embeddable":true,"href":"https:\/\/secureus.se\/de\/wp-json\/wp\/v2\/media\/165242"}],"wp:attachment":[{"href":"https:\/\/secureus.se\/de\/wp-json\/wp\/v2\/media?parent=165247"}],"wp:term":[{"taxonomy":"product_brand","embeddable":true,"href":"https:\/\/secureus.se\/de\/wp-json\/wp\/v2\/product_brand?post=165247"},{"taxonomy":"product_cat","embeddable":true,"href":"https:\/\/secureus.se\/de\/wp-json\/wp\/v2\/product_cat?post=165247"},{"taxonomy":"product_tag","embeddable":true,"href":"https:\/\/secureus.se\/de\/wp-json\/wp\/v2\/product_tag?post=165247"}],"curies":[{"name":"wp","href":"https:\/\/api.w.org\/{rel}","templated":true}]}}