{"id":165248,"date":"2026-05-05T14:27:22","date_gmt":"2026-05-05T12:27:22","guid":{"rendered":"https:\/\/secureus.se\/hid-signo-40-keypad-reader-pigtail-connection-knks\/"},"modified":"2026-05-05T17:47:54","modified_gmt":"2026-05-05T15:47:54","slug":"hid-signo-40-keypad-reader-pigtail-connection-knks","status":"publish","type":"product","link":"https:\/\/secureus.se\/de\/hid-signo-40-keypad-reader-pigtail-connection-knks\/","title":{"rendered":"HID\u00ae SIGNO\u2122 40 KEYPAD READER &#8211; PIGTAIL CONNECTION (KNKS)"},"content":{"rendered":"<p>Der HID Signo 40 Reader l\u00e4sst sich einfach installieren, egal ob auf einer ebenen Fl\u00e4che oder an einem Pfosten montiert, und erm\u00f6glicht die zentrale Verwaltung \u00fcber HID Mobile Access\u00ae. Dieser kontaktlose Leser ist eine vielseitige Zutrittskontrolll\u00f6sung f\u00fcr gro\u00dfe Unternehmen und unterst\u00fctzt verschiedene Frequenzen, darunter 2,4 GHz, 13,56 MHz und 125 kHz.<\/p>\n<p>Zu den kompatiblen Technologien geh\u00f6ren:<\/p>\n<ul>\n<li>iCLASS SEOs\u00ae<\/li>\n<li>iCLASS, iCLASS SE\u00ae, CEPAS<\/li>\n<li>MIFARE\u2122 Classic, MIFARE\u2122 DESFire\u2122\u00a0<\/li>\n<\/ul>\n<p>Pigtail-Anschluss<\/p>\n<p>\n <strong><br \/>\n Produktgewicht:<br \/>\n 0,50 kg<br \/>\n <\/strong>\n <\/p>\n<p>\n <strong>Preis ab 343,20 \u20ac<\/strong>\n <\/p>","protected":false},"excerpt":{"rendered":"<p>The HID Signo 40 Reader offers easy installation, whether on a flat surface or mullion-mounted, and provides centralized management through HID Mobile Access\u00ae. This contactless reader serves as a versatile<\/p>","protected":false},"featured_media":165241,"template":"","meta":{"_acf_changed":false},"product_brand":[],"product_cat":[5132],"product_tag":[],"class_list":{"0":"post-165248","1":"product","2":"type-product","3":"status-publish","4":"has-post-thumbnail","6":"product_cat-lasare-passersystem","7":"pa_brands-hid","8":"tm-no-options","10":"first","11":"instock","12":"sale","13":"taxable","14":"shipping-taxable","15":"purchasable","16":"product-type-simple"},"acf":[],"_links":{"self":[{"href":"https:\/\/secureus.se\/de\/wp-json\/wp\/v2\/product\/165248","targetHints":{"allow":["GET"]}}],"collection":[{"href":"https:\/\/secureus.se\/de\/wp-json\/wp\/v2\/product"}],"about":[{"href":"https:\/\/secureus.se\/de\/wp-json\/wp\/v2\/types\/product"}],"wp:featuredmedia":[{"embeddable":true,"href":"https:\/\/secureus.se\/de\/wp-json\/wp\/v2\/media\/165241"}],"wp:attachment":[{"href":"https:\/\/secureus.se\/de\/wp-json\/wp\/v2\/media?parent=165248"}],"wp:term":[{"taxonomy":"product_brand","embeddable":true,"href":"https:\/\/secureus.se\/de\/wp-json\/wp\/v2\/product_brand?post=165248"},{"taxonomy":"product_cat","embeddable":true,"href":"https:\/\/secureus.se\/de\/wp-json\/wp\/v2\/product_cat?post=165248"},{"taxonomy":"product_tag","embeddable":true,"href":"https:\/\/secureus.se\/de\/wp-json\/wp\/v2\/product_tag?post=165248"}],"curies":[{"name":"wp","href":"https:\/\/api.w.org\/{rel}","templated":true}]}}