{"id":165256,"date":"2026-05-05T14:27:20","date_gmt":"2026-05-05T12:27:20","guid":{"rendered":"https:\/\/secureus.se\/pac-architect-a-blue-rfid-bluetooth-standard-reader\/"},"modified":"2026-05-05T17:48:27","modified_gmt":"2026-05-05T15:48:27","slug":"pac-architect-a-blue-rfid-bluetooth-standard-reader","status":"publish","type":"product","link":"https:\/\/secureus.se\/de\/pac-architect-a-blue-rfid-bluetooth-standard-reader\/","title":{"rendered":"PAC Architect A Blue RFID &amp; Bluetooth Standard Reader"},"content":{"rendered":"<p>Der Hochfrequenz-RFID- und Bluetooth-Standardleser PAC Architect A Blue ist mit Karten und Smartphones kompatibel und bietet so maximalen Komfort. Er ist vandalensicher und extrem sicher und verf\u00fcgt \u00fcber ein manipulationssicheres System mit Beschleunigungssensor.<\/p>\n<ul>\n<li>Kompatibel mit PAC Ops, PAC Ops Lite und Mobile IDs<\/li>\n<li>80 mm Lesereichweite f\u00fcr PAC HF ID-Ger\u00e4te und 20 m f\u00fcr mobile IDs<\/li>\n<li>Lebenslange Garantie gegen Elektronikausf\u00e4lle<\/li>\n<\/ul>\n<p>\n <strong><br \/>\n Produktgewicht:<br \/>\n 0,50 kg<br \/>\n <\/strong>\n <\/p>\n<p>\n <strong>Preis ab 438,00 \u20ac<\/strong>\n <\/p>","protected":false},"excerpt":{"rendered":"<p>The high-frequency PAC Architect A Blue RFID and Bluetooth standard reader works with both cards and smartphones to ensure complete convenience. This reader is specially designed to be vandal-proof and<\/p>","protected":false},"featured_media":165254,"template":"","meta":{"_acf_changed":false},"product_brand":[],"product_cat":[5132],"product_tag":[],"class_list":{"0":"post-165256","1":"product","2":"type-product","3":"status-publish","4":"has-post-thumbnail","6":"product_cat-lasare-passersystem","7":"pa_brands-pac","8":"tm-no-options","10":"first","11":"outofstock","12":"sale","13":"taxable","14":"shipping-taxable","15":"purchasable","16":"product-type-simple"},"acf":[],"_links":{"self":[{"href":"https:\/\/secureus.se\/de\/wp-json\/wp\/v2\/product\/165256","targetHints":{"allow":["GET"]}}],"collection":[{"href":"https:\/\/secureus.se\/de\/wp-json\/wp\/v2\/product"}],"about":[{"href":"https:\/\/secureus.se\/de\/wp-json\/wp\/v2\/types\/product"}],"wp:featuredmedia":[{"embeddable":true,"href":"https:\/\/secureus.se\/de\/wp-json\/wp\/v2\/media\/165254"}],"wp:attachment":[{"href":"https:\/\/secureus.se\/de\/wp-json\/wp\/v2\/media?parent=165256"}],"wp:term":[{"taxonomy":"product_brand","embeddable":true,"href":"https:\/\/secureus.se\/de\/wp-json\/wp\/v2\/product_brand?post=165256"},{"taxonomy":"product_cat","embeddable":true,"href":"https:\/\/secureus.se\/de\/wp-json\/wp\/v2\/product_cat?post=165256"},{"taxonomy":"product_tag","embeddable":true,"href":"https:\/\/secureus.se\/de\/wp-json\/wp\/v2\/product_tag?post=165256"}],"curies":[{"name":"wp","href":"https:\/\/api.w.org\/{rel}","templated":true}]}}