{"id":165257,"date":"2026-05-05T14:27:29","date_gmt":"2026-05-05T12:27:29","guid":{"rendered":"https:\/\/secureus.se\/zebra-li4278-cordless-scanner-usb-kit\/"},"modified":"2026-05-05T17:44:40","modified_gmt":"2026-05-05T15:44:40","slug":"zebra-li4278-cordless-scanner-usb-kit","status":"publish","type":"product","link":"https:\/\/secureus.se\/de\/zebra-li4278-cordless-scanner-usb-kit\/","title":{"rendered":"Zebra LI4278 Cordless Scanner USB Kit"},"content":{"rendered":"<p>Der kabellose Zebra LI4278 ist ein Linear-Imager-Scanner mit hervorragender 1D-Barcode-Scanleistung und gro\u00dfem Erfassungsbereich. Dank des integrierten Akkus k\u00f6nnen Ihre Kunden kabellos und komfortabel scannen. Bluetooth 2.1-Kompatibilit\u00e4t und verbesserte Verschl\u00fcsselung sorgen f\u00fcr mehr Sicherheit und Leistung. Der Zebra LI4278 erreicht eine Scangeschwindigkeit von 547 Scans pro Sekunde und einen Arbeitsbereich von 3,8 bis 48,3 cm.<\/p>\n<ul>\n<li>S-Halterung inklusive<\/li>\n<li>Kabelgebundene Multi-Schnittstelle<\/li>\n<li>7 Fu\u00df langes USB-Kabel<\/li>\n<li>Herstellernummer: LI4278<\/li>\n<li>Unterst\u00fctzte Schnittstellen: USB, RS232, Keyboard Wedge, RS485 (IBM)<\/li>\n<\/ul>\n<p>\n <strong><br \/>\n Produktgewicht:<br \/>\n 0.55 kg<br \/>\n <\/strong>\n <\/p>","protected":false},"excerpt":{"rendered":"<p>The Zebra LI4278 cordless scanner is a linear imager delivering superior 1D barcode scanning performance with a wide data capture range. The built-in rechargeable battery gives your customers\u00a0handheld, cordless scanning<\/p>","protected":false},"featured_media":165253,"template":"","meta":{"_acf_changed":false},"product_brand":[],"product_cat":[5132],"product_tag":[],"class_list":{"0":"post-165257","1":"product","2":"type-product","3":"status-publish","4":"has-post-thumbnail","6":"product_cat-lasare-passersystem","7":"pa_brands-zebra-2","8":"tm-no-options","10":"first","11":"instock","12":"sale","13":"taxable","14":"shipping-taxable","15":"purchasable","16":"product-type-simple"},"acf":[],"_links":{"self":[{"href":"https:\/\/secureus.se\/de\/wp-json\/wp\/v2\/product\/165257","targetHints":{"allow":["GET"]}}],"collection":[{"href":"https:\/\/secureus.se\/de\/wp-json\/wp\/v2\/product"}],"about":[{"href":"https:\/\/secureus.se\/de\/wp-json\/wp\/v2\/types\/product"}],"wp:featuredmedia":[{"embeddable":true,"href":"https:\/\/secureus.se\/de\/wp-json\/wp\/v2\/media\/165253"}],"wp:attachment":[{"href":"https:\/\/secureus.se\/de\/wp-json\/wp\/v2\/media?parent=165257"}],"wp:term":[{"taxonomy":"product_brand","embeddable":true,"href":"https:\/\/secureus.se\/de\/wp-json\/wp\/v2\/product_brand?post=165257"},{"taxonomy":"product_cat","embeddable":true,"href":"https:\/\/secureus.se\/de\/wp-json\/wp\/v2\/product_cat?post=165257"},{"taxonomy":"product_tag","embeddable":true,"href":"https:\/\/secureus.se\/de\/wp-json\/wp\/v2\/product_tag?post=165257"}],"curies":[{"name":"wp","href":"https:\/\/api.w.org\/{rel}","templated":true}]}}