{"id":165264,"date":"2026-05-05T14:27:20","date_gmt":"2026-05-05T12:27:20","guid":{"rendered":"https:\/\/secureus.se\/stid-architect-modular-mifare-desfire-bluetooth-keypad-reader\/"},"modified":"2026-05-05T17:21:39","modified_gmt":"2026-05-05T15:21:39","slug":"stid-architect-modular-mifare-desfire-bluetooth-keypad-reader","status":"publish","type":"product","link":"https:\/\/secureus.se\/de\/stid-architect-modular-mifare-desfire-bluetooth-keypad-reader\/","title":{"rendered":"STid Architect\u00ae Modular MIFARE\u00ae, DESFire\u00ae &amp; Bluetooth Keypad Reader"},"content":{"rendered":"<p>Der modulare Tastaturleser Architect\u00ae erm\u00f6glicht Benutzern die Eingabe eines Codes und den sicheren Zugriff auf ihre Einstellungen. Dieser Leser ist wetterfest, \u00e4u\u00dferst vandalismusresistent und ideal f\u00fcr den Innen- und Au\u00dfenbereich geeignet.<\/p>\n<ul>\n<li>Sicherer RFID- und NFC-HCE-Kartenleser mit Tastatur<\/li>\n<li>Entwickelt, um rauen Au\u00dfenumgebungen standzuhalten<\/li>\n<li>Lesebereich bis zu 6 cm<\/li>\n<\/ul>\n<p>Herstellernummer: ARC-R31-B\/PH5-3i\/1<\/p>\n<p>\n <strong><br \/>\n Produktgewicht:<br \/>\n 1,00 kg<br \/>\n <\/strong>\n <\/p>","protected":false},"excerpt":{"rendered":"<p>The Architect\u00ae Modular keypad reader allows users to enter a code and receive secure access to their setting. This reader is weather-resistant, highly resistant to vandalism and ideal for both<\/p>","protected":false},"featured_media":165259,"template":"","meta":{"_acf_changed":false},"product_brand":[],"product_cat":[5132],"product_tag":[],"class_list":{"0":"post-165264","1":"product","2":"type-product","3":"status-publish","4":"has-post-thumbnail","6":"product_cat-lasare-passersystem","7":"tm-no-options","9":"first","10":"instock","11":"sale","12":"taxable","13":"shipping-taxable","14":"purchasable","15":"product-type-simple"},"acf":[],"_links":{"self":[{"href":"https:\/\/secureus.se\/de\/wp-json\/wp\/v2\/product\/165264","targetHints":{"allow":["GET"]}}],"collection":[{"href":"https:\/\/secureus.se\/de\/wp-json\/wp\/v2\/product"}],"about":[{"href":"https:\/\/secureus.se\/de\/wp-json\/wp\/v2\/types\/product"}],"wp:featuredmedia":[{"embeddable":true,"href":"https:\/\/secureus.se\/de\/wp-json\/wp\/v2\/media\/165259"}],"wp:attachment":[{"href":"https:\/\/secureus.se\/de\/wp-json\/wp\/v2\/media?parent=165264"}],"wp:term":[{"taxonomy":"product_brand","embeddable":true,"href":"https:\/\/secureus.se\/de\/wp-json\/wp\/v2\/product_brand?post=165264"},{"taxonomy":"product_cat","embeddable":true,"href":"https:\/\/secureus.se\/de\/wp-json\/wp\/v2\/product_cat?post=165264"},{"taxonomy":"product_tag","embeddable":true,"href":"https:\/\/secureus.se\/de\/wp-json\/wp\/v2\/product_tag?post=165264"}],"curies":[{"name":"wp","href":"https:\/\/api.w.org\/{rel}","templated":true}]}}