{"id":165273,"date":"2026-05-05T14:27:29","date_gmt":"2026-05-05T12:27:29","guid":{"rendered":"https:\/\/secureus.se\/hid-omnikey-3121-smart-card-reader-r31210320-01\/"},"modified":"2026-05-05T17:10:46","modified_gmt":"2026-05-05T15:10:46","slug":"hid-omnikey-3121-smart-card-reader-r31210320-01","status":"publish","type":"product","link":"https:\/\/secureus.se\/de\/hid-omnikey-3121-smart-card-reader-r31210320-01\/","title":{"rendered":"HID Omnikey 3121 Smartcard-Leseger\u00e4t R31210320-01"},"content":{"rendered":"<p>Der HID Omnikey 3121 Smartcard-Leser ist ein leistungsstarker Kartenleser f\u00fcr den Desktop-Einsatz und wird mit verschiedenen Standfu\u00dfoptionen f\u00fcr die vertikale und horizontale Aufstellung geliefert. Dieser einfach zu installierende USB-Kartenleser eignet sich f\u00fcr alle kontaktlosen Kartenanwendungen und wird mit einer Klebehalterung (z. B. f\u00fcr den PC-Monitor) geliefert.<\/p>\n<ul>\n<li>Robustes Geh\u00e4use und langes USB-Kabel<\/li>\n<li>Hochgeschwindigkeits-Daten\u00fcbertragung<\/li>\n<li>Alle g\u00e4ngigen Betriebssysteme werden unterst\u00fctzt<\/li>\n<li>Herstellernummer: R31210320-01<\/li>\n<\/ul>\n<p>\n <strong><br \/>\n Produktgewicht:<br \/>\n 0,20 kg<br \/>\n <\/strong>\n <\/p>","protected":false},"excerpt":{"rendered":"<p>The HID Omnikey 3121 Smart Card Reader is a high-performance\u00a0card reader for desktop use and comes with different standing base options for both vertical and horizontal use. This easy-to-install USB<\/p>","protected":false},"featured_media":165272,"template":"","meta":{"_acf_changed":false},"product_brand":[],"product_cat":[5132],"product_tag":[],"class_list":{"0":"post-165273","1":"product","2":"type-product","3":"status-publish","4":"has-post-thumbnail","6":"product_cat-lasare-passersystem","7":"tm-no-options","9":"first","10":"instock","11":"sale","12":"taxable","13":"shipping-taxable","14":"purchasable","15":"product-type-simple"},"acf":[],"_links":{"self":[{"href":"https:\/\/secureus.se\/de\/wp-json\/wp\/v2\/product\/165273","targetHints":{"allow":["GET"]}}],"collection":[{"href":"https:\/\/secureus.se\/de\/wp-json\/wp\/v2\/product"}],"about":[{"href":"https:\/\/secureus.se\/de\/wp-json\/wp\/v2\/types\/product"}],"wp:featuredmedia":[{"embeddable":true,"href":"https:\/\/secureus.se\/de\/wp-json\/wp\/v2\/media\/165272"}],"wp:attachment":[{"href":"https:\/\/secureus.se\/de\/wp-json\/wp\/v2\/media?parent=165273"}],"wp:term":[{"taxonomy":"product_brand","embeddable":true,"href":"https:\/\/secureus.se\/de\/wp-json\/wp\/v2\/product_brand?post=165273"},{"taxonomy":"product_cat","embeddable":true,"href":"https:\/\/secureus.se\/de\/wp-json\/wp\/v2\/product_cat?post=165273"},{"taxonomy":"product_tag","embeddable":true,"href":"https:\/\/secureus.se\/de\/wp-json\/wp\/v2\/product_tag?post=165273"}],"curies":[{"name":"wp","href":"https:\/\/api.w.org\/{rel}","templated":true}]}}