{"id":165281,"date":"2026-05-05T14:27:29","date_gmt":"2026-05-05T12:27:29","guid":{"rendered":"https:\/\/secureus.se\/hid-r10-900ntntek00000-iclass-card-reader\/"},"modified":"2026-05-05T17:10:49","modified_gmt":"2026-05-05T15:10:49","slug":"hid-r10-900ntntek00000-iclass-card-reader","status":"publish","type":"product","link":"https:\/\/secureus.se\/de\/hid-r10-900ntntek00000-iclass-card-reader\/","title":{"rendered":"HID R10 900NTNTEK00000 iCLASS Card Reader"},"content":{"rendered":"<p>Sichern Sie sich unseren benutzerfreundlichen iCLASS-Kartenleser HID R10 900NTNTEK00000, der eine \u00e4u\u00dferst flexible Leseplattform bietet. Dank seiner offenen Architektur ist er mit den g\u00e4ngigsten Karten auf dem Markt kompatibel.<\/p>\n<ul>\n<li>\u00a0Mullion Smartcard-Leseger\u00e4t<\/li>\n<li>\u00a0Gleiche Verdrahtungsanschl\u00fcsse.<\/li>\n<li>\u00a05- oder 12-Volt-Betrieb wie bei unseren Prox-Leseger\u00e4ten.<\/li>\n<\/ul>\n<p>Herstellernummer: 900NTNTEK00000<\/p>\n<p>\n <strong><br \/>\n Produktgewicht:<br \/>\n 0,50 kg<br \/>\n <\/strong>\n <\/p>","protected":false},"excerpt":{"rendered":"<p>Get our user-friendly HID R10 900NTNTEK00000 iCLASS CARD READER which offers a highly flexible reader platform. Its open architecture design makes it compatible with the most popular cards in the<\/p>","protected":false},"featured_media":165280,"template":"","meta":{"_acf_changed":false},"product_brand":[],"product_cat":[5132],"product_tag":[],"class_list":{"0":"post-165281","1":"product","2":"type-product","3":"status-publish","4":"has-post-thumbnail","6":"product_cat-lasare-passersystem","7":"tm-no-options","9":"first","10":"outofstock","11":"sale","12":"taxable","13":"shipping-taxable","14":"purchasable","15":"product-type-simple"},"acf":[],"_links":{"self":[{"href":"https:\/\/secureus.se\/de\/wp-json\/wp\/v2\/product\/165281","targetHints":{"allow":["GET"]}}],"collection":[{"href":"https:\/\/secureus.se\/de\/wp-json\/wp\/v2\/product"}],"about":[{"href":"https:\/\/secureus.se\/de\/wp-json\/wp\/v2\/types\/product"}],"wp:featuredmedia":[{"embeddable":true,"href":"https:\/\/secureus.se\/de\/wp-json\/wp\/v2\/media\/165280"}],"wp:attachment":[{"href":"https:\/\/secureus.se\/de\/wp-json\/wp\/v2\/media?parent=165281"}],"wp:term":[{"taxonomy":"product_brand","embeddable":true,"href":"https:\/\/secureus.se\/de\/wp-json\/wp\/v2\/product_brand?post=165281"},{"taxonomy":"product_cat","embeddable":true,"href":"https:\/\/secureus.se\/de\/wp-json\/wp\/v2\/product_cat?post=165281"},{"taxonomy":"product_tag","embeddable":true,"href":"https:\/\/secureus.se\/de\/wp-json\/wp\/v2\/product_tag?post=165281"}],"curies":[{"name":"wp","href":"https:\/\/api.w.org\/{rel}","templated":true}]}}