{"id":165286,"date":"2026-05-05T14:27:20","date_gmt":"2026-05-05T12:27:20","guid":{"rendered":"https:\/\/secureus.se\/stid-architect-modular-mifare-desfire-bluetooth-touchscreen-reader\/"},"modified":"2026-05-05T17:48:48","modified_gmt":"2026-05-05T15:48:48","slug":"stid-architect-modular-mifare-desfire-bluetooth-touchscreen-reader","status":"publish","type":"product","link":"https:\/\/secureus.se\/de\/stid-architect-modular-mifare-desfire-bluetooth-touchscreen-reader\/","title":{"rendered":"STid Architect\u00ae Modular MIFARE\u00ae, DESFire\u00ae &amp; Bluetooth Touchscreen Reader"},"content":{"rendered":"<p>Der modulare Touchscreen-Leser STid Architect\u00ae verf\u00fcgt \u00fcber einen Farb-Touchscreen zur Anzeige eines Tastenfelds oder zus\u00e4tzlicher Informationen. Zus\u00e4tzlich bietet er eine \u2018Scramble-Pad\u2019-Funktion f\u00fcr das Tastenfeld, die die Sicherheit erh\u00f6ht. In diesem Modus werden die angezeigten Zahlen zuf\u00e4llig verschl\u00fcsselt, wodurch der Diebstahl von Zugangscodes verhindert und die Sicherheit verbessert wird.<\/p>\n<ul>\n<li>Sicherer RFID- und NFC-HCE-Leser mit Farb-Touchscreen f\u00fcr die Tastatur<\/li>\n<li>Enth\u00e4lt eine sichere \u2018Scramble Pad\u2019-Funktion<\/li>\n<li>Lesebereich bis zu 4 cm<\/li>\n<\/ul>\n<p>Herstellernummer: ARC-R31-C\/PH5-3i\/1<\/p>\n<p>\n <strong><br \/>\n Produktgewicht:<br \/>\n 1,00 kg<br \/>\n <\/strong>\n <\/p>","protected":false},"excerpt":{"rendered":"<p>The STid Architect\u00ae Modular touchscreen reader contains a colour touch screen to display a keypad or additional information. The reader also contains a \u2018scramble pad\u2019 function for the keypad to<\/p>","protected":false},"featured_media":165282,"template":"","meta":{"_acf_changed":false},"product_brand":[],"product_cat":[5132],"product_tag":[],"class_list":{"0":"post-165286","1":"product","2":"type-product","3":"status-publish","4":"has-post-thumbnail","6":"product_cat-lasare-passersystem","7":"pa_brands-stid","8":"tm-no-options","10":"first","11":"outofstock","12":"sale","13":"taxable","14":"shipping-taxable","15":"purchasable","16":"product-type-simple"},"acf":[],"_links":{"self":[{"href":"https:\/\/secureus.se\/de\/wp-json\/wp\/v2\/product\/165286","targetHints":{"allow":["GET"]}}],"collection":[{"href":"https:\/\/secureus.se\/de\/wp-json\/wp\/v2\/product"}],"about":[{"href":"https:\/\/secureus.se\/de\/wp-json\/wp\/v2\/types\/product"}],"wp:featuredmedia":[{"embeddable":true,"href":"https:\/\/secureus.se\/de\/wp-json\/wp\/v2\/media\/165282"}],"wp:attachment":[{"href":"https:\/\/secureus.se\/de\/wp-json\/wp\/v2\/media?parent=165286"}],"wp:term":[{"taxonomy":"product_brand","embeddable":true,"href":"https:\/\/secureus.se\/de\/wp-json\/wp\/v2\/product_brand?post=165286"},{"taxonomy":"product_cat","embeddable":true,"href":"https:\/\/secureus.se\/de\/wp-json\/wp\/v2\/product_cat?post=165286"},{"taxonomy":"product_tag","embeddable":true,"href":"https:\/\/secureus.se\/de\/wp-json\/wp\/v2\/product_tag?post=165286"}],"curies":[{"name":"wp","href":"https:\/\/api.w.org\/{rel}","templated":true}]}}