{"id":165353,"date":"2026-05-05T14:27:27","date_gmt":"2026-05-05T12:27:27","guid":{"rendered":"https:\/\/secureus.se\/zebra-ls1203-sr-scanner-usb-kit\/"},"modified":"2026-05-05T17:45:52","modified_gmt":"2026-05-05T15:45:52","slug":"zebra-ls1203-sr-scanner-usb-kit","status":"publish","type":"product","link":"https:\/\/secureus.se\/de\/zebra-ls1203-sr-scanner-usb-kit\/","title":{"rendered":"Zebra LS1203 SR Scanner USB Kit"},"content":{"rendered":"<p>Der Zebra LS1203 SR Scanner bietet hohe Funktionalit\u00e4t und Zuverl\u00e4ssigkeit und reduziert Dateneingabefehler deutlich, um die Produktivit\u00e4t am Arbeitsplatz zu steigern. Dieser bidirektionale Handscanner wurde speziell f\u00fcr kleine Unternehmen entwickelt, liest alle 1D-Barcodes und ist dank Plug-and-Play-Funktion sofort einsatzbereit. Der SR-Laserscanner hat eine Reichweite von 25 cm bis 25 cm und ist sturzfest bis 1,5 m auf Beton.<\/p>\n<ul>\n<li>Inklusive USB-Kabel und St\u00e4nder<\/li>\n<li>Kabelgebundene Multi-Schnittstelle<\/li>\n<li>Abmessungen: 7,1\u201d x 2,4\u201d x 2,4\u201d (H x B x T)<\/li>\n<li>Unterst\u00fctzte Schnittstellen: USB, RS232, Tastatur-Wedge<\/li>\n<li>Abtastrate: 100 Abtastungen pro Sekunde<\/li>\n<\/ul>\n<p>\n <strong><br \/>\n Produktgewicht:<br \/>\n 1,00 kg<br \/>\n <\/strong>\n <\/p>","protected":false},"excerpt":{"rendered":"<p>The Zebra LS1203 SR scanner delivers functionality, reliability and significantly reduces data entry errors to improve productivity in the workplace. Designed for small businesses, this bi-directional handheld scanner reads all<\/p>","protected":false},"featured_media":165350,"template":"","meta":{"_acf_changed":false},"product_brand":[],"product_cat":[5132],"product_tag":[],"class_list":{"0":"post-165353","1":"product","2":"type-product","3":"status-publish","4":"has-post-thumbnail","6":"product_cat-lasare-passersystem","7":"pa_brands-zebra-2","8":"tm-no-options","10":"first","11":"outofstock","12":"sale","13":"taxable","14":"shipping-taxable","15":"purchasable","16":"product-type-simple"},"acf":[],"_links":{"self":[{"href":"https:\/\/secureus.se\/de\/wp-json\/wp\/v2\/product\/165353","targetHints":{"allow":["GET"]}}],"collection":[{"href":"https:\/\/secureus.se\/de\/wp-json\/wp\/v2\/product"}],"about":[{"href":"https:\/\/secureus.se\/de\/wp-json\/wp\/v2\/types\/product"}],"wp:featuredmedia":[{"embeddable":true,"href":"https:\/\/secureus.se\/de\/wp-json\/wp\/v2\/media\/165350"}],"wp:attachment":[{"href":"https:\/\/secureus.se\/de\/wp-json\/wp\/v2\/media?parent=165353"}],"wp:term":[{"taxonomy":"product_brand","embeddable":true,"href":"https:\/\/secureus.se\/de\/wp-json\/wp\/v2\/product_brand?post=165353"},{"taxonomy":"product_cat","embeddable":true,"href":"https:\/\/secureus.se\/de\/wp-json\/wp\/v2\/product_cat?post=165353"},{"taxonomy":"product_tag","embeddable":true,"href":"https:\/\/secureus.se\/de\/wp-json\/wp\/v2\/product_tag?post=165353"}],"curies":[{"name":"wp","href":"https:\/\/api.w.org\/{rel}","templated":true}]}}