{"id":165356,"date":"2026-05-05T14:27:18","date_gmt":"2026-05-05T12:27:18","guid":{"rendered":"https:\/\/secureus.se\/hid-signo-20-white-reader-terminal-connection\/"},"modified":"2026-05-05T17:49:29","modified_gmt":"2026-05-05T15:49:29","slug":"hid-signo-20-white-reader-terminal-connection","status":"publish","type":"product","link":"https:\/\/secureus.se\/de\/hid-signo-20-white-reader-terminal-connection\/","title":{"rendered":"HID\u00ae Signo\u2122 20 White Reader &#8211; Terminal Connection"},"content":{"rendered":"<p>Der HID Signo 20 White Reader l\u00e4sst sich schnell auf einer ebenen Fl\u00e4che oder an einem Pfosten montieren und einfach zentral \u00fcber HID Mobile Access\u00ae verwalten. Dieser kontaktlose Leser ist eine vielseitige Zutrittskontrolll\u00f6sung f\u00fcr gro\u00dfe Unternehmen und unterst\u00fctzt die Frequenzen 2,4 GHz, 13,56 MHz und 125 kHz.<\/p>\n<ul>\n<li>iCLASS SEOs\u00ae<\/li>\n<li>iCLASS, iCLASS SE\u00ae, CEPAS<\/li>\n<li>MIFARE\u2122 Classic, MIFARE\u2122 DESFire\u2122<\/li>\n<li>HID Prox\u00ae, Indala Prox\u00ae, AWID Prox\u00ae, EM Prox\u00ae<\/li>\n<li>Auch in Schwarz erh\u00e4ltlich<\/li>\n<\/ul>\n<p>Terminalanschluss<\/p>\n<p>Herstellernummer: 20TWS-00-000000<\/p>\n<p>\n <strong><br \/>\n Produktgewicht:<br \/>\n 1,00 kg<br \/>\n <\/strong>\n <\/p>\n<p>\n <strong>Preis ab 163,20 \u20ac<\/strong>\n <\/p>","protected":false},"excerpt":{"rendered":"<p>The HID Signo 20 White Reader is quick to install on a flat surface or mullion-mounted, and simple to manage centrally through HID Mobile Access\u00ae. This contactless reader is a<\/p>","protected":false},"featured_media":165351,"template":"","meta":{"_acf_changed":false},"product_brand":[],"product_cat":[5132],"product_tag":[],"class_list":{"0":"post-165356","1":"product","2":"type-product","3":"status-publish","4":"has-post-thumbnail","6":"product_cat-lasare-passersystem","7":"pa_brands-hid","8":"tm-no-options","10":"first","11":"outofstock","12":"sale","13":"taxable","14":"shipping-taxable","15":"purchasable","16":"product-type-simple"},"acf":[],"_links":{"self":[{"href":"https:\/\/secureus.se\/de\/wp-json\/wp\/v2\/product\/165356","targetHints":{"allow":["GET"]}}],"collection":[{"href":"https:\/\/secureus.se\/de\/wp-json\/wp\/v2\/product"}],"about":[{"href":"https:\/\/secureus.se\/de\/wp-json\/wp\/v2\/types\/product"}],"wp:featuredmedia":[{"embeddable":true,"href":"https:\/\/secureus.se\/de\/wp-json\/wp\/v2\/media\/165351"}],"wp:attachment":[{"href":"https:\/\/secureus.se\/de\/wp-json\/wp\/v2\/media?parent=165356"}],"wp:term":[{"taxonomy":"product_brand","embeddable":true,"href":"https:\/\/secureus.se\/de\/wp-json\/wp\/v2\/product_brand?post=165356"},{"taxonomy":"product_cat","embeddable":true,"href":"https:\/\/secureus.se\/de\/wp-json\/wp\/v2\/product_cat?post=165356"},{"taxonomy":"product_tag","embeddable":true,"href":"https:\/\/secureus.se\/de\/wp-json\/wp\/v2\/product_tag?post=165356"}],"curies":[{"name":"wp","href":"https:\/\/api.w.org\/{rel}","templated":true}]}}