{"id":165358,"date":"2026-05-05T14:27:27","date_gmt":"2026-05-05T12:27:27","guid":{"rendered":"https:\/\/secureus.se\/hid-omnikey-6121-mobile-usb-reader-r61210320-2\/"},"modified":"2026-05-05T17:11:13","modified_gmt":"2026-05-05T15:11:13","slug":"hid-omnikey-6121-mobile-usb-reader-r61210320-2","status":"publish","type":"product","link":"https:\/\/secureus.se\/de\/hid-omnikey-6121-mobile-usb-reader-r61210320-2\/","title":{"rendered":"HID Omnikey 6121 Mobiles USB-Leseger\u00e4t, R61210320-2"},"content":{"rendered":"<p>Der mobile USB-Leser HID Omnikey 6121 dient zum Lesen und Beschreiben von kontaktlosen 13,56-MHz-Smartcards und kontaktbehafteten SIM-Karten. Diese kompakten Leseger\u00e4te mit zwei Schnittstellen lassen sich \u00fcber den USB-Anschluss mit den meisten g\u00e4ngigen Betriebssystemen verbinden und erm\u00f6glichen so schnelle Daten\u00fcbertragungen.<\/p>\n<ul>\n<li>Durchschnittliche Lebensdauer von 30.000 Einsetzungen<\/li>\n<li>ISO 7816- und CCID-konform<\/li>\n<li>Kompatibel mit den meisten g\u00e4ngigen Betriebssystemen<\/li>\n<li>Herstellernummer: R61210320-2<\/li>\n<\/ul>\n<p>\n <strong><br \/>\n Produktgewicht:<br \/>\n 0,20 kg<br \/>\n <\/strong>\n <\/p>","protected":false},"excerpt":{"rendered":"<p>The HID Omnikey 6121 Mobile USB Reader is designed to read and write to 13.56 MHz contactless smart cards and SIM-sized contact smart cards. These compact dual-interface readers link to<\/p>","protected":false},"featured_media":165357,"template":"","meta":{"_acf_changed":false},"product_brand":[],"product_cat":[5132],"product_tag":[],"class_list":{"0":"post-165358","1":"product","2":"type-product","3":"status-publish","4":"has-post-thumbnail","6":"product_cat-lasare-passersystem","7":"tm-no-options","9":"first","10":"outofstock","11":"sale","12":"taxable","13":"shipping-taxable","14":"purchasable","15":"product-type-simple"},"acf":[],"_links":{"self":[{"href":"https:\/\/secureus.se\/de\/wp-json\/wp\/v2\/product\/165358","targetHints":{"allow":["GET"]}}],"collection":[{"href":"https:\/\/secureus.se\/de\/wp-json\/wp\/v2\/product"}],"about":[{"href":"https:\/\/secureus.se\/de\/wp-json\/wp\/v2\/types\/product"}],"wp:featuredmedia":[{"embeddable":true,"href":"https:\/\/secureus.se\/de\/wp-json\/wp\/v2\/media\/165357"}],"wp:attachment":[{"href":"https:\/\/secureus.se\/de\/wp-json\/wp\/v2\/media?parent=165358"}],"wp:term":[{"taxonomy":"product_brand","embeddable":true,"href":"https:\/\/secureus.se\/de\/wp-json\/wp\/v2\/product_brand?post=165358"},{"taxonomy":"product_cat","embeddable":true,"href":"https:\/\/secureus.se\/de\/wp-json\/wp\/v2\/product_cat?post=165358"},{"taxonomy":"product_tag","embeddable":true,"href":"https:\/\/secureus.se\/de\/wp-json\/wp\/v2\/product_tag?post=165358"}],"curies":[{"name":"wp","href":"https:\/\/api.w.org\/{rel}","templated":true}]}}