{"id":165366,"date":"2026-05-05T14:27:24","date_gmt":"2026-05-05T12:27:24","guid":{"rendered":"https:\/\/secureus.se\/hid-signo-express-20-reader\/"},"modified":"2026-05-05T17:47:13","modified_gmt":"2026-05-05T15:47:13","slug":"hid-signo-express-20-reader","status":"publish","type":"product","link":"https:\/\/secureus.se\/de\/hid-signo-express-20-reader\/","title":{"rendered":"HID\u00ae Signo\u2122 Express 20 Reader"},"content":{"rendered":"<p>Wir pr\u00e4sentieren den HID\u00ae Signo\u2122 Express 20 Reader: Ihre optimierte L\u00f6sung f\u00fcr sichere Zutrittskontrolle. Er wurde mit Blick auf Flexibilit\u00e4t und Wirtschaftlichkeit entwickelt und bietet essenzielle Funktionen, die auf Ihre Bed\u00fcrfnisse zugeschnitten sind.<\/p>\n<p>Dank vorkonfigurierter Optionen sind Sie in wenigen Minuten startklar. Profitieren Sie von der herausragenden Leistung von Seos\u00ae und genie\u00dfen Sie optimale Benutzerfreundlichkeit \u2013 egal ob mit physischen Karten oder mobilen Anmeldeinformationen.<\/p>\n<p>With support for industry-leading Seos\u00ae credential technology, enjoy robust encryption and unrivaled privacy protection. Seamlessly integrate mobile access via Bluetooth LE and NFC technologies, meeting the demands of today&#8217;s mobile-first world.<\/p>\n<p>Standardisierte Wiegand-Ausg\u00e4nge und Klemmenanschl\u00fcsse vereinfachen die Installation, w\u00e4hrend Bluetooth LE einfache Aktualisierungen und Verwaltung erm\u00f6glicht. Kompatibel mit dem HID Reader Manager f\u00fcr komfortable Konfiguration und Firmware-Updates vor Ort.<\/p>\n<p>Herstellernummer: 20XTKK-X0-000000<\/p>\n<p>\n <strong><br \/>\n Produktgewicht:<br \/>\n 0,50 kg<br \/>\n <\/strong>\n <\/p>\n<p>\n <strong>Preis ab 114,00 \u20ac<\/strong>\n <\/p>","protected":false},"excerpt":{"rendered":"<p>Wir pr\u00e4sentieren den HID\u00ae Signo\u2122 Express 20 Reader: Ihre optimierte L\u00f6sung f\u00fcr sichere Zutrittskontrolle. Er wurde mit Blick auf Flexibilit\u00e4t und Wirtschaftlichkeit entwickelt und bietet essenzielle Funktionen, die auf Ihre Bed\u00fcrfnisse zugeschnitten sind.<\/p>","protected":false},"featured_media":165365,"template":"","meta":{"_acf_changed":false},"product_brand":[],"product_cat":[5132],"product_tag":[],"class_list":{"0":"post-165366","1":"product","2":"type-product","3":"status-publish","4":"has-post-thumbnail","6":"product_cat-lasare-passersystem","7":"pa_brands-hid","8":"tm-no-options","10":"first","11":"instock","12":"sale","13":"taxable","14":"shipping-taxable","15":"purchasable","16":"product-type-simple"},"acf":[],"_links":{"self":[{"href":"https:\/\/secureus.se\/de\/wp-json\/wp\/v2\/product\/165366","targetHints":{"allow":["GET"]}}],"collection":[{"href":"https:\/\/secureus.se\/de\/wp-json\/wp\/v2\/product"}],"about":[{"href":"https:\/\/secureus.se\/de\/wp-json\/wp\/v2\/types\/product"}],"wp:featuredmedia":[{"embeddable":true,"href":"https:\/\/secureus.se\/de\/wp-json\/wp\/v2\/media\/165365"}],"wp:attachment":[{"href":"https:\/\/secureus.se\/de\/wp-json\/wp\/v2\/media?parent=165366"}],"wp:term":[{"taxonomy":"product_brand","embeddable":true,"href":"https:\/\/secureus.se\/de\/wp-json\/wp\/v2\/product_brand?post=165366"},{"taxonomy":"product_cat","embeddable":true,"href":"https:\/\/secureus.se\/de\/wp-json\/wp\/v2\/product_cat?post=165366"},{"taxonomy":"product_tag","embeddable":true,"href":"https:\/\/secureus.se\/de\/wp-json\/wp\/v2\/product_tag?post=165366"}],"curies":[{"name":"wp","href":"https:\/\/api.w.org\/{rel}","templated":true}]}}