{"id":165398,"date":"2026-05-05T14:27:26","date_gmt":"2026-05-05T12:27:26","guid":{"rendered":"https:\/\/secureus.se\/pac-20120-oneprox-gs3-hf-mullion-reader\/"},"modified":"2026-05-05T17:46:19","modified_gmt":"2026-05-05T15:46:19","slug":"pac-20120-oneprox-gs3-hf-mullion-reader","status":"publish","type":"product","link":"https:\/\/secureus.se\/de\/pac-20120-oneprox-gs3-hf-mullion-reader\/","title":{"rendered":"PAC 20120 OneProx GS3 HF Mullion Reader"},"content":{"rendered":"<p>Der PAC OneProx GS3 HF T\u00fcr\u00f6ffner ist f\u00fcr den Einsatz in anspruchsvollsten Umgebungen konzipiert und eignet sich ideal f\u00fcr die Montage an T\u00fcrrahmen, sowohl innen als auch au\u00dfen. Der Leser ist nach IP65 zertifiziert und wetterfest f\u00fcr den Innen- und Au\u00dfenbereich.<\/p>\n<ul>\n<li>Kompatibel mit PAC Ops, PAC Ops Lite und vielen Wiegand-Varianten<\/li>\n<li>45 mm Lesebereich<\/li>\n<li>Lebenslange Garantie gegen Elektronikausf\u00e4lle<\/li>\n<\/ul>\n<p>\n <strong><br \/>\n Produktgewicht:<br \/>\n 0,20 kg<br \/>\n <\/strong>\n <\/p>\n<p>\n <strong>Preis ab 216,00 \u20ac<\/strong>\n <\/p>","protected":false},"excerpt":{"rendered":"<p>The PAC OneProx GS3 HF mullion reader is designed to work in the most demanding of operating environments and is ideal for fitting on doorframes, internally or externally. The reader<\/p>","protected":false},"featured_media":165396,"template":"","meta":{"_acf_changed":false},"product_brand":[],"product_cat":[5132],"product_tag":[],"class_list":{"0":"post-165398","1":"product","2":"type-product","3":"status-publish","4":"has-post-thumbnail","6":"product_cat-lasare-passersystem","7":"pa_brands-pac","8":"tm-no-options","10":"first","11":"outofstock","12":"sale","13":"taxable","14":"shipping-taxable","15":"purchasable","16":"product-type-simple"},"acf":[],"_links":{"self":[{"href":"https:\/\/secureus.se\/de\/wp-json\/wp\/v2\/product\/165398","targetHints":{"allow":["GET"]}}],"collection":[{"href":"https:\/\/secureus.se\/de\/wp-json\/wp\/v2\/product"}],"about":[{"href":"https:\/\/secureus.se\/de\/wp-json\/wp\/v2\/types\/product"}],"wp:featuredmedia":[{"embeddable":true,"href":"https:\/\/secureus.se\/de\/wp-json\/wp\/v2\/media\/165396"}],"wp:attachment":[{"href":"https:\/\/secureus.se\/de\/wp-json\/wp\/v2\/media?parent=165398"}],"wp:term":[{"taxonomy":"product_brand","embeddable":true,"href":"https:\/\/secureus.se\/de\/wp-json\/wp\/v2\/product_brand?post=165398"},{"taxonomy":"product_cat","embeddable":true,"href":"https:\/\/secureus.se\/de\/wp-json\/wp\/v2\/product_cat?post=165398"},{"taxonomy":"product_tag","embeddable":true,"href":"https:\/\/secureus.se\/de\/wp-json\/wp\/v2\/product_tag?post=165398"}],"curies":[{"name":"wp","href":"https:\/\/api.w.org\/{rel}","templated":true}]}}