{"id":165413,"date":"2026-05-05T14:27:25","date_gmt":"2026-05-05T12:27:25","guid":{"rendered":"https:\/\/secureus.se\/pac-20110-oneprox-gs3-lf-mullion-reader\/"},"modified":"2026-05-05T17:46:27","modified_gmt":"2026-05-05T15:46:27","slug":"pac-20110-oneprox-gs3-lf-mullion-reader","status":"publish","type":"product","link":"https:\/\/secureus.se\/de\/pac-20110-oneprox-gs3-lf-mullion-reader\/","title":{"rendered":"PAC 20110 OneProx GS3 LF Mullion Reader"},"content":{"rendered":"<p>Der PAC Oneprox GS3 Niederfrequenz-T\u00fcr\u00f6ffner ist f\u00fcr den Einsatz in anspruchsvollsten Umgebungen konzipiert und kann an den meisten T\u00fcrrahmen montiert werden. Er ist nach IP65 zertifiziert und witterungsbest\u00e4ndig f\u00fcr den Innen- und Au\u00dfenbereich.<\/p>\n<ul>\n<li>Kompatibel mit PAC-, KeyPAC- und Drittanbieter-Anmeldeinformationen (\u00fcber Wiegand)<\/li>\n<li>85 mm Lesebereich<\/li>\n<li>Lebenslange Garantie gegen Elektronikausf\u00e4lle<\/li>\n<\/ul>\n<p>\n <strong><br \/>\n Produktgewicht:<br \/>\n 0,20 kg<br \/>\n <\/strong>\n <\/p>\n<p>\n <strong>Preis ab 233,40 \u20ac<\/strong>\n <\/p>","protected":false},"excerpt":{"rendered":"<p>The PAC Oneprox GS3 low-frequency mullion reader is designed to work in the most demanding of operating environments and can be installed onto most door frames. The reader comes with<\/p>","protected":false},"featured_media":165411,"template":"","meta":{"_acf_changed":false},"product_brand":[],"product_cat":[5132],"product_tag":[],"class_list":{"0":"post-165413","1":"product","2":"type-product","3":"status-publish","4":"has-post-thumbnail","6":"product_cat-lasare-passersystem","7":"pa_brands-pac","8":"tm-no-options","10":"first","11":"outofstock","12":"sale","13":"taxable","14":"shipping-taxable","15":"purchasable","16":"product-type-simple"},"acf":[],"_links":{"self":[{"href":"https:\/\/secureus.se\/de\/wp-json\/wp\/v2\/product\/165413","targetHints":{"allow":["GET"]}}],"collection":[{"href":"https:\/\/secureus.se\/de\/wp-json\/wp\/v2\/product"}],"about":[{"href":"https:\/\/secureus.se\/de\/wp-json\/wp\/v2\/types\/product"}],"wp:featuredmedia":[{"embeddable":true,"href":"https:\/\/secureus.se\/de\/wp-json\/wp\/v2\/media\/165411"}],"wp:attachment":[{"href":"https:\/\/secureus.se\/de\/wp-json\/wp\/v2\/media?parent=165413"}],"wp:term":[{"taxonomy":"product_brand","embeddable":true,"href":"https:\/\/secureus.se\/de\/wp-json\/wp\/v2\/product_brand?post=165413"},{"taxonomy":"product_cat","embeddable":true,"href":"https:\/\/secureus.se\/de\/wp-json\/wp\/v2\/product_cat?post=165413"},{"taxonomy":"product_tag","embeddable":true,"href":"https:\/\/secureus.se\/de\/wp-json\/wp\/v2\/product_tag?post=165413"}],"curies":[{"name":"wp","href":"https:\/\/api.w.org\/{rel}","templated":true}]}}