{"id":165447,"date":"2026-05-05T14:27:17","date_gmt":"2026-05-05T12:27:17","guid":{"rendered":"https:\/\/secureus.se\/hid-omnikey-5427-ck-dual-frequency-card-reader-with-ble-apple-wallet\/"},"modified":"2026-05-05T17:50:01","modified_gmt":"2026-05-05T15:50:01","slug":"hid-omnikey-5427-ck-dual-frequency-card-reader-with-ble-apple-wallet","status":"publish","type":"product","link":"https:\/\/secureus.se\/de\/hid-omnikey-5427-ck-dual-frequency-card-reader-with-ble-apple-wallet\/","title":{"rendered":"HID Omnikey 5427 CK Dual Frequency Card Reader with BLE &amp; Apple Wallet"},"content":{"rendered":"<p>Der HID Omnikey 5427CK Dualfrequenz-Kartenleser mit Bluetooth-Schnittstelle und Apple Wallet-Funktionalit\u00e4t optimiert das Auslesen von Ausweisdokumenten durch CCID-Unterst\u00fctzung, Tastatur-Wedge und Bluetooth-Schnittstellen f\u00fcr integriertes Auslesen. Dieser Kartenleser bietet mehrstufige Sicherheit mit gleichzeitiger Unterst\u00fctzung f\u00fcr iCLASS-, Seos- und HID Mobile Access-Ausweise.<\/p>\n<ul>\n<li>Tastaturkeilschnittstelle<\/li>\n<li>Bluetooth-Schnittstelle<\/li>\n<li>Apple Wallet-kompatibel<\/li>\n<li>Verf\u00fcgbar als Leseplatine f\u00fcr eingebettete Anwendungen<\/li>\n<li>Flexible Konfiguration von Datenstrukturen und Ausgabemodi<\/li>\n<li>USB-Anschluss<\/li>\n<li>Herstellernummer: R54270111-UNI<\/li>\n<\/ul>\n<p>\n <strong><br \/>\n Produktgewicht:<br \/>\n 0,20 kg<br \/>\n <\/strong>\n <\/p>","protected":false},"excerpt":{"rendered":"<p>The HID Omnikey 5427CK Dual-Frequency Card Reader with Bluetooth Interface &amp; Apple wallet functionality\u00a0optimises credential reading with CCID support, keyboard wedge and Bluetooth interfaces for integrated credential reading. This reader<\/p>","protected":false},"featured_media":165446,"template":"","meta":{"_acf_changed":false},"product_brand":[],"product_cat":[5132],"product_tag":[],"class_list":{"0":"post-165447","1":"product","2":"type-product","3":"status-publish","4":"has-post-thumbnail","6":"product_cat-lasare-passersystem","7":"pa_brands-hid","8":"tm-no-options","10":"first","11":"instock","12":"sale","13":"taxable","14":"shipping-taxable","15":"purchasable","16":"product-type-simple"},"acf":[],"_links":{"self":[{"href":"https:\/\/secureus.se\/de\/wp-json\/wp\/v2\/product\/165447","targetHints":{"allow":["GET"]}}],"collection":[{"href":"https:\/\/secureus.se\/de\/wp-json\/wp\/v2\/product"}],"about":[{"href":"https:\/\/secureus.se\/de\/wp-json\/wp\/v2\/types\/product"}],"wp:featuredmedia":[{"embeddable":true,"href":"https:\/\/secureus.se\/de\/wp-json\/wp\/v2\/media\/165446"}],"wp:attachment":[{"href":"https:\/\/secureus.se\/de\/wp-json\/wp\/v2\/media?parent=165447"}],"wp:term":[{"taxonomy":"product_brand","embeddable":true,"href":"https:\/\/secureus.se\/de\/wp-json\/wp\/v2\/product_brand?post=165447"},{"taxonomy":"product_cat","embeddable":true,"href":"https:\/\/secureus.se\/de\/wp-json\/wp\/v2\/product_cat?post=165447"},{"taxonomy":"product_tag","embeddable":true,"href":"https:\/\/secureus.se\/de\/wp-json\/wp\/v2\/product_tag?post=165447"}],"curies":[{"name":"wp","href":"https:\/\/api.w.org\/{rel}","templated":true}]}}