{"id":165455,"date":"2026-05-05T14:27:17","date_gmt":"2026-05-05T12:27:17","guid":{"rendered":"https:\/\/secureus.se\/pac-20117-black-oneprox-gs3-lf-panel-mount-reader\/"},"modified":"2026-05-05T17:50:11","modified_gmt":"2026-05-05T15:50:11","slug":"pac-20117-black-oneprox-gs3-lf-panel-mount-reader","status":"publish","type":"product","link":"https:\/\/secureus.se\/de\/pac-20117-black-oneprox-gs3-lf-panel-mount-reader\/","title":{"rendered":"PAC 20117 Black OneProx GS3 LF Panel Mount Reader"},"content":{"rendered":"<p>Der schwarze PAC OneProx GS3 Niederfrequenz-Einbauleser ist eine einfach nachr\u00fcstbare L\u00f6sung, da er f\u00fcr die Montage in originalen T\u00fcrsprechstellen konzipiert ist. Dank seiner Schutzart IP65 ist er auch f\u00fcr anspruchsvollste Einsatzumgebungen geeignet und somit wetterfest f\u00fcr den Innen- und Au\u00dfenbereich.<\/p>\n<ul>\n<li>Kompatibel mit PAC, KeyPAC und vielen Wiegand-Varianten<\/li>\n<li>45 mm Lesebereich<\/li>\n<li>Lebenslange Garantie gegen Elektronikausf\u00e4lle<\/li>\n<\/ul>\n<p>\n <strong><br \/>\n Produktgewicht:<br \/>\n 0,10 kg<br \/>\n <\/strong>\n <\/p>\n<p>\n <strong>Preis ab 293,40 \u20ac<\/strong>\n <\/p>","protected":false},"excerpt":{"rendered":"<p>The PAC black OneProx GS3 low-frequency panel mount reader is an easy retrofit reader option, as it\u2019s designed to fit OEM door entry panels. Also designed to work in the<\/p>","protected":false},"featured_media":165454,"template":"","meta":{"_acf_changed":false},"product_brand":[],"product_cat":[5132],"product_tag":[],"class_list":{"0":"post-165455","1":"product","2":"type-product","3":"status-publish","4":"has-post-thumbnail","6":"product_cat-lasare-passersystem","7":"pa_brands-pac","8":"tm-no-options","10":"first","11":"outofstock","12":"sale","13":"taxable","14":"shipping-taxable","15":"purchasable","16":"product-type-simple"},"acf":[],"_links":{"self":[{"href":"https:\/\/secureus.se\/de\/wp-json\/wp\/v2\/product\/165455","targetHints":{"allow":["GET"]}}],"collection":[{"href":"https:\/\/secureus.se\/de\/wp-json\/wp\/v2\/product"}],"about":[{"href":"https:\/\/secureus.se\/de\/wp-json\/wp\/v2\/types\/product"}],"wp:featuredmedia":[{"embeddable":true,"href":"https:\/\/secureus.se\/de\/wp-json\/wp\/v2\/media\/165454"}],"wp:attachment":[{"href":"https:\/\/secureus.se\/de\/wp-json\/wp\/v2\/media?parent=165455"}],"wp:term":[{"taxonomy":"product_brand","embeddable":true,"href":"https:\/\/secureus.se\/de\/wp-json\/wp\/v2\/product_brand?post=165455"},{"taxonomy":"product_cat","embeddable":true,"href":"https:\/\/secureus.se\/de\/wp-json\/wp\/v2\/product_cat?post=165455"},{"taxonomy":"product_tag","embeddable":true,"href":"https:\/\/secureus.se\/de\/wp-json\/wp\/v2\/product_tag?post=165455"}],"curies":[{"name":"wp","href":"https:\/\/api.w.org\/{rel}","templated":true}]}}