{"id":165493,"date":"2026-05-05T14:27:21","date_gmt":"2026-05-05T12:27:21","guid":{"rendered":"https:\/\/secureus.se\/hid-signo-40-white-keypad-reader-pigtail-connection\/"},"modified":"2026-05-05T17:48:18","modified_gmt":"2026-05-05T15:48:18","slug":"hid-signo-40-white-keypad-reader-pigtail-connection","status":"publish","type":"product","link":"https:\/\/secureus.se\/de\/hid-signo-40-white-keypad-reader-pigtail-connection\/","title":{"rendered":"HID\u00ae Signo\u2122 40 White Keypad Reader &#8211; Pigtail Connection"},"content":{"rendered":"<p>Der HID Signo 40 Keypad White Reader ist ideal f\u00fcr Unternehmen mit hohen Sicherheitsanforderungen und bietet Multi-Faktor-Authentifizierung f\u00fcr erh\u00f6hte Sicherheit. Dieser Wandschalter-Leser bietet zus\u00e4tzlichen Schutz durch die gleichzeitige Nutzung von Tastatur und kontaktlosem Leser mittels der folgenden Technologien: 2,4 GHz, 13,56 MHz und 125 kHz.<\/p>\n<ul>\n<li>iCLASS SEOs\u00ae<\/li>\n<li>iCLASS, iCLASS SE\u00ae, CEPAS<\/li>\n<li>MIFARE\u2122 Classic, MIFARE\u2122 DESFire\u2122<\/li>\n<li>HID Prox\u00ae, Indala Prox\u00ae, AWID Prox\u00ae, EM Prox\u00ae<\/li>\n<li>Auch in Schwarz erh\u00e4ltlich<\/li>\n<\/ul>\n<p>Pigtail-Anschluss<\/p>\n<p>Herstellernummer: 40KNWS-00-000000<\/p>\n<p>\n <strong><br \/>\n Produktgewicht:<br \/>\n 1,00 kg<br \/>\n <\/strong>\n <\/p>\n<p>\n <strong>Preis ab 343,20 \u20ac<\/strong>\n <\/p>","protected":false},"excerpt":{"rendered":"<p>The HID Signo 40 Keypad White Reader is ideal for high security businesses, offering multi-factor authentication for increased security. This wall switch box mounted reader provides added protection using keypad<\/p>","protected":false},"featured_media":165487,"template":"","meta":{"_acf_changed":false},"product_brand":[],"product_cat":[5132],"product_tag":[],"class_list":{"0":"post-165493","1":"product","2":"type-product","3":"status-publish","4":"has-post-thumbnail","6":"product_cat-lasare-passersystem","7":"pa_brands-hid","8":"tm-no-options","10":"first","11":"outofstock","12":"sale","13":"taxable","14":"shipping-taxable","15":"purchasable","16":"product-type-simple"},"acf":[],"_links":{"self":[{"href":"https:\/\/secureus.se\/de\/wp-json\/wp\/v2\/product\/165493","targetHints":{"allow":["GET"]}}],"collection":[{"href":"https:\/\/secureus.se\/de\/wp-json\/wp\/v2\/product"}],"about":[{"href":"https:\/\/secureus.se\/de\/wp-json\/wp\/v2\/types\/product"}],"wp:featuredmedia":[{"embeddable":true,"href":"https:\/\/secureus.se\/de\/wp-json\/wp\/v2\/media\/165487"}],"wp:attachment":[{"href":"https:\/\/secureus.se\/de\/wp-json\/wp\/v2\/media?parent=165493"}],"wp:term":[{"taxonomy":"product_brand","embeddable":true,"href":"https:\/\/secureus.se\/de\/wp-json\/wp\/v2\/product_brand?post=165493"},{"taxonomy":"product_cat","embeddable":true,"href":"https:\/\/secureus.se\/de\/wp-json\/wp\/v2\/product_cat?post=165493"},{"taxonomy":"product_tag","embeddable":true,"href":"https:\/\/secureus.se\/de\/wp-json\/wp\/v2\/product_tag?post=165493"}],"curies":[{"name":"wp","href":"https:\/\/api.w.org\/{rel}","templated":true}]}}