{"id":165500,"date":"2026-05-05T14:27:16","date_gmt":"2026-05-05T12:27:16","guid":{"rendered":"https:\/\/secureus.se\/elatec-techtracer-lite-kit\/"},"modified":"2026-05-05T17:19:52","modified_gmt":"2026-05-05T15:19:52","slug":"elatec-techtracer-lite-kit","status":"publish","type":"product","link":"https:\/\/secureus.se\/de\/elatec-techtracer-lite-kit\/","title":{"rendered":"Elatec TechTracer Lite Kit"},"content":{"rendered":"<p>Der Elatec TechTracer erm\u00f6glicht die Vor-Ort-Identifizierung der g\u00e4ngigsten RFID-Technologien im Nieder- und Hochfrequenzbereich. Durch einfaches Vorhalten der RFID-Karte des Kunden an das Leseger\u00e4t zeigt der TechTracer die Details der verwendeten RFID-Technologie auf dem PC an. Dank seines robusten Geh\u00e4uses und seiner kompakten Abmessungen ist er ein leistungsstarkes und gleichzeitig handliches Werkzeug f\u00fcr Vertriebsmitarbeiter.<\/p>\n<ul>\n<li>Arbeitet auf vier Frequenzen: 125 kHz, 134,2 kHz, 13,56 MHz, 2,4 GHz<\/li>\n<li>Liest gleichzeitig mehr als sechzig Transpondertechnologien (z. B. HID Prox, HID iCLASS, MIFARE Classic, MIFARE DESFire usw.).<\/li>\n<li>Plug-and-Play (keine zus\u00e4tzliche Software, Treiber oder Installation erforderlich)<\/li>\n<\/ul>\n<p>\u00a0<\/p>\n<p>\n <strong><br \/>\n Produktgewicht:<br \/>\n 2.00 kg<br \/>\n <\/strong>\n <\/p>","protected":false},"excerpt":{"rendered":"<p>The Elatec TechTracer enables on-site identification\u00a0of the most common low frequency and high-frequency RFID technologies. Simply by presenting the customers RFID card to the reader, this TechTracer displays details of<\/p>","protected":false},"featured_media":165498,"template":"","meta":{"_acf_changed":false},"product_brand":[],"product_cat":[5132],"product_tag":[],"class_list":{"0":"post-165500","1":"product","2":"type-product","3":"status-publish","4":"has-post-thumbnail","6":"product_cat-lasare-passersystem","7":"tm-no-options","9":"first","10":"outofstock","11":"sale","12":"taxable","13":"shipping-taxable","14":"purchasable","15":"product-type-simple"},"acf":[],"_links":{"self":[{"href":"https:\/\/secureus.se\/de\/wp-json\/wp\/v2\/product\/165500","targetHints":{"allow":["GET"]}}],"collection":[{"href":"https:\/\/secureus.se\/de\/wp-json\/wp\/v2\/product"}],"about":[{"href":"https:\/\/secureus.se\/de\/wp-json\/wp\/v2\/types\/product"}],"wp:featuredmedia":[{"embeddable":true,"href":"https:\/\/secureus.se\/de\/wp-json\/wp\/v2\/media\/165498"}],"wp:attachment":[{"href":"https:\/\/secureus.se\/de\/wp-json\/wp\/v2\/media?parent=165500"}],"wp:term":[{"taxonomy":"product_brand","embeddable":true,"href":"https:\/\/secureus.se\/de\/wp-json\/wp\/v2\/product_brand?post=165500"},{"taxonomy":"product_cat","embeddable":true,"href":"https:\/\/secureus.se\/de\/wp-json\/wp\/v2\/product_cat?post=165500"},{"taxonomy":"product_tag","embeddable":true,"href":"https:\/\/secureus.se\/de\/wp-json\/wp\/v2\/product_tag?post=165500"}],"curies":[{"name":"wp","href":"https:\/\/api.w.org\/{rel}","templated":true}]}}