{"id":165511,"date":"2026-05-05T14:27:15","date_gmt":"2026-05-05T12:27:15","guid":{"rendered":"https:\/\/secureus.se\/wavelynx-apex-ax-25-ascent-single-gang-keypad-access-reader\/"},"modified":"2026-05-05T17:19:53","modified_gmt":"2026-05-05T15:19:53","slug":"wavelynx-apex-ax-25-ascent-single-gang-keypad-access-reader","status":"publish","type":"product","link":"https:\/\/secureus.se\/de\/wavelynx-apex-ax-25-ascent-single-gang-keypad-access-reader\/","title":{"rendered":"Wavelynx APEX AX-25 Ascent Single Gang Keypad Access Reader"},"content":{"rendered":"<p>Die AX-25 Ascent bietet sicheren und flexiblen Zugriff mit Unterst\u00fctzung f\u00fcr PINs, Karten, mobile Anmeldeinformationen und Wearables \u2013 alles in einem eleganten Einzelgeh\u00e4use. Sie ist f\u00fcr moderne und \u00e4ltere Systeme geeignet und verf\u00fcgt \u00fcber OSDP-Autodetect, starke Verschl\u00fcsselung, Manipulationsschutz und Remote-Updates.<\/p>\n<ul>\n<li>Die Ascent-Reihe unterst\u00fctzt nur HF- und BLE-Zugangsdaten.\u00a0<\/li>\n<li>Arbeitet mit einer Frequenz von 13,56 MHz.<\/li>\n<li>2 Zoll Lesebereich<\/li>\n<li>LED-Lichtleiste oben am Leseger\u00e4t<\/li>\n<\/ul>\n<p>Herstellernummer: AX-25-A-ST-CWL1<\/p>\n<p>\n <strong><br \/>\n Produktgewicht:<br \/>\n 0.38 kg<br \/>\n <\/strong>\n <\/p>","protected":false},"excerpt":{"rendered":"<p>The AX-25 Ascent delivers secure, flexible access with support for PINs, cards, mobile credentials, and wearables\u2014all in a sleek, single gang design. Built for modern and legacy systems, it features<\/p>","protected":false},"featured_media":165510,"template":"","meta":{"_acf_changed":false},"product_brand":[],"product_cat":[5132],"product_tag":[],"class_list":{"0":"post-165511","1":"product","2":"type-product","3":"status-publish","4":"has-post-thumbnail","6":"product_cat-lasare-passersystem","7":"tm-no-options","9":"first","10":"instock","11":"sale","12":"taxable","13":"shipping-taxable","14":"purchasable","15":"product-type-simple"},"acf":[],"_links":{"self":[{"href":"https:\/\/secureus.se\/de\/wp-json\/wp\/v2\/product\/165511","targetHints":{"allow":["GET"]}}],"collection":[{"href":"https:\/\/secureus.se\/de\/wp-json\/wp\/v2\/product"}],"about":[{"href":"https:\/\/secureus.se\/de\/wp-json\/wp\/v2\/types\/product"}],"wp:featuredmedia":[{"embeddable":true,"href":"https:\/\/secureus.se\/de\/wp-json\/wp\/v2\/media\/165510"}],"wp:attachment":[{"href":"https:\/\/secureus.se\/de\/wp-json\/wp\/v2\/media?parent=165511"}],"wp:term":[{"taxonomy":"product_brand","embeddable":true,"href":"https:\/\/secureus.se\/de\/wp-json\/wp\/v2\/product_brand?post=165511"},{"taxonomy":"product_cat","embeddable":true,"href":"https:\/\/secureus.se\/de\/wp-json\/wp\/v2\/product_cat?post=165511"},{"taxonomy":"product_tag","embeddable":true,"href":"https:\/\/secureus.se\/de\/wp-json\/wp\/v2\/product_tag?post=165511"}],"curies":[{"name":"wp","href":"https:\/\/api.w.org\/{rel}","templated":true}]}}