{"id":41421,"date":"2022-09-06T16:00:14","date_gmt":"2022-09-06T14:00:14","guid":{"rendered":"https:\/\/secureus.se\/produkt\/xd-2-multifunktionell-vattendetektor-inkl-sond\/"},"modified":"2026-03-04T09:43:43","modified_gmt":"2026-03-04T08:43:43","slug":"vattenlarm-magnetkontakt-chockdetektor","status":"publish","type":"product","link":"https:\/\/secureus.se\/de\/vattenlarm-magnetkontakt-chockdetektor\/","title":{"rendered":"Wasseralarm Magnetkontakt Ersch\u00fctterungsmelder Multimelder XD-2 mit 3 Alarmsensoren Verkabelt"},"content":{"rendered":"<h1>Vattenlarm Magnetkontakt Chockdetektor XD-2 med valfrihet.<\/h1>\n<div class=\"w-full text-token-text-primary sm:AIPRM__conversation__response\" data-testid=\"conversation-turn-7\">\n<div class=\"px-4 py-2 justify-center text-base md:gap-6 m-auto\">\n<div class=\"flex flex-1 text-base mx-auto gap-3 md:px-5 lg:px-1 xl:px-5 md:max-w-3xl lg:max-w-[40rem] xl:max-w-[48rem] group final-completion\">\n<div class=\"relative flex w-full flex-col agent-turn\">\n<div class=\"flex-col gap-1 md:gap-3\">\n<div class=\"flex flex-grow flex-col max-w-full\">\n<div class=\"min-h-[20px] text-message flex flex-col items-start gap-3 whitespace-pre-wrap break-words [.text-message+&amp;]:mt-5 overflow-x-auto\" data-message-author-role=\"assistant\" data-message-id=\"c682a2ad-b8b1-4651-895d-edebb5f5f393\">\n<div class=\"markdown prose w-full break-words dark:prose-invert light AIPRM__conversation__response\">\n<h2>\u00d6versikt &#8211; Multilarmgivare XD-2<\/h2>\n<p>XD-2 SATEL \u00e4r den ultimata l\u00f6sningen f\u00f6r att skydda ditt hem eller f\u00f6retag med dess m\u00e5ngsidiga funktioner och vattenlarmfokus.<\/p>\n<p>Denna tr\u00e5dbundna sensor fungerar med vilken kontrollpanel som helst och kan anpassas f\u00f6r olika \u00e4ndam\u00e5l med hj\u00e4lp av DIP-switchar.<\/p>\n<p>XD-2 \u00e4r en m\u00e5ngsidig tr\u00e5dbunden detektor som kan fungera med vilken larmkontrollpanel som helst.<\/p>\n<p>XD-2 kan fungera som: <strong>magnetkontakt, chockdetektor, chockdetektor och magnetisk kontakt och vattenlarm<\/strong><\/p>\n<p><span style=\"text-decoration: underline\"><strong>F\u00f6r vattenlarm k\u00f6p till sonden som k\u00e4nner av vatten\/fukt Sond FPX-1<\/strong><\/span><\/p>\n<h2>Sensorl\u00e4gen<\/h2>\n<p>Med XD-2 SATEL kan du v\u00e4lja mellan olika sensorl\u00e4gen f\u00f6r att passa dina behov:<\/p>\n<h3>Magnetkontakt<\/h3>\n<ul>\n<li>Detektering av \u00f6ppning av d\u00f6rrar, f\u00f6nster, osv.<\/li>\n<li>Ing\u00e5ng f\u00f6r anslutning av tr\u00e5dbunden NC-detektor<\/li>\n<li>1 larmutg\u00e5ng<\/li>\n<\/ul>\n<h3>Vibrationsdetektor<\/h3>\n<ul>\n<li>Detektering av st\u00f6tar och vibrationer som f\u00f6ljer med f\u00f6rs\u00f6k att tvinga en d\u00f6rr eller f\u00f6nster<\/li>\n<li>Ing\u00e5ng f\u00f6r anslutning av tr\u00e5dbunden NC-detektor<\/li>\n<li>1 larmutg\u00e5ng<\/li>\n<\/ul>\n<h3>Vibrations- och Magnetdetektor<\/h3>\n<ul>\n<li>Detektering av st\u00f6tar och vibrationer som f\u00f6ljer med f\u00f6rs\u00f6k att tvinga en d\u00f6rr eller f\u00f6nster, osv.<\/li>\n<li>Detektering av \u00f6ppning av d\u00f6rrar, f\u00f6nster, osv.<\/li>\n<li>Ing\u00e5ng f\u00f6r anslutning av tr\u00e5dbunden NC-detektor<\/li>\n<li>1 eller 2 larmutg\u00e5ngar<\/li>\n<\/ul>\n<h3>Vatten\u00f6versv\u00e4mningsdetektor<\/h3>\n<ul>\n<li>\u00d6versv\u00e4mningsdetektering i rum med vattensystem<\/li>\n<li>Ing\u00e5ng f\u00f6r anslutning av extern FPX-1 flodsond (vit) \u2013 sond s\u00e4ljs separat<\/li>\n<li>1 larmutg\u00e5ng<\/li>\n<\/ul>\n<h2>Funktioner<\/h2>\n<ul>\n<li><strong>Enhets Typ:<\/strong> Universell Sensor, Tr\u00e5dbunden<\/li>\n<li><strong>Sensortyp:<\/strong> Magnetisk, Vibrationsdetektor, St\u00f6t &amp; Magnet, Vatten\u00f6versv\u00e4mningsdetektor<\/li>\n<li><strong>M\u00e5tt:<\/strong> 20 x 102 x 23 mm<\/li>\n<li><strong>H\u00f6ljesf\u00e4rg:<\/strong> Vit<\/li>\n<li><strong>Sabotageskydd:<\/strong> Mot \u00f6ppning av h\u00f6ljet och mot lossning fr\u00e5n underlaget<\/li>\n<li><strong>LED:<\/strong> F\u00f6r signalering<\/li>\n<li><strong>Str\u00f6mf\u00f6rs\u00f6rjnings\u00f6vervakning<\/strong><\/li>\n<li><strong>Levereras med:<\/strong> 2 magneter (ytmonterad och inf\u00e4lld)<\/li>\n<\/ul>\n<p><iframe title=\"Various Possibilities for your Alarm System. Meet the XD-2 Multipurpose Detector | SATEL\" width=\"1170\" height=\"658\" src=\"https:\/\/www.youtube.com\/embed\/dNahmyAweuM?feature=oembed\" frameborder=\"0\" allow=\"accelerometer; autoplay; clipboard-write; encrypted-media; gyroscope; picture-in-picture; web-share\" referrerpolicy=\"strict-origin-when-cross-origin\" allowfullscreen><\/iframe><\/p>\n<\/div>\n<\/div>\n<\/div>\n<div class=\"mt-1 flex justify-start gap-3 empty:hidden\">\n<div class=\"text-gray-400 flex self-end lg:self-center items-center justify-center lg:justify-start mt-0 -ml-1 h-7 gap-[2px] visible\">\n<p>&nbsp;<\/p>\n<div class=\"flex items-center gap-1.5 text-xs\"><\/div>\n<div class=\"flex\"><\/div>\n<\/div>\n<\/div>\n<div class=\"pr-2 lg:pr-0\"><\/div>\n<\/div>\n<div class=\"absolute\">\n<div class=\"flex w-full gap-2 items-center justify-center\"><\/div>\n<\/div>\n<\/div>\n<\/div>\n<\/div>\n<\/div>\n<div class=\"mx-auto\">\n<div>\n<div class=\"mx-auto mt-2 inline-flex rounded-xl border border-gray-100 dark:border-gray-700\"><\/div>\n<\/div>\n<\/div>\n","protected":false},"excerpt":{"rendered":"<p>Der XD-2 SATEL ist mit seinen vielseitigen Funktionen und seinem Schwerpunkt auf Wasseralarm die ultimative L\u00f6sung zum Schutz Ihres Zuhauses oder Unternehmens.<\/p>\n<p>Die Sonde muss separat erworben werden, siehe Zus\u00e4tzliche Produkte kaufen oder nach FPX-1 suchen.<\/p>","protected":false},"featured_media":141858,"template":"","meta":{"_acf_changed":false},"product_brand":[],"product_cat":[3086,3085,1309,4114],"product_tag":[2418],"class_list":{"0":"post-41421","1":"product","2":"type-product","3":"status-publish","4":"has-post-thumbnail","6":"product_cat-magnetkontakter","7":"product_cat-vibationsdetektorer-glaskrossdetektorer","8":"product_cat-temperaturdetektor-vattendetektor","9":"product_cat-vattenlarm","10":"product_tag-rel-larmgivare","11":"product_shipping_class-postnord-varubrev","12":"pa_brands-satel","13":"tm-no-options","15":"first","16":"onbackorder","17":"sale","18":"featured","19":"taxable","20":"shipping-taxable","21":"purchasable","22":"product-type-simple"},"acf":[],"_links":{"self":[{"href":"https:\/\/secureus.se\/de\/wp-json\/wp\/v2\/product\/41421","targetHints":{"allow":["GET"]}}],"collection":[{"href":"https:\/\/secureus.se\/de\/wp-json\/wp\/v2\/product"}],"about":[{"href":"https:\/\/secureus.se\/de\/wp-json\/wp\/v2\/types\/product"}],"wp:featuredmedia":[{"embeddable":true,"href":"https:\/\/secureus.se\/de\/wp-json\/wp\/v2\/media\/141858"}],"wp:attachment":[{"href":"https:\/\/secureus.se\/de\/wp-json\/wp\/v2\/media?parent=41421"}],"wp:term":[{"taxonomy":"product_brand","embeddable":true,"href":"https:\/\/secureus.se\/de\/wp-json\/wp\/v2\/product_brand?post=41421"},{"taxonomy":"product_cat","embeddable":true,"href":"https:\/\/secureus.se\/de\/wp-json\/wp\/v2\/product_cat?post=41421"},{"taxonomy":"product_tag","embeddable":true,"href":"https:\/\/secureus.se\/de\/wp-json\/wp\/v2\/product_tag?post=41421"}],"curies":[{"name":"wp","href":"https:\/\/api.w.org\/{rel}","templated":true}]}}