{"id":41442,"date":"2022-08-24T14:54:40","date_gmt":"2022-08-24T12:54:40","guid":{"rendered":"https:\/\/secureus.se\/produkt\/pclink-5wp-usb\/"},"modified":"2026-01-06T20:50:34","modified_gmt":"2026-01-06T19:50:34","slug":"dsc-programming-interface-usb-pclink","status":"publish","type":"product","link":"https:\/\/secureus.se\/de\/dsc-programming-interface-usb-pclink\/","title":{"rendered":"DSC-Programmierschnittstelle USB PCLINK-5WP USB"},"content":{"rendered":"<p><strong>DSC-Programmierschnittstelle USB PCLINK-5WP<\/strong> ist ein leistungsstarkes und benutzerfreundliches USB-Kabel, das den einfachen Anschluss von DSC-Alarmsystemen an einen Computer zur Programmierung und \u00dcberwachung erm\u00f6glicht.<\/p>\n<p>Dieses Kabel ist mit allen DSC-Zentralen und Alarmsendern kompatibel, einschlie\u00dflich des BGSM-120, was es zu einer vielseitigen L\u00f6sung sowohl f\u00fcr Neuinstallationen als auch f\u00fcr bestehende Systeme macht.<\/p>\n<p>Mit der DSC-Programmierschnittstelle USB k\u00f6nnen Benutzer ihre Sicherheitssysteme effektiv \u00fcber einen Computer verwalten und anpassen und so den Komfort und die Effizienz der Programmierung und Fern\u00fcberwachung erh\u00f6hen.<\/p>\n<p>Das Kabel erm\u00f6glicht au\u00dferdem eine einfache Integration mit Software zur Alarm\u00fcberpr\u00fcfung und System\u00fcberwachung.<\/p>\n<p>PowerSeries Neo bietet \u00fcberragende Flexibilit\u00e4t mit der M\u00f6glichkeit, bis zu 128 Zonen drahtlos und hardwarem\u00e4\u00dfig zu \u00fcberwachen und bis zu 8 Partitionen zu verwenden, die an verschiedene Sicherheitsl\u00f6sungen angepasst sind.<\/p>\n<p>Mit dem DSC Programming Interface USB erhalten Sie nicht nur eine praktische L\u00f6sung zur Programmierung, sondern auch einen wichtigen Baustein in einem leistungsstarken und flexiblen Sicherheitssystem.<\/p>","protected":false},"excerpt":{"rendered":"<p>DSC-Programmierschnittstelle USB PCLINK-5WP ist ein USB-Kabel zum Anschluss an einen PC und ist mit allen DSC-Zentralger\u00e4ten und Alarmsendern kompatibel.<\/p>","protected":false},"featured_media":141729,"template":"","meta":{"_acf_changed":false},"product_brand":[],"product_cat":[3332,1322],"product_tag":[3311,3031],"class_list":{"0":"post-41442","1":"product","2":"type-product","3":"status-publish","4":"has-post-thumbnail","6":"product_cat-tillbehor","7":"product_cat-dsc-larm-neo-power-hybridlarm","8":"product_tag-dsc-neo-svensk-manual","9":"product_tag-neo-ovriga-tillbehor","10":"product_shipping_class-postnord-varubrev","11":"pa_brands-4dsc","12":"pa_dsc-neo-hybridlarm-ovriga-tillbehor","13":"tm-has-options","15":"first","16":"outofstock","17":"sale","18":"featured","19":"taxable","20":"shipping-taxable","21":"purchasable","22":"product-type-simple"},"acf":[],"_links":{"self":[{"href":"https:\/\/secureus.se\/de\/wp-json\/wp\/v2\/product\/41442","targetHints":{"allow":["GET"]}}],"collection":[{"href":"https:\/\/secureus.se\/de\/wp-json\/wp\/v2\/product"}],"about":[{"href":"https:\/\/secureus.se\/de\/wp-json\/wp\/v2\/types\/product"}],"wp:featuredmedia":[{"embeddable":true,"href":"https:\/\/secureus.se\/de\/wp-json\/wp\/v2\/media\/141729"}],"wp:attachment":[{"href":"https:\/\/secureus.se\/de\/wp-json\/wp\/v2\/media?parent=41442"}],"wp:term":[{"taxonomy":"product_brand","embeddable":true,"href":"https:\/\/secureus.se\/de\/wp-json\/wp\/v2\/product_brand?post=41442"},{"taxonomy":"product_cat","embeddable":true,"href":"https:\/\/secureus.se\/de\/wp-json\/wp\/v2\/product_cat?post=41442"},{"taxonomy":"product_tag","embeddable":true,"href":"https:\/\/secureus.se\/de\/wp-json\/wp\/v2\/product_tag?post=41442"}],"curies":[{"name":"wp","href":"https:\/\/api.w.org\/{rel}","templated":true}]}}