{"id":41460,"date":"2022-07-14T16:26:24","date_gmt":"2022-07-14T14:26:24","guid":{"rendered":"https:\/\/secureus.se\/produkt\/nyckelband-900x10-mm-svart\/"},"modified":"2026-02-23T07:38:56","modified_gmt":"2026-02-23T06:38:56","slug":"nyckelband-900x10-mm-svart","status":"publish","type":"product","link":"https:\/\/secureus.se\/de\/nyckelband-900x10-mm-svart\/","title":{"rendered":"Schl\u00fcsselanh\u00e4nger Schwarz 900\u00d710 mm"},"content":{"rendered":"<p>Schl\u00fcsselanh\u00e4nger mit J-Clip.<\/p>\n<p>Verkauft solange der Vorrat reicht.<\/p>","protected":false},"excerpt":{"rendered":"<p>Schl\u00fcsselanh\u00e4nger mit J-Clip. Verkauft solange der Vorrat reicht.<\/p>","protected":false},"featured_media":142211,"template":"","meta":{"_acf_changed":false},"product_brand":[],"product_cat":[1324],"product_tag":[2958],"class_list":{"0":"post-41460","1":"product","2":"type-product","3":"status-publish","4":"has-post-thumbnail","6":"product_cat-outlet","7":"product_tag-stonehouse-produkt","8":"product_shipping_class-postnord-varubrev","9":"pa_brands-stonehouse-security","10":"pa_farg-svart","11":"tm-no-options","13":"first","14":"instock","15":"sale","16":"featured","17":"taxable","18":"shipping-taxable","19":"purchasable","20":"product-type-simple"},"acf":[],"_links":{"self":[{"href":"https:\/\/secureus.se\/de\/wp-json\/wp\/v2\/product\/41460","targetHints":{"allow":["GET"]}}],"collection":[{"href":"https:\/\/secureus.se\/de\/wp-json\/wp\/v2\/product"}],"about":[{"href":"https:\/\/secureus.se\/de\/wp-json\/wp\/v2\/types\/product"}],"wp:featuredmedia":[{"embeddable":true,"href":"https:\/\/secureus.se\/de\/wp-json\/wp\/v2\/media\/142211"}],"wp:attachment":[{"href":"https:\/\/secureus.se\/de\/wp-json\/wp\/v2\/media?parent=41460"}],"wp:term":[{"taxonomy":"product_brand","embeddable":true,"href":"https:\/\/secureus.se\/de\/wp-json\/wp\/v2\/product_brand?post=41460"},{"taxonomy":"product_cat","embeddable":true,"href":"https:\/\/secureus.se\/de\/wp-json\/wp\/v2\/product_cat?post=41460"},{"taxonomy":"product_tag","embeddable":true,"href":"https:\/\/secureus.se\/de\/wp-json\/wp\/v2\/product_tag?post=41460"}],"curies":[{"name":"wp","href":"https:\/\/api.w.org\/{rel}","templated":true}]}}