{"id":41463,"date":"2022-07-14T16:26:04","date_gmt":"2022-07-14T14:26:04","guid":{"rendered":"https:\/\/secureus.se\/produkt\/tagg-nyckelbricka-merkurius-mifare1k\/"},"modified":"2026-01-06T20:50:24","modified_gmt":"2026-01-06T19:50:24","slug":"tagg-nyckelbricka-merkurius-mifare1k","status":"publish","type":"product","link":"https:\/\/secureus.se\/de\/tagg-nyckelbricka-merkurius-mifare1k\/","title":{"rendered":"Anh\u00e4nger\/Schl\u00fcsselanh\u00e4nger Mercury Mifare1k"},"content":{"rendered":"<p>Der RFID-Tag \u201eMerkurius\u201c ist ein flexibler und kleiner Tag mit den Ma\u00dfen 31x40x4,4 mm. Es besteht aus hartem ABS-Material mit einer sch\u00f6nen Oberfl\u00e4che, die sich sowohl f\u00fcr Gravuren als auch f\u00fcr Farblogos eignet.<\/p>\n<p>Wir bem\u00fchen uns um schnelle Lieferungen und k\u00f6nnen, wenn die Anh\u00e4nger vorr\u00e4tig sind, innerhalb von 1-3 Tagen liefern. Wenn die Anh\u00e4nger individuell an Ihre Bestellung angepasst werden m\u00fcssen, betr\u00e4gt die Lieferzeit ca. 2 Wochen. Wir m\u00f6chten sicherstellen, dass jedes Tag Ihren spezifischen Bed\u00fcrfnissen und Anforderungen entspricht. Deshalb nehmen wir uns die Zeit, eine ma\u00dfgeschneiderte L\u00f6sung f\u00fcr Sie zu entwickeln.<\/p>\n<p>Kontaktieren Sie uns noch heute, um Ihre Projektideen zu besprechen und eine RFID-Tag-L\u00f6sung zu erhalten, die Ihren Anforderungen entspricht. Mit dem RFID-Tag \u201eMerkurius\u201c bringen Sie Ihre Sicherheit und Identifikation auf die n\u00e4chste Stufe. Bestellen Sie jetzt und erleben Sie die Vorteile unseres zuverl\u00e4ssigen Produkts, das speziell auf Ihre Bed\u00fcrfnisse zugeschnitten ist.<\/p>\n<p>Der RFID-Tag \u201eMerkurius\u201c kann entweder einseitig mit einem wei\u00dfen \u201eRing\u201c f\u00fcr beispielsweise ein Logo oder eine Nummer versehen werden, oder er kann komplett in der gleichen Farbe sein, aber auch hier mit der M\u00f6glichkeit, ein Logo und eine Nummer zu drucken .<\/p>\n<p>Wir bem\u00fchen uns um schnelle Lieferungen und k\u00f6nnen, wenn die Anh\u00e4nger vorr\u00e4tig sind, innerhalb von 1-3 Tagen liefern. Wenn die Anh\u00e4nger individuell an Ihre Bestellung angepasst werden m\u00fcssen, betr\u00e4gt die Lieferzeit ca. 2 Wochen. Wir m\u00f6chten sicherstellen, dass jedes Tag Ihren spezifischen Bed\u00fcrfnissen und Anforderungen entspricht. Deshalb nehmen wir uns die Zeit, eine ma\u00dfgeschneiderte L\u00f6sung f\u00fcr Sie zu entwickeln.<\/p>\n<p>Kontaktieren Sie uns noch heute, um Ihre Projektideen zu besprechen und eine RFID-Tag-L\u00f6sung zu erhalten, die Ihren Anforderungen entspricht. Mit dem RFID-Tag \u201eMerkurius\u201c bringen Sie Ihre Sicherheit und Identifikation auf die n\u00e4chste Stufe. Bestellen Sie jetzt und erleben Sie die Vorteile unseres zuverl\u00e4ssigen Produkts, das speziell auf Ihre Bed\u00fcrfnisse zugeschnitten ist.<\/p>\n<p>RFID-Tags k\u00f6nnen verwendet werden f\u00fcr:<br \/>\nPasssystem<br \/>\nBesuchersystem<br \/>\nW\u00e4schereservierung<br \/>\nAlarm und Sicherheit<\/p>\n<p>Vorteile der RFID-Tags \u201eMerkurius\u201c:<br \/>\nV\u00f6llig optionales Design und kostenloses Korrekturlesen, bis Sie zufrieden sind<br \/>\nOption zum Gravieren einer Standardnummer oder zum Einf\u00fcgen eines Logos<br \/>\nKleiner, flexibler Anh\u00e4nger, der zuverl\u00e4ssig ist und den es schon lange gibt.<br \/>\nGro\u00dfe Auswahl an Chipvarianten f\u00fcr unterschiedliche Anforderungen und immer auf Lager.<\/p>","protected":false},"excerpt":{"rendered":"<p>Der RFID-Tag \u201eMerkurius\u201c ist ein flexibler und kleiner Tag mit den Ma\u00dfen 31x40x4,4 mm. Es besteht aus hartem ABS-Material mit einer sch\u00f6nen Oberfl\u00e4che, die sich sowohl zum Gravieren als auch zum Gravieren eignet<\/p>","protected":false},"featured_media":142030,"template":"","meta":{"_acf_changed":false},"product_brand":[],"product_cat":[1324,4784,2354],"product_tag":[2958],"class_list":{"0":"post-41463","1":"product","2":"type-product","3":"status-publish","4":"has-post-thumbnail","6":"product_cat-outlet","7":"product_cat-mifare1k","8":"product_cat-rfid-taggar","9":"product_tag-stonehouse-produkt","10":"product_shipping_class-postnord-varubrev","11":"pa_brands-stonehouse-security","12":"pa_farg-bla","13":"tm-no-options","15":"first","16":"outofstock","17":"sale","18":"featured","19":"taxable","20":"shipping-taxable","21":"purchasable","22":"product-type-simple"},"acf":[],"_links":{"self":[{"href":"https:\/\/secureus.se\/de\/wp-json\/wp\/v2\/product\/41463","targetHints":{"allow":["GET"]}}],"collection":[{"href":"https:\/\/secureus.se\/de\/wp-json\/wp\/v2\/product"}],"about":[{"href":"https:\/\/secureus.se\/de\/wp-json\/wp\/v2\/types\/product"}],"wp:featuredmedia":[{"embeddable":true,"href":"https:\/\/secureus.se\/de\/wp-json\/wp\/v2\/media\/142030"}],"wp:attachment":[{"href":"https:\/\/secureus.se\/de\/wp-json\/wp\/v2\/media?parent=41463"}],"wp:term":[{"taxonomy":"product_brand","embeddable":true,"href":"https:\/\/secureus.se\/de\/wp-json\/wp\/v2\/product_brand?post=41463"},{"taxonomy":"product_cat","embeddable":true,"href":"https:\/\/secureus.se\/de\/wp-json\/wp\/v2\/product_cat?post=41463"},{"taxonomy":"product_tag","embeddable":true,"href":"https:\/\/secureus.se\/de\/wp-json\/wp\/v2\/product_tag?post=41463"}],"curies":[{"name":"wp","href":"https:\/\/api.w.org\/{rel}","templated":true}]}}