{"id":41469,"date":"2022-07-14T16:25:51","date_gmt":"2022-07-14T14:25:51","guid":{"rendered":"https:\/\/secureus.se\/produkt\/tagg-nyckelbricka-saturnus-em4200-std-nr\/"},"modified":"2025-12-31T20:24:24","modified_gmt":"2025-12-31T19:24:24","slug":"tagg-nyckelbricka-saturnus-em4200-std-nr","status":"publish","type":"product","link":"https:\/\/secureus.se\/de\/tagg-nyckelbricka-saturnus-em4200-std-nr\/","title":{"rendered":"Anh\u00e4nger\/Schl\u00fcsselanh\u00e4nger Saturnus EM4200 Std.-Nr"},"content":{"rendered":"<p>Saturnus ist ein vielseitiger Anh\u00e4nger aus flexiblem ABS-Material mit einer sch\u00f6nen Oberfl\u00e4che, der sich sowohl f\u00fcr Gravuren als auch f\u00fcr Farblogos gut eignet.<\/p>\n<p>Eine Seite ist wei\u00df und auf der anderen Seite sind die Zahlen B, R, S und A eingraviert.<\/p>\n<p>Funktioniert in allen Systemen, die EM-Technologie verwenden, einschlie\u00dflich RCO, Bewator\/Vanderbilt, Aptus, ASSA ARX und anderen Systemtypen, z. B. Besuchersystemen oder Anmeldung an Computern\/Druckern.<\/p>\n<p>Lesen Sie mehr \u00fcber den Artikel im Produktblatt - Produktblatt Saturnus<\/p>\n<p>Stonehouse Saturnus ist ein g\u00fcnstiges und gutes Produkt mit Originalchip f\u00fcr alle Einsatzzwecke.<\/p>","protected":false},"excerpt":{"rendered":"<p>Saturnus ist ein vielseitiges Etikett aus flexiblem ABS-Material mit einer stilvollen Oberfl\u00e4che, die sich sowohl f\u00fcr Gravuren als auch f\u00fcr Farblogos gut eignet. Eine Seite ist wei\u00df und die andere Seite ist<\/p>","protected":false},"featured_media":147281,"template":"","meta":{"_acf_changed":false},"product_brand":[],"product_cat":[1324],"product_tag":[2958],"class_list":{"0":"post-41469","1":"product","2":"type-product","3":"status-publish","4":"has-post-thumbnail","6":"product_cat-outlet","7":"product_tag-stonehouse-produkt","8":"product_shipping_class-postnord-varubrev","9":"pa_brands-stonehouse-security","10":"pa_chip-teknik-em4200","11":"pa_farg-bla","12":"tm-no-options","14":"first","15":"outofstock","16":"sale","17":"featured","18":"taxable","19":"shipping-taxable","20":"purchasable","21":"product-type-simple"},"acf":[],"_links":{"self":[{"href":"https:\/\/secureus.se\/de\/wp-json\/wp\/v2\/product\/41469","targetHints":{"allow":["GET"]}}],"collection":[{"href":"https:\/\/secureus.se\/de\/wp-json\/wp\/v2\/product"}],"about":[{"href":"https:\/\/secureus.se\/de\/wp-json\/wp\/v2\/types\/product"}],"wp:featuredmedia":[{"embeddable":true,"href":"https:\/\/secureus.se\/de\/wp-json\/wp\/v2\/media\/147281"}],"wp:attachment":[{"href":"https:\/\/secureus.se\/de\/wp-json\/wp\/v2\/media?parent=41469"}],"wp:term":[{"taxonomy":"product_brand","embeddable":true,"href":"https:\/\/secureus.se\/de\/wp-json\/wp\/v2\/product_brand?post=41469"},{"taxonomy":"product_cat","embeddable":true,"href":"https:\/\/secureus.se\/de\/wp-json\/wp\/v2\/product_cat?post=41469"},{"taxonomy":"product_tag","embeddable":true,"href":"https:\/\/secureus.se\/de\/wp-json\/wp\/v2\/product_tag?post=41469"}],"curies":[{"name":"wp","href":"https:\/\/api.w.org\/{rel}","templated":true}]}}