{"id":41471,"date":"2022-07-14T16:25:50","date_gmt":"2022-07-14T14:25:50","guid":{"rendered":"https:\/\/secureus.se\/produkt\/tagg-nyckelbricka-saturnus-em4200\/"},"modified":"2026-01-06T20:47:49","modified_gmt":"2026-01-06T19:47:49","slug":"tagg-nyckelbricka-saturnus-em4200","status":"publish","type":"product","link":"https:\/\/secureus.se\/de\/tagg-nyckelbricka-saturnus-em4200\/","title":{"rendered":"Anh\u00e4nger\/Schl\u00fcsselanh\u00e4nger Saturnus EM4200"},"content":{"rendered":"<div>\n<p>Saturnus ist ein vielseitiger Anh\u00e4nger aus flexiblem ABS-Material mit einer sch\u00f6nen Oberfl\u00e4che, der sich sowohl f\u00fcr Gravuren als auch f\u00fcr Farblogos gut eignet.<\/p>\n<p>Eine Seite ist wei\u00df f\u00fcr z.B. ein Logo und die andere Seite eignet sich zum Gravieren von Zahlen.<\/p>\n<p>Wenn Sie einen Anh\u00e4nger mit nur einer Nummer ausgew\u00e4hlt haben, k\u00f6nnen Sie w\u00e4hlen, ob Sie Zahlen auf der wei\u00dfen Vorder- oder R\u00fcckseite des Anh\u00e4ngers haben m\u00f6chten.<\/p>\n<p>Funktioniert in allen Systemen, die EM-Technologie verwenden, einschlie\u00dflich RCO, Bewator\/Vanderbilt, Aptus, ASSA ARX und anderen Systemtypen, z. B. Besuchersystemen oder Anmeldung an Computern\/Druckern.<\/p>\n<p>Lesen Sie mehr \u00fcber den Artikel im Produktblatt - Produktblatt Saturnus<\/p>\n<p>Stonehouse Saturnus ist ein g\u00fcnstiges und gutes Produkt mit Originalchip f\u00fcr alle Einsatzzwecke.<\/p>\n<p>&nbsp;<\/p>\n<\/div>","protected":false},"excerpt":{"rendered":"<p>Saturnus ist ein vielseitiger Anh\u00e4nger aus flexiblem ABS-Material mit einer sch\u00f6nen Oberfl\u00e4che, der sich sowohl f\u00fcr Gravuren als auch f\u00fcr Farblogos gut eignet. Eine Seite ist wei\u00df, zum Beispiel Logo und<\/p>","protected":false},"featured_media":142223,"template":"","meta":{"_acf_changed":false},"product_brand":[],"product_cat":[1324],"product_tag":[2958],"class_list":{"0":"post-41471","1":"product","2":"type-product","3":"status-publish","4":"has-post-thumbnail","6":"product_cat-outlet","7":"product_tag-stonehouse-produkt","8":"product_shipping_class-postnord-varubrev","9":"pa_brands-stonehouse-security","10":"pa_farg-bla","11":"tm-no-options","13":"first","14":"outofstock","15":"sale","16":"featured","17":"taxable","18":"shipping-taxable","19":"purchasable","20":"product-type-simple"},"acf":[],"_links":{"self":[{"href":"https:\/\/secureus.se\/de\/wp-json\/wp\/v2\/product\/41471","targetHints":{"allow":["GET"]}}],"collection":[{"href":"https:\/\/secureus.se\/de\/wp-json\/wp\/v2\/product"}],"about":[{"href":"https:\/\/secureus.se\/de\/wp-json\/wp\/v2\/types\/product"}],"wp:featuredmedia":[{"embeddable":true,"href":"https:\/\/secureus.se\/de\/wp-json\/wp\/v2\/media\/142223"}],"wp:attachment":[{"href":"https:\/\/secureus.se\/de\/wp-json\/wp\/v2\/media?parent=41471"}],"wp:term":[{"taxonomy":"product_brand","embeddable":true,"href":"https:\/\/secureus.se\/de\/wp-json\/wp\/v2\/product_brand?post=41471"},{"taxonomy":"product_cat","embeddable":true,"href":"https:\/\/secureus.se\/de\/wp-json\/wp\/v2\/product_cat?post=41471"},{"taxonomy":"product_tag","embeddable":true,"href":"https:\/\/secureus.se\/de\/wp-json\/wp\/v2\/product_tag?post=41471"}],"curies":[{"name":"wp","href":"https:\/\/api.w.org\/{rel}","templated":true}]}}