{"id":41489,"date":"2022-07-12T11:34:21","date_gmt":"2022-07-12T09:34:21","guid":{"rendered":"https:\/\/secureus.se\/produkt\/epoxy-em4200-mifare4k-std-nr\/"},"modified":"2025-12-31T21:38:12","modified_gmt":"2025-12-31T20:38:12","slug":"rfid-tagg-epoxy-em4200-mifare4k-std-nr","status":"publish","type":"product","link":"https:\/\/secureus.se\/de\/rfid-tagg-epoxy-em4200-mifare4k-std-nr\/","title":{"rendered":"Markieren Sie Epoxy+ EM4200\/Mifare4k mit optionalen Nummern"},"content":{"rendered":"<h1>Markieren Sie Epoxy+ EM4200\/Mifare4k mit optionalen Nummern<\/h1>\n<h3><strong>Einzigartiges und elegantes Design<\/strong><\/h3>\n<p>Unser ma\u00dfgeschneiderter RFID-Tag \u201eEpoxy\u201c wird exklusiv f\u00fcr Sie als Kunden angefertigt und hat eine Produktionszeit von ca. 3 Wochen. Das Grundmaterial des Etiketts ist PVC, das wir mit einer Schicht Epoxidkleber versehen, was ihm eine langlebige und zuverl\u00e4ssige Konstruktion verleiht. Mit der beeindruckenden foto\u00e4hnlichen Drucktechnologie k\u00f6nnen Sie den Druck mit dem einer Kreditkarte\/Mitgliedskarte vergleichen, und das bernsteinartige Aussehen dank des harten Epoxidklebers macht Ihr RFID-Tag einzigartig und elegant.<\/p>\n<p><span style=\"text-decoration: underline\"><strong>Erf\u00fcllen Sie Ihre Sicherheits- und Identifikationsbed\u00fcrfnisse<\/strong><\/span><\/p>\n<p>Dieses individuelle \u201eEpoxy\u201c-RFID-Tag ist perfekt f\u00fcr Ihre Sicherheits- und Identifizierungsanforderungen. Ganz gleich, ob es um Zutrittssysteme, Besuchermanagement, W\u00e4schebuchung, Alarme oder andere Anwendungen geht, unser Tag ist eine zuverl\u00e4ssige L\u00f6sung.<\/p>\n<p><span style=\"text-decoration: underline\"><strong>Hochwertige Fertigung f\u00fcr Qualit\u00e4t und Funktionalit\u00e4t<\/strong><\/span><\/p>\n<p>Wir wissen, wie wichtig es ist, qualitativ hochwertige Produkte zu liefern, die Ihren Erwartungen entsprechen. Deshalb sind wir bestrebt, das Etikett mit Sorgfalt und Pr\u00e4zision herzustellen, um seine Qualit\u00e4t und Funktionalit\u00e4t sicherzustellen.<\/p>\n<p><span style=\"text-decoration: underline\"><strong>Produktionszeit: ca. 3 Wochen<\/strong><\/span><\/p>\n<p>Bitte beachten Sie, dass unser \u201eEpoxy\u201c-RFID-Tag aufgrund des f\u00fcr jeden Kunden individuellen Herstellungsprozesses nicht schnell versendet werden kann. Wir m\u00f6chten Ihnen das bestm\u00f6gliche Produkt bieten und daher dauert die Herstellung Ihres individuellen Anh\u00e4ngers etwa 3 Wochen.<\/p>\n<p><span style=\"text-decoration: underline\"><strong>Im Preis inbegriffen: Individualisierung und Gravur<\/strong><\/span><\/p>\n<p>Sie senden uns ein Foto, ein Logo oder einen Text und wir f\u00fchren eine digitale Korrektur durch, bis Sie zufrieden sind. Anschlie\u00dfend gravieren wir Ihre Systemnummern f\u00fcr Zutrittssysteme, Alarmanlagen oder Seriennummern nach Ihren W\u00fcnschen \u2013 alles im Preis inbegriffen.<\/p>\n<h3>Wie immer von uns, Originalchip von<a href=\"https:\/\/www.nxp.com\/\" rel=\"noopener\"> NXP<\/a> Und <a href=\"https:\/\/www.emmicroelectronic.com\/\" rel=\"noopener\">EM-Mikroelektronik.<\/a><\/h3>\n<p><strong>F\u00fcr alles und jeden geeignet!<\/strong><\/p>\n<ul>\n<li>Passsystem<\/li>\n<li>Besuchersystem<\/li>\n<li>W\u00e4schereservierung<\/li>\n<li>Alarm- und Sicherheitssystem<\/li>\n<\/ul>\n<p>&nbsp;<\/p>\n<p><strong>Kontaktieren Sie uns f\u00fcr eine ma\u00dfgeschneiderte L\u00f6sung<\/strong><\/p>\n<p>Kontaktieren Sie uns noch heute, um Ihre Projektideen zu besprechen und eine ma\u00dfgeschneiderte RFID-Tag-L\u00f6sung zu erhalten, die Ihren spezifischen Anforderungen entspricht. Wir freuen uns darauf, f\u00fcr Sie ein einzigartiges und elegantes RFID-Tag zu erstellen.<\/p>\n<p><strong>RFID-Tags f\u00fcr verschiedene Anwendungen<\/strong><\/p>\n<p><strong>Passsystem<\/strong> - Unser \u201eEpoxy\u201c-RFID-Tag eignet sich perfekt f\u00fcr den Einsatz in Zugangskontrollsystemen, um eine reibungslose und sichere Zugangskontrolle zu gew\u00e4hrleisten.<\/p>\n<p><strong>Besuchersystem<\/strong> - Mit unserem RFID-Tag k\u00f6nnen Sie Besucher effektiv verwalten und einen reibungslosen Registrierungsprozess gew\u00e4hrleisten.<\/p>\n<p><strong>W\u00e4schereservierung<\/strong> - Nutzen Sie unseren RFID-Tag zur einfachen und bequemen Buchung von W\u00e4schem\u00f6glichkeiten.<\/p>\n<p><strong>Alarm und Sicherheit<\/strong> - Verbessern Sie die Sicherheit Ihres Zuhauses oder Unternehmens mit unserem zuverl\u00e4ssigen RFID-Tag, der in Alarm- und Sicherheitssysteme integriert werden kann.<\/p>\n<p><strong>Vorteile von \u201eEpoxy\u201c-RFID-Tags<\/strong><\/p>\n<p><strong>V\u00f6llig optionales Design und kostenloses Korrekturlesen, bis Sie zufrieden sind<\/strong> - Wir bieten Ihnen die M\u00f6glichkeit, ein einzigartiges Design f\u00fcr Ihr RFID-Tag zu erstellen und geben Ihnen die M\u00f6glichkeit, den Nachweis vor der Herstellung zu \u00fcberpr\u00fcfen und zu genehmigen.<\/p>\n<p><strong>Option zum Gravieren einer Standardnummer oder zum Einf\u00fcgen eines Logos<\/strong> - Wir k\u00f6nnen Standardnummern gravieren oder Ihr Logo auf dem RFID-Tag anbringen, um ihm ein pers\u00f6nliches und professionelles Aussehen zu verleihen.<\/p>\n<p><strong>Gro\u00dfe Auswahl an Chipvarianten f\u00fcr unterschiedliche Bed\u00fcrfnisse und immer auf Lager<\/strong> - Wir bieten eine breite Palette an Chipvarianten an, um unterschiedlichen Sicherheits- und Identifikationsanforderungen gerecht zu werden. Dar\u00fcber hinaus halten wir unsere RFID-Tags f\u00fcr eine schnelle Lieferung immer auf Lager.<\/p>\n<p>Wir sind bestrebt, Ihnen qualitativ hochwertige und zuverl\u00e4ssige RFID-Tags zur Verf\u00fcgung zu stellen, die Ihren Anforderungen entsprechen. Unser Expertenteam steht Ihnen zur Verf\u00fcgung, um Ihnen den bestm\u00f6glichen Service und Support zu bieten. Kontaktieren Sie uns noch heute, um mit der Erstellung Ihres individuellen \u201eEpoxy\u201c-RFID-Tags zu beginnen und die Vorteile von Sicherheit und Identifizierung auf einem neuen Niveau zu erleben.<\/p>","protected":false},"excerpt":{"rendered":"<p>Mit diesem Tag k\u00f6nnen Sie ein beliebiges Aussehen w\u00e4hlen, z. B. ein Logo oder warum nicht ein Bild auf der einen Seite und eine Zahl oder ein Logo auf der anderen Seite.<\/p>\n<p>Kontaktieren Sie uns und wir erstellen kostenlos digitale Bilder Ihres gew\u00e4hlten Looks.<\/p>\n<p>Unser luxuri\u00f6sester Anh\u00e4nger, der sehr beliebt ist.<\/p>\n<p>Es wird individuell f\u00fcr Sie gefertigt und hat daher eine Mindestbestellmenge von 500 St\u00fcck.<\/p>","protected":false},"featured_media":110564,"template":"","meta":{"_acf_changed":false},"product_brand":[],"product_cat":[2354],"product_tag":[2642,2074,2958,2991],"class_list":{"0":"post-41489","1":"product","2":"type-product","3":"status-publish","4":"has-post-thumbnail","6":"product_cat-rfid-taggar","7":"product_tag-500-moq-design-pvc","8":"product_tag-ej-lagerfraga","9":"product_tag-stonehouse-produkt","10":"product_tag-std-nr-taggar","11":"product_shipping_class-postnord-varubrev","12":"pa_brands-stonehouse-security","13":"pa_chip-teknik-kombi-em4200mifare4k","14":"pa_epoxy-med-eller-utan-ring-tagg-epoxy","15":"tm-has-options","17":"first","18":"instock","19":"sale","20":"featured","21":"taxable","22":"shipping-taxable","23":"purchasable","24":"product-type-simple"},"acf":[],"_links":{"self":[{"href":"https:\/\/secureus.se\/de\/wp-json\/wp\/v2\/product\/41489","targetHints":{"allow":["GET"]}}],"collection":[{"href":"https:\/\/secureus.se\/de\/wp-json\/wp\/v2\/product"}],"about":[{"href":"https:\/\/secureus.se\/de\/wp-json\/wp\/v2\/types\/product"}],"wp:featuredmedia":[{"embeddable":true,"href":"https:\/\/secureus.se\/de\/wp-json\/wp\/v2\/media\/110564"}],"wp:attachment":[{"href":"https:\/\/secureus.se\/de\/wp-json\/wp\/v2\/media?parent=41489"}],"wp:term":[{"taxonomy":"product_brand","embeddable":true,"href":"https:\/\/secureus.se\/de\/wp-json\/wp\/v2\/product_brand?post=41489"},{"taxonomy":"product_cat","embeddable":true,"href":"https:\/\/secureus.se\/de\/wp-json\/wp\/v2\/product_cat?post=41489"},{"taxonomy":"product_tag","embeddable":true,"href":"https:\/\/secureus.se\/de\/wp-json\/wp\/v2\/product_tag?post=41489"}],"curies":[{"name":"wp","href":"https:\/\/api.w.org\/{rel}","templated":true}]}}