{"id":41491,"date":"2022-07-12T11:34:13","date_gmt":"2022-07-12T09:34:13","guid":{"rendered":"https:\/\/secureus.se\/produkt\/epoxy-em4200-mifare1k-std-nr\/"},"modified":"2026-02-05T10:54:46","modified_gmt":"2026-02-05T09:54:46","slug":"rfid-tagg-epoxy-em4200-mifare1k-std-nr","status":"publish","type":"product","link":"https:\/\/secureus.se\/de\/rfid-tagg-epoxy-em4200-mifare1k-std-nr\/","title":{"rendered":"Markieren Sie Epoxy+ EM4200\/Mifare1k mit optionalen Nummern"},"content":{"rendered":"<h1>Markieren Sie Epoxy+ EM4200\/Mifare1k mit optionalen Nummern<\/h1>\n<h3><strong>Einzigartiges und elegantes Design<\/strong><\/h3>\n<p>Unser ma\u00dfgeschneiderter RFID-Tag \u201eEpoxy\u201c wird exklusiv f\u00fcr Sie als Kunden angefertigt und hat eine Produktionszeit von ca. 3 Wochen. Das Grundmaterial des Etiketts ist PVC, das wir mit einer Schicht Epoxidkleber versehen, was ihm eine langlebige und zuverl\u00e4ssige Konstruktion verleiht. Mit der beeindruckenden foto\u00e4hnlichen Drucktechnologie k\u00f6nnen Sie den Druck mit dem einer Kreditkarte\/Mitgliedskarte vergleichen, und das bernsteinartige Aussehen dank des harten Epoxidklebers macht Ihr RFID-Tag einzigartig und elegant.<\/p>\n<p><span style=\"text-decoration: underline\"><strong>Erf\u00fcllen Sie Ihre Sicherheits- und Identifikationsbed\u00fcrfnisse<\/strong><\/span><\/p>\n<p>Dieses individuelle \u201eEpoxy\u201c-RFID-Tag ist perfekt f\u00fcr Ihre Sicherheits- und Identifizierungsanforderungen. Ganz gleich, ob es um Zutrittssysteme, Besuchermanagement, W\u00e4schebuchung, Alarme oder andere Anwendungen geht, unser Tag ist eine zuverl\u00e4ssige L\u00f6sung.<\/p>\n<p><span style=\"text-decoration: underline\"><strong>Hochwertige Fertigung f\u00fcr Qualit\u00e4t und Funktionalit\u00e4t<\/strong><\/span><\/p>\n<p>Wir wissen, wie wichtig es ist, qualitativ hochwertige Produkte zu liefern, die Ihren Erwartungen entsprechen. Deshalb sind wir bestrebt, das Etikett mit Sorgfalt und Pr\u00e4zision herzustellen, um seine Qualit\u00e4t und Funktionalit\u00e4t sicherzustellen.<\/p>\n<p><span style=\"text-decoration: underline\"><strong>Produktionszeit: ca. 3 Wochen<\/strong><\/span><\/p>\n<p>Bitte beachten Sie, dass unser \u201eEpoxy\u201c-RFID-Tag aufgrund des f\u00fcr jeden Kunden individuellen Herstellungsprozesses nicht schnell versendet werden kann. Wir m\u00f6chten Ihnen das bestm\u00f6gliche Produkt bieten und daher dauert die Herstellung Ihres individuellen Anh\u00e4ngers etwa 3 Wochen.<\/p>\n<p><span style=\"text-decoration: underline\"><strong>Im Preis inbegriffen: Individualisierung und Gravur<\/strong><\/span><\/p>\n<p>Sie senden uns ein Foto, ein Logo oder einen Text und wir f\u00fchren eine digitale Korrektur durch, bis Sie zufrieden sind. Anschlie\u00dfend gravieren wir Ihre Systemnummern f\u00fcr Zutrittssysteme, Alarmanlagen oder Seriennummern nach Ihren W\u00fcnschen \u2013 alles im Preis inbegriffen.<\/p>\n<h3>Wie immer von uns, Originalchip von<a href=\"https:\/\/www.nxp.com\/\" rel=\"noopener\"> NXP<\/a> Und <a href=\"https:\/\/www.emmicroelectronic.com\/\" rel=\"noopener\">EM-Mikroelektronik.<\/a><\/h3>\n<p><strong>F\u00fcr alles und jeden geeignet!<\/strong><\/p>\n<ul>\n<li>Passsystem<\/li>\n<li>Besuchersystem<\/li>\n<li>W\u00e4schereservierung<\/li>\n<li>Alarm- und Sicherheitssystem<\/li>\n<\/ul>","protected":false},"excerpt":{"rendered":"<p>Mit diesem Tag k\u00f6nnen Sie ein beliebiges Aussehen w\u00e4hlen, z. B. ein Logo oder warum nicht ein Bild auf der einen Seite und eine Zahl oder ein Logo auf der anderen Seite.<\/p>\n<p>Kontaktieren Sie uns und wir erstellen kostenlos digitale Bilder Ihres gew\u00e4hlten Looks.<\/p>\n<p>Unser luxuri\u00f6sester Anh\u00e4nger, der sehr beliebt ist.<\/p>\n<p>Es wird individuell f\u00fcr Sie gefertigt und hat daher eine Mindestbestellmenge von 500 St\u00fcck.<\/p>","protected":false},"featured_media":110564,"template":"","meta":{"_acf_changed":false},"product_brand":[],"product_cat":[2354],"product_tag":[2642,2074,2958,2991],"class_list":{"0":"post-41491","1":"product","2":"type-product","3":"status-publish","4":"has-post-thumbnail","6":"product_cat-rfid-taggar","7":"product_tag-500-moq-design-pvc","8":"product_tag-ej-lagerfraga","9":"product_tag-stonehouse-produkt","10":"product_tag-std-nr-taggar","11":"product_shipping_class-postnord-varubrev","12":"pa_brands-stonehouse-security","13":"pa_chip-teknik-kombi-em4200mifare1k","14":"pa_epoxy-med-eller-utan-ring-tagg-epoxy","15":"pa_farg-svart","16":"tm-has-options","18":"first","19":"instock","20":"sale","21":"featured","22":"taxable","23":"shipping-taxable","24":"purchasable","25":"product-type-simple"},"acf":[],"_links":{"self":[{"href":"https:\/\/secureus.se\/de\/wp-json\/wp\/v2\/product\/41491","targetHints":{"allow":["GET"]}}],"collection":[{"href":"https:\/\/secureus.se\/de\/wp-json\/wp\/v2\/product"}],"about":[{"href":"https:\/\/secureus.se\/de\/wp-json\/wp\/v2\/types\/product"}],"wp:featuredmedia":[{"embeddable":true,"href":"https:\/\/secureus.se\/de\/wp-json\/wp\/v2\/media\/110564"}],"wp:attachment":[{"href":"https:\/\/secureus.se\/de\/wp-json\/wp\/v2\/media?parent=41491"}],"wp:term":[{"taxonomy":"product_brand","embeddable":true,"href":"https:\/\/secureus.se\/de\/wp-json\/wp\/v2\/product_brand?post=41491"},{"taxonomy":"product_cat","embeddable":true,"href":"https:\/\/secureus.se\/de\/wp-json\/wp\/v2\/product_cat?post=41491"},{"taxonomy":"product_tag","embeddable":true,"href":"https:\/\/secureus.se\/de\/wp-json\/wp\/v2\/product_tag?post=41491"}],"curies":[{"name":"wp","href":"https:\/\/api.w.org\/{rel}","templated":true}]}}