{"id":41538,"date":"2022-07-12T11:17:55","date_gmt":"2022-07-12T09:17:55","guid":{"rendered":"https:\/\/secureus.se\/produkt\/tagg-nyckelbricka-abs-pro-mifare1k-std-nr-4\/"},"modified":"2026-03-27T15:37:41","modified_gmt":"2026-03-27T14:37:41","slug":"tagg-mifare1k-rod-abs-pro-fardiga-systemnummer","status":"publish","type":"product","link":"https:\/\/secureus.se\/de\/tagg-mifare1k-rod-abs-pro-fardiga-systemnummer\/","title":{"rendered":"Mifare 1k Classic ABS Pro Rot \u2013 2,9 mm Vorgefertigte Systemnummern (Mifare 13,56 MHz)"},"content":{"rendered":"<h1>Mifare 1k Classic ABS Pro Rot \u2013 2,9 mm Vorgefertigte Systemnummern (Mifare 13,56 MHz)<\/h1>\n<p><strong>Schwedens meistgekaufter \u201efertiger Mifare-Tag\u201c \u2013 funktioniert direkt in 99 % aller schwedischen Mifare-Systeme.<\/strong><br \/>\nDie Ger\u00e4te sind bereits mit MFD-, MFR-, MFL- oder MFV-Nummern graviert, sodass Sie sie noch am selben Tag verteilen k\u00f6nnen. Auf Wunsch k\u00f6nnen Sie Ihr eigenes Logo, Hexadezimalzahlen oder zus\u00e4tzliche Seriennummern hinzuf\u00fcgen.<\/p>\n<p><strong>Haben Sie ein anderes Mifare-System oder m\u00f6chten Sie auf allen Tags die exakt gleiche Nummer?<\/strong><br \/>\nKein Problem \u2013 das Tag funktioniert in <u>alle<\/u> Mifare 13,56 MHz System (dann ignorieren Sie einfach die eingravierte Nummer).<br \/>\nH\u00e4ttest du lieber <strong>komplett leere Etiketten, bei denen Sie alles selbst kontrollieren 100 %<\/strong>Dann w\u00e4hlen Sie <a href=\"\/de\/mifare1k-anpassningsbara\/\">Hier k\u00f6nnen Sie Mifare-Tags individuell gestalten.<\/a> \u2013 das gleiche Modell, komplett leer und genau nach Ihren W\u00fcnschen programmiert.<\/p>\n<div style=\"background: #e8f5e8;border: 2px solid #2e7d32;border-radius: 12px;padding: 20px;margin: 30px 0;text-align: center\">\n<h3 style=\"margin: 0 0 12px 0;color: #1b5e20\">Lesen Sie die Mifare-Systemnummern in Echtzeit.<\/h3>\n<p style=\"margin: 8px 0;font-size: 1.1em;line-height: 1.5\">MFD = Aptus \u2219 MFR = RCO (9-stellig) \u2219 MFV = Axema VAKA<br \/>\n\u2192 Die Zahlen werden in realen Anlagen physisch abgelesen und getestet und auf dem Etikett eingraviert \u2013 sofortige Funktion garantiert.<\/p>\n<\/div>\n<div style=\"background: #fff3e0;border-left: 5px solid #ff9800;padding: 18px;margin: 30px 0\">\n<p style=\"margin: 0;font-size: 1.05em\"><strong>M\u00f6chten Sie sie noch sch\u00f6ner gestalten oder Seriennummern erhalten?<\/strong><br \/>\nKlicken Sie weiter oben auf der Seite auf \u201eProdukt anpassen\u201c:<br \/>\n\u2713 Lasergraviertes Logo<br \/>\n\u2713 Zus\u00e4tzliche Seriennummer zus\u00e4tzlich zur Standardnummer<br \/>\n\u2713 Farbdruck des Logos (mind. 500 St\u00fcck)<br \/>\n\u2192 Wir senden immer vor der Produktion Korrekturabz\u00fcge.<\/p>\n<\/div>\n<div style=\"background: #f4f9ff;border: 2px solid #0066cc;border-radius: 12px;padding: 20px;margin: 30px 0;text-align: center\">\n<h3 style=\"margin: 0 0 12px 0;color: #003366\">Sie sind sich bei EM oder Mifare unsicher?<\/h3>\n<p style=\"margin: 8px 0;font-size: 1.05em;color: #333\">Probieren Sie beide Techniken zu Hause f\u00fcr nur <strong>69 SEK. Kostenloser Versand.<\/strong><br \/>\nGeld zur\u00fcck bei einem Kauf von 100 oder mehr St\u00fcck.<\/p>\n<p><a style=\"display: inline-block;background: #0066cc;color: white;font-weight: bold;padding: 14px 32px;border-radius: 8px;text-decoration: none;margin: 15px 0;font-size: 1.1em\" href=\"\/de\/testtagg-em-mifare\/\">Jetzt Testetikett kaufen \u2013 69 kr<\/a><\/p>\n<\/div>\n<h2>Kompatible Systeme (bereits bereit)<\/h2>\n<ul>\n<li>Aptus (MFD)<\/li>\n<li>RCO Security (MFR)<\/li>\n<li>Axema VAKA (MFV)<\/li>\n<li>ASSA ARX \/ Vanderbilt \/ Bewator (MFD)<\/li>\n<li>Pacom, Tidomat usw. \u2013 und alle anderen Mifare-Systeme<\/li>\n<\/ul>\n<h2>Deshalb entscheiden sich BRFs, Hausverwalter und Schl\u00fcsseldienste f\u00fcr dieses Produkt.<\/h2>\n<ul>\n<li>Vorgefertigte Nummern \u2013 keine Programmierung oder Schl\u00fcssel, kein Warten<\/li>\n<li>2,9 mm starkes, extrem widerstandsf\u00e4higes ABS, das langlebig und flexibel ist.<\/li>\n<li>Originalchip von NXP (Mifare Classic 1k)<\/li>\n<li>Stets Tausende auf Lager \u2013 Lieferung in 1\u20132 Tagen<\/li>\n<\/ul>\n<h2>Technische Spezifikation<\/h2>\n<table style=\"width: 100%;border-collapse: collapse;margin: 20px 0\">\n<tbody>\n<tr>\n<td><strong>Farben<\/strong><\/td>\n<td>Schwarz \u2219 Wei\u00df \u2219 Rot \u2219 Blau \u2219 Gr\u00fcn \u2219 Gelb<\/td>\n<\/tr>\n<tr>\n<td><strong>Chip<\/strong><\/td>\n<td>Mifare Classic 1k Original (NXP)<\/td>\n<\/tr>\n<tr>\n<td><strong>Frequenz<\/strong><\/td>\n<td>13,56 MHz<\/td>\n<\/tr>\n<tr>\n<td><strong>Erinnerung<\/strong><\/td>\n<td>1 KB (16 Sektoren)<\/td>\n<\/tr>\n<tr>\n<td><strong>Material<\/strong><\/td>\n<td>Strapazierf\u00e4higer ABS-Kunststoff<\/td>\n<\/tr>\n<tr>\n<td><strong>Dicke<\/strong><\/td>\n<td>2,9 mm<\/td>\n<\/tr>\n<tr>\n<td><strong>Standardnummer<\/strong><\/td>\n<td>Gravierte MFD\/MFR\/MFV (inklusive)<\/td>\n<\/tr>\n<tr>\n<td><strong>Zus\u00e4tzliche Gravur\/Logo<\/strong><\/td>\n<td>M\u00f6glich \u2013 Option oben ausw\u00e4hlen<\/td>\n<\/tr>\n<\/tbody>\n<\/table>\n<h2>Lieferung<\/h2>\n<ul>\n<li><strong>1\u20132 Tage<\/strong> auf Lager<\/li>\n<li>Mit zus\u00e4tzlicher Gravur\/Logo: 2\u20134 Tage + Korrekturabzug<\/li>\n<li>Kostenloser Versand ab 1000 SEK<\/li>\n<\/ul>","protected":false},"excerpt":{"rendered":"<p><strong>Mifare 1k Classic ABS Pro - Fertige Systemnummern (Mifare 13,56 MHz)<\/strong><br \/>\n2,9 mm \u2219 Bereits eingravierte MFD\/MFR\/MFV-Nummern<br \/>\nFunktioniert direkt in Aptus, RCO, Axema VAKA usw. \u2219 Kann Logo oder Seriennummer hinzuf\u00fcgen<\/p>","protected":false},"featured_media":163688,"template":"","meta":{"_acf_changed":false},"product_brand":[],"product_cat":[1340,4784,2354],"product_tag":[2074,4146,2958,2991],"class_list":{"0":"post-41538","1":"product","2":"type-product","3":"status-publish","4":"has-post-thumbnail","6":"product_cat-rfid-tagg-abs-pro","7":"product_cat-mifare1k","8":"product_cat-rfid-taggar","9":"product_tag-ej-lagerfraga","10":"product_tag-nxp","11":"product_tag-stonehouse-produkt","12":"product_tag-std-nr-taggar","13":"product_shipping_class-postnord-varubrev","14":"pa_brands-stonehouse-security","15":"pa_chip-teknik-mifare1k","16":"pa_farg-rod","17":"tm-has-options","19":"first","20":"instock","21":"sale","22":"featured","23":"taxable","24":"shipping-taxable","25":"purchasable","26":"product-type-simple"},"acf":[],"_links":{"self":[{"href":"https:\/\/secureus.se\/de\/wp-json\/wp\/v2\/product\/41538","targetHints":{"allow":["GET"]}}],"collection":[{"href":"https:\/\/secureus.se\/de\/wp-json\/wp\/v2\/product"}],"about":[{"href":"https:\/\/secureus.se\/de\/wp-json\/wp\/v2\/types\/product"}],"wp:featuredmedia":[{"embeddable":true,"href":"https:\/\/secureus.se\/de\/wp-json\/wp\/v2\/media\/163688"}],"wp:attachment":[{"href":"https:\/\/secureus.se\/de\/wp-json\/wp\/v2\/media?parent=41538"}],"wp:term":[{"taxonomy":"product_brand","embeddable":true,"href":"https:\/\/secureus.se\/de\/wp-json\/wp\/v2\/product_brand?post=41538"},{"taxonomy":"product_cat","embeddable":true,"href":"https:\/\/secureus.se\/de\/wp-json\/wp\/v2\/product_cat?post=41538"},{"taxonomy":"product_tag","embeddable":true,"href":"https:\/\/secureus.se\/de\/wp-json\/wp\/v2\/product_tag?post=41538"}],"curies":[{"name":"wp","href":"https:\/\/api.w.org\/{rel}","templated":true}]}}