{"id":41554,"date":"2022-07-12T11:16:05","date_gmt":"2022-07-12T09:16:05","guid":{"rendered":"https:\/\/secureus.se\/produkt\/tagg-kombi-abs-pro-em4200-mifare4k-std-nr\/"},"modified":"2026-03-27T14:28:36","modified_gmt":"2026-03-27T13:28:36","slug":"kombitagg-4k-std-svart-pro","status":"publish","type":"product","link":"https:\/\/secureus.se\/de\/kombitagg-4k-std-svart-pro\/","title":{"rendered":"Kombinationstag EM4200 + Mifare4k\u00ae \u2013 Alarm-Zugangskontrollsystem Schwarz \u2013 Pro"},"content":{"rendered":"<h1>Zahlenanh\u00e4nger ABS Pro EM4200\/Mifare4k<\/h1>\n<h3><strong>Alarmpasskontrolle \u2013 Buchung \u2013 Besichtigung<\/strong><\/h3>\n<p><strong>Hier haben wir Standardnummern auf dem Zahlenanh\u00e4nger eingraviert f\u00fcr:<\/strong><\/p>\n<p><strong><span style=\"text-decoration: underline;\">F\u00fcr EM4200:<\/span><\/strong><\/p>\n<p><strong><span style=\"text-decoration: underline;\">RCO Security (R), , Axema VAKA (V), Bewator\/Vanderbilt (B), ASSA ARX (S)<\/span><\/strong><\/p>\n<p><strong><span style=\"text-decoration: underline;\">F\u00fcr Mifare:<\/span><\/strong><\/p>\n<p><strong><span style=\"text-decoration: underline;\">RCO (MFR), Axema VAKA (MFV), ASSA, Aptus, Bewator,<\/span><\/strong><\/p>\n<p><strong><span style=\"text-decoration: underline;\">Axema, Axema VAKA, Vanderbilt und andere (MFD)<\/span><\/strong><\/p>\n<p>Dieses Tag funktioniert in allen Systemen, die EM- und Mifare-Technologie verwenden, einschlie\u00dflich RCO, Bewator\/Vanderbilt, Aptus, ASSA ARX und anderen Systemtypen.<\/p>\n<p>zB Besuchersystem oder Anmeldung an Computern\/Druckern.<\/p>\n<p>Unser \u201eABS Pro\u201c wurde entwickelt, um die anspruchsvollsten Anforderungen an Sicherheit und Identifizierung zu erf\u00fcllen.<\/p>\n<p>Mit seiner robusten Konstruktion aus ABS-Material und dem d\u00fcnnen Profil von nur 2,9 mm bietet es eine perfekte Balance zwischen Haltbarkeit und Eleganz.<\/p>\n<p>Dank seiner glatten Oberfl\u00e4che eignet es sich ideal zum Gravieren mit Standardnummern oder zum Einf\u00fcgen Ihres Logos, entweder durch gravierte oder farbige Oberfl\u00e4chen.<\/p>\n<p>Ganz gleich, ob Sie ein zuverl\u00e4ssiges Produkt f\u00fcr Zutrittssysteme, Besuchersysteme, Buchungen, Alarme, Autoladeger\u00e4te, Lagerverwaltung oder andere Anwendungen ben\u00f6tigen,<\/p>\n<p>Dann ist unser \u201eABS Pro\u201c die perfekte Wahl.<\/p>\n<p>Es gibt ihn in vielen Varianten und wir k\u00f6nnen ihn auch mit einem Chip Ihrer Wahl fertigen.<\/p>\n<p>Heutige Standards f\u00fcr Zutrittsetiketten sind: EM4200, Mifare1k, die Kombination aus Mifare1k und EM4200, Mifare4k, die Kombination aus Mifare4k und EM4200, sowie DESFire,<\/p>\n<p>Sie k\u00f6nnen Ihre L\u00f6sung an Ihre spezifischen Bed\u00fcrfnisse anpassen.<\/p>\n<p>Wir wissen, wie wichtig es ist, qualitativ hochwertige RFID-Tags zu liefern, die den heutigen Anforderungen und Erwartungen entsprechen.<\/p>\n<p>Deshalb sind wir bestrebt, die beste Technologie und Kompatibilit\u00e4t anzubieten, um die Sicherheit und Effizienz Ihrer Systeme zu verbessern.<\/p>\n<h3><strong>Angepasst f\u00fcr einzigartige Projekte \u2013 Kombi-Tag<\/strong><\/h3>\n<p>Zu den Vorteilen unserer RFID-Tags geh\u00f6ren die Kompatibilit\u00e4t mit verschiedenen Systemen\/Technologien sowie die M\u00f6glichkeit, die Tags an individuelle Projekte anzupassen.<\/p>\n<p>Wir k\u00f6nnen verschiedene Chips programmieren und integrieren, um spezifische Anwendungsanforderungen zu erf\u00fcllen und ma\u00dfgeschneiderte L\u00f6sungen zu erstellen.<\/p>\n<p>Kontaktieren Sie uns noch heute, um Ihre Projektideen zu besprechen und eine ma\u00dfgeschneiderte RFID-Tag-L\u00f6sung f\u00fcr Ihre Bed\u00fcrfnisse zu erhalten.<\/p>\n<h5><strong>Schnelle Lieferung und immer auf Lager<\/strong><\/h5>\n<p>Der RFID-Schl\u00fcsselanh\u00e4nger \u201eABS Pro\u201c ist st\u00e4ndig mit \u00fcber 80.000 St\u00fcck in 6 Farben (Rot, Blau, Wei\u00df, Schwarz, Gr\u00fcn, Gelb) und mit verschiedenen Chips auf Lager.<\/p>\n<p>Mit Hilfe unserer Lasermaschinen und Software k\u00f6nnen Sie ein Logo und eine eindeutige Nummer f\u00fcr die Gravur ausw\u00e4hlen und die Lieferung innerhalb von 1\u20133 Tagen durchf\u00fchren.<\/p>\n<h3>Wie immer! Zahlenanh\u00e4nger mit Originalchip von<a href=\"https:\/\/www.nxp.com\/\" rel=\"noopener\"> NXP<\/a> Und <a href=\"https:\/\/www.emmicroelectronic.com\/\" rel=\"noopener\">EM-Mikroelektronik.<\/a><\/h3>\n<p><strong>F\u00fcr alles und jeden geeignet!<\/strong><\/p>\n<ul>\n<li>Passsystem<\/li>\n<li>Besuchersystem<\/li>\n<li>Reservierung<\/li>\n<li>Alarm- und Sicherheitssystem<\/li>\n<\/ul>\n<p><strong>Vorteile von \u201eABS Pro\u201c<\/strong><\/p>\n<ul>\n<li>Robuste Konstruktion aus ABS-Material<\/li>\n<li>D\u00fcnnes Profil von nur 2,9 mm<\/li>\n<li>Option zum Gravieren einer Standardnummer oder zum Einf\u00fcgen eines Logos<\/li>\n<li>Gro\u00dfe Auswahl an Chipvarianten f\u00fcr unterschiedliche Anforderungen und immer auf Lager.<\/li>\n<\/ul>","protected":false},"excerpt":{"rendered":"<p>Unser beliebtester RFID-Tag \u201eABS Pro\u201c \u2013 die perfekte L\u00f6sung f\u00fcr Sicherheits- und Identifikationssysteme. Hier mit Doppelchip im Combo-Tag: EM4200+Mifare4k-Chip. Mit eingravierten Zahlen f\u00fcr das Zugangssystem. Das Etikett ist nur 2,9 mm dick und besteht aus hartem ABS-Material mit einer eleganten Oberfl\u00e4che, die \u00fcberall passt. Dieses Produkt verf\u00fcgt \u00fcber einen zertifizierten Chip von NXP\u00ae, einem globalen Technologieunternehmen mit Hauptsitz in Holland. NXP\u00ae ist auf RFID und NFC spezialisiert und bietet eine Reihe von Produkten in den Bereichen Sicherheit, Konnektivit\u00e4t und eingebettete L\u00f6sungen<\/p>","protected":false},"featured_media":146244,"template":"","meta":{"_acf_changed":false},"product_brand":[],"product_cat":[1340,4787,2354],"product_tag":[2074,4146,2405,2958,2991,2966],"class_list":{"0":"post-41554","1":"product","2":"type-product","3":"status-publish","4":"has-post-thumbnail","6":"product_cat-rfid-tagg-abs-pro","7":"product_cat-mifare4kem4200-tagg","8":"product_cat-rfid-taggar","9":"product_tag-ej-lagerfraga","10":"product_tag-nxp","11":"product_tag-rel-rfid","12":"product_tag-stonehouse-produkt","13":"product_tag-std-nr-taggar","14":"product_tag-utvalda-taggar-kombitaggar-med-dubbla-chip","15":"product_shipping_class-postnord-varubrev","16":"pa_brands-stonehouse-security","17":"pa_chip-teknik-kombi-em4200mifare4k","18":"pa_farg-svart","19":"tm-has-options","21":"first","22":"instock","23":"sale","24":"featured","25":"taxable","26":"shipping-taxable","27":"purchasable","28":"product-type-simple"},"acf":[],"_links":{"self":[{"href":"https:\/\/secureus.se\/de\/wp-json\/wp\/v2\/product\/41554","targetHints":{"allow":["GET"]}}],"collection":[{"href":"https:\/\/secureus.se\/de\/wp-json\/wp\/v2\/product"}],"about":[{"href":"https:\/\/secureus.se\/de\/wp-json\/wp\/v2\/types\/product"}],"wp:featuredmedia":[{"embeddable":true,"href":"https:\/\/secureus.se\/de\/wp-json\/wp\/v2\/media\/146244"}],"wp:attachment":[{"href":"https:\/\/secureus.se\/de\/wp-json\/wp\/v2\/media?parent=41554"}],"wp:term":[{"taxonomy":"product_brand","embeddable":true,"href":"https:\/\/secureus.se\/de\/wp-json\/wp\/v2\/product_brand?post=41554"},{"taxonomy":"product_cat","embeddable":true,"href":"https:\/\/secureus.se\/de\/wp-json\/wp\/v2\/product_cat?post=41554"},{"taxonomy":"product_tag","embeddable":true,"href":"https:\/\/secureus.se\/de\/wp-json\/wp\/v2\/product_tag?post=41554"}],"curies":[{"name":"wp","href":"https:\/\/api.w.org\/{rel}","templated":true}]}}