{"id":41574,"date":"2022-07-12T10:33:21","date_gmt":"2022-07-12T08:33:21","guid":{"rendered":"https:\/\/secureus.se\/produkt\/kombi-abs-hd-em4200-mifare1k-std-nr\/"},"modified":"2026-03-09T14:45:25","modified_gmt":"2026-03-09T13:45:25","slug":"rfid-tagg-kombi-glasfiber-hd-std-nr-2","status":"publish","type":"product","link":"https:\/\/secureus.se\/de\/rfid-tagg-kombi-glasfiber-hd-std-nr-2\/","title":{"rendered":"Tag Combi EM4200 + Mifare4k\u00ae \u2013 Alarm-Zugangssystem Schwarz \u2013 Fiberglas HD Vandalensicher"},"content":{"rendered":"<h1>Tag Combi EM4200\/Mifare4k Glasfaser HD<\/h1>\n<h3>Tag f\u00fcr Alarm-\/Passantensystem und Buchung.<\/h3>\n<p><span style=\"text-decoration: underline\"><strong>Hier mit auf dem Schild eingravierten Standardnummern f\u00fcr praktisch alle Sicherheitssysteme.<\/strong><\/span><\/p>\n<div>\n<p><span style=\"text-decoration: underline\"><strong>RCO (MFR), Axema VAKA (MFV)<\/strong><\/span><\/p>\n<p><span style=\"text-decoration: underline\"><strong>(MFD) ASSA, Aptus, Bewator, Axema, Axema VAKA, Vanderbilt<\/strong><\/span><\/p>\n<p><span style=\"text-decoration: underline\"><strong>A = Aptus, R=RCO, AX=Axema, S=ASSA<\/strong><\/span><\/p>\n<p><span style=\"text-decoration: underline\"><strong>V=Axema VAKA und B=Bewator\/Vanderbilt.<\/strong><\/span><\/p>\n<\/div>\n<p>Unser \u201eTagg Fiberglass HD\u201c ist nicht nur technisch ausgereift, sondern auch \u00e4u\u00dferst langlebig und zuverl\u00e4ssig.<\/p>\n<p>Hergestellt aus extra verst\u00e4rktem Glasfaser-\/Epoxidharzmaterial und nur 1,6 mm d\u00fcnn, h\u00e4lt es rauen Umgebungen und Belastungen stand, ohne die Leistung zu beeintr\u00e4chtigen.<\/p>\n<p>Dar\u00fcber hinaus ist der Anh\u00e4nger wasserdicht, was Schutz vor N\u00e4sse und N\u00e4sse bietet und ihn sowohl f\u00fcr den Innen- als auch f\u00fcr den Au\u00dfenbereich geeignet macht.<\/p>\n<p>Dieser innovative Schl\u00fcsselanh\u00e4nger wurde speziell f\u00fcr Ihre Sicherheits- und Identifikationssystemanforderungen entwickelt.<\/p>\n<p>Mit seiner robusten Bauweise und beeindruckenden Funktionalit\u00e4t bietet der RFID-Tag \u201eGlasfiber HD\u201c eine zuverl\u00e4ssige und effiziente L\u00f6sung f\u00fcr verschiedene Anwendungen.<\/p>\n<p>Wir bieten verschiedene Varianten von \u201eFiberglas HD\u201c an, um Ihren spezifischen Anforderungen gerecht zu werden.<\/p>\n<p>Es stehen mehrere Produkte zur Auswahl: EM4200, Mifare1k, die Kombination aus Mifare1k und EM4200, Mifare4k und die Kombination aus Mifare4k und EM4200.<\/p>\n<p>Jede Variante verf\u00fcgt \u00fcber ihre eigenen einzigartigen Merkmale und Funktionen, die Ihnen Flexibilit\u00e4t und Vielseitigkeit bieten.<\/p>\n<p>Zur weiteren Individualisierung des Schl\u00fcsselanh\u00e4ngers bieten wir die M\u00f6glichkeit, Zahlen wie Seriennummern,<\/p>\n<p>oder Nummern aus Ihren Zugangssystemen (RCO, Vanderbilt, Bewator, Axema Aptus ASSA usw.).<\/p>\n<p>Dies erleichtert die Identifizierung und Verwaltung Ihrer Tags, spart Zeit und erh\u00f6ht die Effizienz Ihres Arbeitsablaufs.<\/p>\n<h3>Wie immer von uns, Originalchip von<a href=\"https:\/\/www.nxp.com\/\" rel=\"noopener\"> NXP<\/a> Und <a href=\"https:\/\/www.emmicroelectronic.com\/\" rel=\"noopener\">EM-Mikroelektronik.<\/a><\/h3>\n<p><strong>F\u00fcr alles und jeden geeignet!<\/strong><\/p>\n<ul>\n<li>Passsystem<\/li>\n<li>Besuchersystem<\/li>\n<li>W\u00e4schereservierung<\/li>\n<li>Alarm- und Sicherheitssystem<\/li>\n<\/ul>\n<p>&nbsp;<\/p>","protected":false},"excerpt":{"rendered":"<p>Tagg Glasfiber HD \u2013 Vandalensicher und wasserdicht \u2013 die perfekte L\u00f6sung f\u00fcr Sicherheits- und Identifikationssysteme.<br \/>\nCombi EM4200\/Mifare4k-Chip mit auf dem Etikett eingravierten Zugangssystem-Ready-Nummern. Dieses Produkt verf\u00fcgt \u00fcber einen zertifizierten Chip von NXP\u00ae, einem globalen Technologieunternehmen mit Hauptsitz in Holland. NXP\u00ae ist auf RFID und NFC spezialisiert und bietet eine Reihe von Produkten in den Bereichen Sicherheit, Konnektivit\u00e4t und eingebettete L\u00f6sungen<\/p>","protected":false},"featured_media":133942,"template":"","meta":{"_acf_changed":false},"product_brand":[],"product_cat":[1349,4787],"product_tag":[2436,2074,4146,2958],"class_list":{"0":"post-41574","1":"product","2":"type-product","3":"status-publish","4":"has-post-thumbnail","6":"product_cat-rfid-tag-glasfiber","7":"product_cat-mifare4kem4200-tagg","8":"product_tag-250-moq-hd","9":"product_tag-ej-lagerfraga","10":"product_tag-nxp","11":"product_tag-stonehouse-produkt","12":"product_shipping_class-postnord-varubrev","13":"pa_brands-stonehouse-security","14":"pa_chip-teknik-kombi-em4200mifare1k","15":"pa_farg-svart","16":"pa_tagg-glasfiber-tagg-glasfiber-hd","17":"tm-no-options","19":"first","20":"instock","21":"sale","22":"featured","23":"taxable","24":"shipping-taxable","25":"purchasable","26":"product-type-simple"},"acf":[],"_links":{"self":[{"href":"https:\/\/secureus.se\/de\/wp-json\/wp\/v2\/product\/41574","targetHints":{"allow":["GET"]}}],"collection":[{"href":"https:\/\/secureus.se\/de\/wp-json\/wp\/v2\/product"}],"about":[{"href":"https:\/\/secureus.se\/de\/wp-json\/wp\/v2\/types\/product"}],"wp:featuredmedia":[{"embeddable":true,"href":"https:\/\/secureus.se\/de\/wp-json\/wp\/v2\/media\/133942"}],"wp:attachment":[{"href":"https:\/\/secureus.se\/de\/wp-json\/wp\/v2\/media?parent=41574"}],"wp:term":[{"taxonomy":"product_brand","embeddable":true,"href":"https:\/\/secureus.se\/de\/wp-json\/wp\/v2\/product_brand?post=41574"},{"taxonomy":"product_cat","embeddable":true,"href":"https:\/\/secureus.se\/de\/wp-json\/wp\/v2\/product_cat?post=41574"},{"taxonomy":"product_tag","embeddable":true,"href":"https:\/\/secureus.se\/de\/wp-json\/wp\/v2\/product_tag?post=41574"}],"curies":[{"name":"wp","href":"https:\/\/api.w.org\/{rel}","templated":true}]}}