{"id":52095,"date":"2022-06-29T13:09:42","date_gmt":"2022-06-29T11:09:42","guid":{"rendered":"https:\/\/secureus.se\/produkt\/vaggsignering-bricka\/"},"modified":"2026-02-20T11:53:53","modified_gmt":"2026-02-20T10:53:53","slug":"vaggsignering-bricka","status":"publish","type":"product","link":"https:\/\/secureus.se\/de\/vaggsignering-bricka\/","title":{"rendered":"Wandschild Tablett"},"content":{"rendered":"<p>Geeignet zum Beispiel zum Markieren von Klemmenbl\u00f6cken, Anschlussk\u00e4sten, Detektoren, Magnetkontakten, Netzteilen usw., wo eine Markierung oder Identifizierung gew\u00fcnscht ist. Die Befestigung erfolgt entweder mit Schrauben oder mit einem selbstklebenden Befestigungspad (nicht im Lieferumfang enthalten).<\/p>","protected":false},"excerpt":{"rendered":"<p>Geeignet zum Beispiel zum Markieren von Klemmenbl\u00f6cken, Anschlussk\u00e4sten, Detektoren, Magnetkontakten, Netzteilen usw., wo eine Markierung oder Identifizierung gew\u00fcnscht ist. Die Befestigung erfolgt entweder mit Schrauben oder mit einem selbstklebenden Befestigungspad (nicht im Lieferumfang enthalten).<\/p>","protected":false},"featured_media":142296,"template":"","meta":{"_acf_changed":false},"product_brand":[],"product_cat":[1547],"product_tag":[2211],"class_list":{"0":"post-52095","1":"product","2":"type-product","3":"status-publish","4":"has-post-thumbnail","6":"product_cat-plint-larm-telebox","7":"product_tag-box-tillbehor","8":"product_shipping_class-postnord-varubrev","9":"pa_brands-alarmtech","10":"tm-no-options","12":"first","13":"outofstock","14":"sale","15":"taxable","16":"shipping-taxable","17":"purchasable","18":"product-type-simple"},"acf":[],"_links":{"self":[{"href":"https:\/\/secureus.se\/de\/wp-json\/wp\/v2\/product\/52095","targetHints":{"allow":["GET"]}}],"collection":[{"href":"https:\/\/secureus.se\/de\/wp-json\/wp\/v2\/product"}],"about":[{"href":"https:\/\/secureus.se\/de\/wp-json\/wp\/v2\/types\/product"}],"wp:featuredmedia":[{"embeddable":true,"href":"https:\/\/secureus.se\/de\/wp-json\/wp\/v2\/media\/142296"}],"wp:attachment":[{"href":"https:\/\/secureus.se\/de\/wp-json\/wp\/v2\/media?parent=52095"}],"wp:term":[{"taxonomy":"product_brand","embeddable":true,"href":"https:\/\/secureus.se\/de\/wp-json\/wp\/v2\/product_brand?post=52095"},{"taxonomy":"product_cat","embeddable":true,"href":"https:\/\/secureus.se\/de\/wp-json\/wp\/v2\/product_cat?post=52095"},{"taxonomy":"product_tag","embeddable":true,"href":"https:\/\/secureus.se\/de\/wp-json\/wp\/v2\/product_tag?post=52095"}],"curies":[{"name":"wp","href":"https:\/\/api.w.org\/{rel}","templated":true}]}}