{"id":52118,"date":"2022-06-29T12:54:50","date_gmt":"2022-06-29T10:54:50","guid":{"rendered":"https:\/\/secureus.se\/produkt\/byglingsplint-1-10par-skr\/"},"modified":"2026-03-26T11:42:58","modified_gmt":"2026-03-26T10:42:58","slug":"byglingsplint-1-10par-skr","status":"publish","type":"product","link":"https:\/\/secureus.se\/de\/byglingsplint-1-10par-skr\/","title":{"rendered":"Jumperklemme 1-10Par Skr"},"content":{"rendered":"<p>\u00dcberbr\u00fcckungsklemme mit separater Anschlussklemme f\u00fcr ankommendes Zuleitungskabel in Parallelschaltung mit separater Anschlussklemme f\u00fcr abgehende Verteilerkabel. Ein Paar rein bis 10 Paare raus oder 1 Paar rein bis 5 Paare raus, 2 Abschnitte. Separates Anschlussterminal f\u00fcr Bildschirm.<\/p>","protected":false},"excerpt":{"rendered":"<p>\u00dcberbr\u00fcckungsklemme mit separater Anschlussklemme f\u00fcr ankommendes Zuleitungskabel in Parallelschaltung mit separater Anschlussklemme f\u00fcr abgehende Verteilerkabel. Ein Paar rein bis 10 Paare raus oder 1 Paar rein bis 5 Paare raus 2<\/p>","protected":false},"featured_media":142218,"template":"","meta":{"_acf_changed":false},"product_brand":[],"product_cat":[1547],"product_tag":[2212],"class_list":{"0":"post-52118","1":"product","2":"type-product","3":"status-publish","4":"has-post-thumbnail","6":"product_cat-plint-larm-telebox","7":"product_tag-box-bygling-buss","8":"product_shipping_class-postnord-varubrev","9":"pa_brands-alarmtech","10":"tm-no-options","12":"first","13":"instock","14":"sale","15":"taxable","16":"shipping-taxable","17":"purchasable","18":"product-type-simple"},"acf":[],"_links":{"self":[{"href":"https:\/\/secureus.se\/de\/wp-json\/wp\/v2\/product\/52118","targetHints":{"allow":["GET"]}}],"collection":[{"href":"https:\/\/secureus.se\/de\/wp-json\/wp\/v2\/product"}],"about":[{"href":"https:\/\/secureus.se\/de\/wp-json\/wp\/v2\/types\/product"}],"wp:featuredmedia":[{"embeddable":true,"href":"https:\/\/secureus.se\/de\/wp-json\/wp\/v2\/media\/142218"}],"wp:attachment":[{"href":"https:\/\/secureus.se\/de\/wp-json\/wp\/v2\/media?parent=52118"}],"wp:term":[{"taxonomy":"product_brand","embeddable":true,"href":"https:\/\/secureus.se\/de\/wp-json\/wp\/v2\/product_brand?post=52118"},{"taxonomy":"product_cat","embeddable":true,"href":"https:\/\/secureus.se\/de\/wp-json\/wp\/v2\/product_cat?post=52118"},{"taxonomy":"product_tag","embeddable":true,"href":"https:\/\/secureus.se\/de\/wp-json\/wp\/v2\/product_tag?post=52118"}],"curies":[{"name":"wp","href":"https:\/\/api.w.org\/{rel}","templated":true}]}}