{"id":52138,"date":"2022-06-29T13:12:19","date_gmt":"2022-06-29T11:12:19","guid":{"rendered":"https:\/\/secureus.se\/produkt\/kopplingsdosa-utomhus-i-metall\/"},"modified":"2026-04-23T10:45:30","modified_gmt":"2026-04-23T08:45:30","slug":"kopplingsdosa-utomhus-i-metall","status":"publish","type":"product","link":"https:\/\/secureus.se\/de\/kopplingsdosa-utomhus-i-metall\/","title":{"rendered":"Anschlussdose f\u00fcr den Au\u00dfenbereich aus Metall"},"content":{"rendered":"<p>Anschlusskasten aus Metall mit 24 Schraubklemmen mit Aufzugsfunktion und interner Heizung f\u00fcr kalte Umgebungen. F\u00fcr Alarm-, Zutritts- und Kamerasysteme. Kabeleinf\u00fchrung aus UV-best\u00e4ndigem Kunststoff f\u00fcr Kabeldurchmesser 4,5\u201310 mm. Kabelentladungsschutz und Sabotageschalter. Wei\u00df lackiertes Metall.<\/p>","protected":false},"excerpt":{"rendered":"<p>Anschlusskasten aus Metall mit 24 Schraubklemmen mit Aufzugsfunktion und interner Heizung f\u00fcr kalte Umgebungen. F\u00fcr Alarm-, Zutritts- und Kamerasysteme. Kabeleinf\u00fchrung aus UV-best\u00e4ndigem Kunststoff f\u00fcr Kabeldurchmesser 4,5\u201310 mm. Kabelentladungsschutz und Sabotagekontakt. Wei\u00df lackiert<\/p>","protected":false},"featured_media":142879,"template":"","meta":{"_acf_changed":false},"product_brand":[],"product_cat":[1545],"product_tag":[2225],"class_list":{"0":"post-52138","1":"product","2":"type-product","3":"status-publish","4":"has-post-thumbnail","6":"product_cat-kopplingsdosa-larmdosa","7":"product_tag-sabplint-utomhus-ovr","8":"product_shipping_class-tunga-paket","9":"pa_brands-alarmtech","10":"pa_farg-vit","11":"tm-no-options","13":"first","14":"outofstock","15":"sale","16":"taxable","17":"shipping-taxable","18":"purchasable","19":"product-type-simple"},"acf":[],"_links":{"self":[{"href":"https:\/\/secureus.se\/de\/wp-json\/wp\/v2\/product\/52138","targetHints":{"allow":["GET"]}}],"collection":[{"href":"https:\/\/secureus.se\/de\/wp-json\/wp\/v2\/product"}],"about":[{"href":"https:\/\/secureus.se\/de\/wp-json\/wp\/v2\/types\/product"}],"wp:featuredmedia":[{"embeddable":true,"href":"https:\/\/secureus.se\/de\/wp-json\/wp\/v2\/media\/142879"}],"wp:attachment":[{"href":"https:\/\/secureus.se\/de\/wp-json\/wp\/v2\/media?parent=52138"}],"wp:term":[{"taxonomy":"product_brand","embeddable":true,"href":"https:\/\/secureus.se\/de\/wp-json\/wp\/v2\/product_brand?post=52138"},{"taxonomy":"product_cat","embeddable":true,"href":"https:\/\/secureus.se\/de\/wp-json\/wp\/v2\/product_cat?post=52138"},{"taxonomy":"product_tag","embeddable":true,"href":"https:\/\/secureus.se\/de\/wp-json\/wp\/v2\/product_tag?post=52138"}],"curies":[{"name":"wp","href":"https:\/\/api.w.org\/{rel}","templated":true}]}}