{"id":52149,"date":"2022-06-29T13:09:57","date_gmt":"2022-06-29T11:09:57","guid":{"rendered":"https:\/\/secureus.se\/produkt\/larmset-k-dosa-16pol-sl-sk\/"},"modified":"2026-04-08T16:50:18","modified_gmt":"2026-04-08T14:50:18","slug":"larmset-k-dosa-16pol-sl-sk","status":"publish","type":"product","link":"https:\/\/secureus.se\/de\/larmset-k-dosa-16pol-sl-sk\/","title":{"rendered":"Alarmset K-Dosa 16Pol Sl\/Sk"},"content":{"rendered":"<p>Anschlussklemme zur Einbaumontage in Verteilerdose (Au\u00dfenma\u00df 82mm) mit ca. 67mm Lochabstand f\u00fcr Schraube. Klemmenblock mit 16 Schlitzklemmen (LSA) f\u00fcr eingehende Kabel (0,4\u20130,7 mm, Fl\u00e4che 0,14\u20130,4 mm2) und 16 Schraubklemmen mit Aufzugsfunktion f\u00fcr ausgehende Kabel (f\u00fcr mehradrige Kabel von 0,14\u20131 mm2). Lieferung mit einer quadratischen Abdeckung 92\u00d792 mm aus wei\u00dfem UL94-V0-Kunststoff.<\/p>","protected":false},"excerpt":{"rendered":"<p>Anschlussklemme zur Einbaumontage in Verteilerdose (Au\u00dfenma\u00df 82mm) mit ca. 67mm Lochabstand f\u00fcr Schraube. Klemmenblock mit 16 Schlitzklemmen (LSA) f\u00fcr eingehende Dr\u00e4hte (0,4\u20130,7 mm, Fl\u00e4che 0,14\u20130,4 mm2) und 16 Schraubklemmen<\/p>","protected":false},"featured_media":142902,"template":"","meta":{"_acf_changed":false},"product_brand":[],"product_cat":[1545],"product_tag":[2216,2222],"class_list":{"0":"post-52149","1":"product","2":"type-product","3":"status-publish","4":"has-post-thumbnail","6":"product_cat-kopplingsdosa-larmdosa","7":"product_tag-dosa-16-polig","8":"product_tag-dosa-for-kopplingsdosa-k-dosa","9":"product_shipping_class-postnord-varubrev","10":"pa_brands-alarmtech","11":"pa_farg-ovrigt","12":"tm-no-options","14":"first","15":"outofstock","16":"sale","17":"taxable","18":"shipping-taxable","19":"purchasable","20":"product-type-simple"},"acf":[],"_links":{"self":[{"href":"https:\/\/secureus.se\/de\/wp-json\/wp\/v2\/product\/52149","targetHints":{"allow":["GET"]}}],"collection":[{"href":"https:\/\/secureus.se\/de\/wp-json\/wp\/v2\/product"}],"about":[{"href":"https:\/\/secureus.se\/de\/wp-json\/wp\/v2\/types\/product"}],"wp:featuredmedia":[{"embeddable":true,"href":"https:\/\/secureus.se\/de\/wp-json\/wp\/v2\/media\/142902"}],"wp:attachment":[{"href":"https:\/\/secureus.se\/de\/wp-json\/wp\/v2\/media?parent=52149"}],"wp:term":[{"taxonomy":"product_brand","embeddable":true,"href":"https:\/\/secureus.se\/de\/wp-json\/wp\/v2\/product_brand?post=52149"},{"taxonomy":"product_cat","embeddable":true,"href":"https:\/\/secureus.se\/de\/wp-json\/wp\/v2\/product_cat?post=52149"},{"taxonomy":"product_tag","embeddable":true,"href":"https:\/\/secureus.se\/de\/wp-json\/wp\/v2\/product_tag?post=52149"}],"curies":[{"name":"wp","href":"https:\/\/api.w.org\/{rel}","templated":true}]}}