{"id":52163,"date":"2022-06-29T13:05:24","date_gmt":"2022-06-29T11:05:24","guid":{"rendered":"https:\/\/secureus.se\/produkt\/larmbox-8-pol-sl-skr\/"},"modified":"2026-03-26T11:40:29","modified_gmt":"2026-03-26T10:40:29","slug":"larmbox-8-pol-sl-skr","status":"publish","type":"product","link":"https:\/\/secureus.se\/de\/larmbox-8-pol-sl-skr\/","title":{"rendered":"Alarmbox 8-Pol Sl\/Skr"},"content":{"rendered":"<p>Leiteranschluss f\u00fcr 0,4\u20130,7 mm Drahtdurchmesser f\u00fcr die LSA-Klemme und 0,14\u20131 mm2 Draht f\u00fcr die Schraubklemme mit Liftfunktion. Separater Klemmenblock f\u00fcr ankommende und abgehende Kabel. Komplettes Produkt in einer kleinen wei\u00dfen Box aus UL94-V0-Kunststoff (flammfest und halogenfrei) in stabiler Dicke. Die Anschlussdose kann mit stapelbaren Wandabstandshaltern in 6 mm oder 13 mm L\u00e4nge, siehe 2581.06 (Enr. 5015236) oder 2581.13 (Enr. 5015238) und einem kleinen Wandschild, siehe 3132.01 (Enr. 5015560), erg\u00e4nzt werden.<\/p>","protected":false},"excerpt":{"rendered":"<p>Leiteranschluss f\u00fcr 0,4\u20130,7 mm Drahtdurchmesser f\u00fcr die LSA-Klemme und 0,14\u20131 mm2 Draht f\u00fcr die Schraubklemme mit Liftfunktion. Separater Klemmenblock f\u00fcr ankommende und abgehende Kabel. Komplettes Produkt in einer kleinen wei\u00dfen Box gem\u00e4\u00df UL94-V0<\/p>","protected":false},"featured_media":142539,"template":"","meta":{"_acf_changed":false},"product_brand":[],"product_cat":[1545],"product_tag":[2215],"class_list":{"0":"post-52163","1":"product","2":"type-product","3":"status-publish","4":"has-post-thumbnail","6":"product_cat-kopplingsdosa-larmdosa","7":"product_tag-dosa-8-polig","8":"product_shipping_class-postnord-varubrev","9":"pa_brands-alarmtech","10":"pa_farg-vit","11":"tm-no-options","13":"first","14":"outofstock","15":"sale","16":"taxable","17":"shipping-taxable","18":"purchasable","19":"product-type-simple"},"acf":[],"_links":{"self":[{"href":"https:\/\/secureus.se\/de\/wp-json\/wp\/v2\/product\/52163","targetHints":{"allow":["GET"]}}],"collection":[{"href":"https:\/\/secureus.se\/de\/wp-json\/wp\/v2\/product"}],"about":[{"href":"https:\/\/secureus.se\/de\/wp-json\/wp\/v2\/types\/product"}],"wp:featuredmedia":[{"embeddable":true,"href":"https:\/\/secureus.se\/de\/wp-json\/wp\/v2\/media\/142539"}],"wp:attachment":[{"href":"https:\/\/secureus.se\/de\/wp-json\/wp\/v2\/media?parent=52163"}],"wp:term":[{"taxonomy":"product_brand","embeddable":true,"href":"https:\/\/secureus.se\/de\/wp-json\/wp\/v2\/product_brand?post=52163"},{"taxonomy":"product_cat","embeddable":true,"href":"https:\/\/secureus.se\/de\/wp-json\/wp\/v2\/product_cat?post=52163"},{"taxonomy":"product_tag","embeddable":true,"href":"https:\/\/secureus.se\/de\/wp-json\/wp\/v2\/product_tag?post=52163"}],"curies":[{"name":"wp","href":"https:\/\/api.w.org\/{rel}","templated":true}]}}