{"id":52164,"date":"2022-06-29T13:04:51","date_gmt":"2022-06-29T11:04:51","guid":{"rendered":"https:\/\/secureus.se\/produkt\/minibox-tom-1-plint-2\/"},"modified":"2026-03-26T11:40:36","modified_gmt":"2026-03-26T10:40:36","slug":"minibox-tom-1-plint-2","status":"publish","type":"product","link":"https:\/\/secureus.se\/de\/minibox-tom-1-plint-2\/","title":{"rendered":"Minibox leer 1 Terminal"},"content":{"rendered":"<p>Leere Box mit vollem Deckel aus rotem Kunststoff, der UL94-V0 entspricht. Enth\u00e4lt eine Schraube f\u00fcr die Abdeckung und eine Schraube f\u00fcr den Klemmenblock. L\u00f6cher f\u00fcr das Kabel befinden sich auf der R\u00fcckseite der Box. Bitte mit stapelbaren Abstandshaltern 6 mm 2581.06 (5015236) oder 13 mm 2581.13 (5015238) und Wandschildplatte 3132.01 (5015560) erg\u00e4nzen.<\/p>","protected":false},"excerpt":{"rendered":"<p>Leere Box mit vollem Deckel aus rotem Kunststoff, der UL94-V0 entspricht. Enth\u00e4lt eine Schraube f\u00fcr die Abdeckung und eine Schraube f\u00fcr die Klemme. L\u00f6cher f\u00fcr das Kabel befinden sich auf der R\u00fcckseite der Box. Vollst\u00e4ndig<\/p>","protected":false},"featured_media":142314,"template":"","meta":{"_acf_changed":false},"product_brand":[],"product_cat":[1545],"product_tag":[],"class_list":{"0":"post-52164","1":"product","2":"type-product","3":"status-publish","4":"has-post-thumbnail","6":"product_cat-kopplingsdosa-larmdosa","7":"product_shipping_class-postnord-varubrev","8":"pa_brands-alarmtech","9":"tm-no-options","11":"first","12":"outofstock","13":"sale","14":"taxable","15":"shipping-taxable","16":"purchasable","17":"product-type-simple"},"acf":[],"_links":{"self":[{"href":"https:\/\/secureus.se\/de\/wp-json\/wp\/v2\/product\/52164","targetHints":{"allow":["GET"]}}],"collection":[{"href":"https:\/\/secureus.se\/de\/wp-json\/wp\/v2\/product"}],"about":[{"href":"https:\/\/secureus.se\/de\/wp-json\/wp\/v2\/types\/product"}],"wp:featuredmedia":[{"embeddable":true,"href":"https:\/\/secureus.se\/de\/wp-json\/wp\/v2\/media\/142314"}],"wp:attachment":[{"href":"https:\/\/secureus.se\/de\/wp-json\/wp\/v2\/media?parent=52164"}],"wp:term":[{"taxonomy":"product_brand","embeddable":true,"href":"https:\/\/secureus.se\/de\/wp-json\/wp\/v2\/product_brand?post=52164"},{"taxonomy":"product_cat","embeddable":true,"href":"https:\/\/secureus.se\/de\/wp-json\/wp\/v2\/product_cat?post=52164"},{"taxonomy":"product_tag","embeddable":true,"href":"https:\/\/secureus.se\/de\/wp-json\/wp\/v2\/product_tag?post=52164"}],"curies":[{"name":"wp","href":"https:\/\/api.w.org\/{rel}","templated":true}]}}