{"id":52185,"date":"2022-06-29T12:59:18","date_gmt":"2022-06-29T10:59:18","guid":{"rendered":"https:\/\/secureus.se\/produkt\/larmbox-16-pol-10-kohm\/"},"modified":"2026-04-08T16:47:48","modified_gmt":"2026-04-08T14:47:48","slug":"larmbox-16-pol-10-kohm","status":"publish","type":"product","link":"https:\/\/secureus.se\/de\/larmbox-16-pol-10-kohm\/","title":{"rendered":"Alarmbox 16 Pole 1,0 Kohm"},"content":{"rendered":"<p>Leiteranschluss f\u00fcr 0,4\u20130,7 mm Drahtdurchmesser. Separater Klemmenblock f\u00fcr ankommende und abgehende Kabel. Komplettes Produkt in einer kleinen wei\u00dfen Box aus UL94-V0-Kunststoff (flammfest und halogenfrei) in stabiler Dicke. Die Anschlussdose kann mit stapelbaren Wandabstandshaltern in 6 mm oder 13 mm L\u00e4nge, siehe 2581.06 (Enr. 5015236) oder 2581.13 (Enr. 5015238) und einem kleinen Wandschild, siehe 3132.01 (Enr. 5015560), erg\u00e4nzt werden.<\/p>","protected":false},"excerpt":{"rendered":"<p>Leiteranschluss f\u00fcr 0,4\u20130,7 mm Drahtdurchmesser. Separater Klemmenblock f\u00fcr ankommende und abgehende Kabel. Komplettes Produkt in einer kleinen wei\u00dfen Box aus UL94-V0-Kunststoff (flammfest und halogenfrei) in stabiler Dicke. Der Anschlusskasten kann erg\u00e4nzt werden<\/p>","protected":false},"featured_media":142395,"template":"","meta":{"_acf_changed":false},"product_brand":[],"product_cat":[1545],"product_tag":[2216],"class_list":{"0":"post-52185","1":"product","2":"type-product","3":"status-publish","4":"has-post-thumbnail","6":"product_cat-kopplingsdosa-larmdosa","7":"product_tag-dosa-16-polig","8":"product_shipping_class-postnord-varubrev","9":"pa_brands-alarmtech","10":"pa_farg-vit","11":"tm-no-options","13":"first","14":"outofstock","15":"sale","16":"taxable","17":"shipping-taxable","18":"purchasable","19":"product-type-simple"},"acf":[],"_links":{"self":[{"href":"https:\/\/secureus.se\/de\/wp-json\/wp\/v2\/product\/52185","targetHints":{"allow":["GET"]}}],"collection":[{"href":"https:\/\/secureus.se\/de\/wp-json\/wp\/v2\/product"}],"about":[{"href":"https:\/\/secureus.se\/de\/wp-json\/wp\/v2\/types\/product"}],"wp:featuredmedia":[{"embeddable":true,"href":"https:\/\/secureus.se\/de\/wp-json\/wp\/v2\/media\/142395"}],"wp:attachment":[{"href":"https:\/\/secureus.se\/de\/wp-json\/wp\/v2\/media?parent=52185"}],"wp:term":[{"taxonomy":"product_brand","embeddable":true,"href":"https:\/\/secureus.se\/de\/wp-json\/wp\/v2\/product_brand?post=52185"},{"taxonomy":"product_cat","embeddable":true,"href":"https:\/\/secureus.se\/de\/wp-json\/wp\/v2\/product_cat?post=52185"},{"taxonomy":"product_tag","embeddable":true,"href":"https:\/\/secureus.se\/de\/wp-json\/wp\/v2\/product_tag?post=52185"}],"curies":[{"name":"wp","href":"https:\/\/api.w.org\/{rel}","templated":true}]}}