{"id":52195,"date":"2022-06-29T12:56:21","date_gmt":"2022-06-29T10:56:21","guid":{"rendered":"https:\/\/secureus.se\/produkt\/sakringsbox-10-30v-dc-ac-skruv\/"},"modified":"2026-04-08T16:55:07","modified_gmt":"2026-04-08T14:55:07","slug":"sakringsbox-10-30v-dc-ac-skruv","status":"publish","type":"product","link":"https:\/\/secureus.se\/de\/sakringsbox-10-30v-dc-ac-skruv\/","title":{"rendered":"Sicherungskasten 10-30 V DC\/AC Schraube"},"content":{"rendered":"<p>Zur Aufteilung der Stromversorgung 10A auf 5 Abschnitte. 2-polig abgesichert mit max. 2A. Relais in Reihe mit LED zur Anzeige einer vollen Sicherung, gilt sowohl f\u00fcr + als auch f\u00fcr \u2013. Vollst\u00e4ndiger Alarm beim Schlie\u00dfen oder Brechen. Der Deckel verf\u00fcgt \u00fcber eine Signatur\u00f6ffnung (Signaturterminal ist im Produkt enthalten). Die Box kann mit stapelbaren Wandabstandhaltern 6mm oder 13mm lang 2581.06 (5015236), 2581.13 (5015238) sowie Wandschild\/Beschriftungsplatte 3132.01 (5015560) erg\u00e4nzt werden.<\/p>","protected":false},"excerpt":{"rendered":"<p>Zur Aufteilung der Stromversorgung 10A auf 5 Abschnitte. 2-polig abgesichert mit max. 2A. Relais in Reihe mit LED zur Anzeige einer vollen Sicherung, gilt sowohl f\u00fcr + als auch f\u00fcr \u2013. Totalalarm ausgeschaltet<\/p>","protected":false},"featured_media":142955,"template":"","meta":{"_acf_changed":false},"product_brand":[],"product_cat":[1545],"product_tag":[2223],"class_list":{"0":"post-52195","1":"product","2":"type-product","3":"status-publish","4":"has-post-thumbnail","6":"product_cat-kopplingsdosa-larmdosa","7":"product_tag-dosa-med-rela-sokring","8":"product_shipping_class-postnord-varubrev","9":"pa_brands-alarmtech","10":"pa_farg-ovrigt","11":"tm-no-options","13":"first","14":"outofstock","15":"sale","16":"taxable","17":"shipping-taxable","18":"purchasable","19":"product-type-simple"},"acf":[],"_links":{"self":[{"href":"https:\/\/secureus.se\/de\/wp-json\/wp\/v2\/product\/52195","targetHints":{"allow":["GET"]}}],"collection":[{"href":"https:\/\/secureus.se\/de\/wp-json\/wp\/v2\/product"}],"about":[{"href":"https:\/\/secureus.se\/de\/wp-json\/wp\/v2\/types\/product"}],"wp:featuredmedia":[{"embeddable":true,"href":"https:\/\/secureus.se\/de\/wp-json\/wp\/v2\/media\/142955"}],"wp:attachment":[{"href":"https:\/\/secureus.se\/de\/wp-json\/wp\/v2\/media?parent=52195"}],"wp:term":[{"taxonomy":"product_brand","embeddable":true,"href":"https:\/\/secureus.se\/de\/wp-json\/wp\/v2\/product_brand?post=52195"},{"taxonomy":"product_cat","embeddable":true,"href":"https:\/\/secureus.se\/de\/wp-json\/wp\/v2\/product_cat?post=52195"},{"taxonomy":"product_tag","embeddable":true,"href":"https:\/\/secureus.se\/de\/wp-json\/wp\/v2\/product_tag?post=52195"}],"curies":[{"name":"wp","href":"https:\/\/api.w.org\/{rel}","templated":true}]}}