{"id":52199,"date":"2022-06-29T12:55:28","date_gmt":"2022-06-29T10:55:28","guid":{"rendered":"https:\/\/secureus.se\/produkt\/karmoverforing-28401-250cm\/"},"modified":"2026-04-08T17:01:35","modified_gmt":"2026-04-08T15:01:35","slug":"karmoverforing-28401-250cm","status":"publish","type":"product","link":"https:\/\/secureus.se\/de\/karmoverforing-28401-250cm\/","title":{"rendered":"Rahmen\u00fcbertragung 28401-250Cm"},"content":{"rendered":"<p>Boxen im Mini-Format (28401.03) mit RJ45-Anschluss und jeweils 10 Schraubanschl\u00fcssen, davon zwei als Sabotage-\/\u00d6ffnungsschutz. Spiralkabel in der L\u00e4nge 2500 mm, was der empfohlenen Auszugsl\u00e4nge entspricht. Im Ruhezustand ist das Spiralkabel ca. 750 mm lang. 8 farbige F\u00e4den<\/p>","protected":false},"excerpt":{"rendered":"<p>Boxen im Mini-Format (28401.03) mit RJ45-Anschluss und jeweils 10 Schraubanschl\u00fcssen, davon zwei als Sabotage-\/\u00d6ffnungsschutz. Spiralkabel in der L\u00e4nge 2500 mm, was der empfohlenen Auszugsl\u00e4nge entspricht. Im Ruhezustand ist das Spiralkabel ca. 750 mm lang. 8 farbig<\/p>","protected":false},"featured_media":156729,"template":"","meta":{"_acf_changed":false},"product_brand":[],"product_cat":[1546],"product_tag":[],"class_list":{"0":"post-52199","1":"product","2":"type-product","3":"status-publish","4":"has-post-thumbnail","6":"product_cat-kabeloverforing","7":"product_shipping_class-postnord-varubrev","8":"tm-no-options","10":"first","11":"instock","12":"sale","13":"taxable","14":"shipping-taxable","15":"purchasable","16":"product-type-simple"},"acf":[],"_links":{"self":[{"href":"https:\/\/secureus.se\/de\/wp-json\/wp\/v2\/product\/52199","targetHints":{"allow":["GET"]}}],"collection":[{"href":"https:\/\/secureus.se\/de\/wp-json\/wp\/v2\/product"}],"about":[{"href":"https:\/\/secureus.se\/de\/wp-json\/wp\/v2\/types\/product"}],"wp:featuredmedia":[{"embeddable":true,"href":"https:\/\/secureus.se\/de\/wp-json\/wp\/v2\/media\/156729"}],"wp:attachment":[{"href":"https:\/\/secureus.se\/de\/wp-json\/wp\/v2\/media?parent=52199"}],"wp:term":[{"taxonomy":"product_brand","embeddable":true,"href":"https:\/\/secureus.se\/de\/wp-json\/wp\/v2\/product_brand?post=52199"},{"taxonomy":"product_cat","embeddable":true,"href":"https:\/\/secureus.se\/de\/wp-json\/wp\/v2\/product_cat?post=52199"},{"taxonomy":"product_tag","embeddable":true,"href":"https:\/\/secureus.se\/de\/wp-json\/wp\/v2\/product_tag?post=52199"}],"curies":[{"name":"wp","href":"https:\/\/api.w.org\/{rel}","templated":true}]}}